{"id":2625,"date":"2024-03-04T12:13:55","date_gmt":"2024-03-04T11:13:55","guid":{"rendered":"https:\/\/debuffel.nl\/datenschutzbestimmungen\/"},"modified":"2024-04-24T12:16:14","modified_gmt":"2024-04-24T10:16:14","slug":"datenschutzbestimmungen","status":"publish","type":"page","link":"https:\/\/debuffel.nl\/de\/datenschutzbestimmungen\/","title":{"rendered":"Datenschutzbestimmungen"},"content":{"rendered":"<p><a href=\"\/de\/\"><img decoding=\"async\" src=\"\/wp-content\/uploads\/2024\/03\/Logo-De-Buffel.svg\" alt=\"\"><\/a><br \/>\n<img decoding=\"async\" src=\"\/wp-content\/uploads\/2024\/03\/Top-image-01-1.jpg\" alt=\"\"><\/p>\n<h1>Datenschutzbestimmungen<\/h1>\n<div>\n<h3>Datenschutzrichtlinie der Stiftung \u201eRamtorenschip Buffel\u201c.<\/h3>\n<p>Ab dem 25. Mai 2018 verlangt die neue Datenschutz-Grundverordnung von Organisationen, eine Reihe von Antworten bereitzustellen, die in die Datenschutzrichtlinie aufgenommen werden m\u00fcssen. Nachfolgend finden Sie die Datenschutzrichtlinie der Stiftung \u201eRamtorenschip Buffel\u201c.<\/p>\n<p>1. Der Zweck der Speicherung personenbezogener Daten besteht darin, Freiwillige, Sponsoren, Partner und Verwandte anschreiben zu k\u00f6nnen. Dazu geh\u00f6rt das Versenden von Ank\u00fcndigungen und Einladungen, das Verfolgen von Jubil\u00e4en und Liebsten, das F\u00fchren von Statistiken, das Einladen bestehender Sponsoren zu einer neuen Spende und das Versenden des Newsletters.<\/p>\n<p>2. Der Vorstand ist f\u00fcr den Schutz personenbezogener Daten verantwortlich<\/p>\n<p>3. Die folgenden personenbezogenen Daten werden in die Datei aufgenommen und in einer \u00dcbersicht bereitgestellt:<br \/>Name, Adresse, Wohnort, Telefonnummer, E-Mail-Adresse, Startdatum der Freiwilligenarbeit. Name, Adresse, Telefonnummer, E-Mail-Adresse, Bankkontonummer des Sponsors. Liste der Lieferanten.<br \/>Die private Mitgliederseite der Website der Stiftung (www.debuffel.nl), die passwortgesch\u00fctzt ist, enth\u00e4lt eine Freiwilligenliste mit folgenden Informationen: Name, Adresse, Wohnort, Telefonnummer, E-Mail-Adresse, Startdatum der Freiwilligenarbeit. Diese Liste wird nach jeder Aktualisierung der kollektiven kommunalen Freiwilligenversicherung auch an die Gemeinde Hellevoetsluis gesendet.<\/p>\n<p>4. Es werden keine besonderen personenbezogenen Daten wie Religion oder Weltanschauung, Rasse, politische Meinung, Gesundheit, sexuelle Vorlieben, Mitgliedschaft in einer Gewerkschaft oder politischen Partei, strafrechtlich relevante personenbezogene Daten und personenbezogene Daten \u00fcber rechtswidriges oder bel\u00e4stigendes Verhalten im Zusammenhang mit einem Verbot gespeichert aufgrund dieses Verhaltens auferlegte genetische und biometrische Merkmale. Letzteres umfasst Fingerabdr\u00fccke, Stimme, Handschrift, Geometrie des Handumfangs sowie Scans von Netzhaut, Iris und Gesicht. Es gilt keine gesetzliche Ausnahmeregelung.<\/p>\n<p>5. In der Freiwilligen- und Sponsorenvereinbarung ist angegeben, wie die Adressdaten gespeichert werden und dass diese Daten nicht an Dritte weitergegeben werden (mit Ausnahme der Gemeinde Hellevoetsluis). Sponsoren werden auf der Website nur nach schriftlicher Genehmigung (ggf. mit Firmenlogo) abgebildet.<\/p>\n<p>6. Der folgende Text ist im \u201eBuffel Volunteer Registration Form\u201c enthalten: Wir werden Ihre Datenschutzdaten sorgf\u00e4ltig behandeln.<br \/>Sind Sie damit einverstanden, dass Ihr Name, Ihre Telefonnummer und Ihre E-Mail-Adresse an die st\u00e4dtische Freiwilligenbank weitergegeben werden im Zusammenhang mit: Freiwilligenversicherung? Ja\/Nein (nicht zutreffendes streichen).<br \/>Sind Sie damit einverstanden, dass dieselben Daten auch an andere Freiwillige in der sogenannten Anruf-\/Mailliste weitergegeben werden? : Ja Nein. Sind Sie mit der Datenschutzrichtlinie der Stiftung \u201eRamtorenschip Buffel\u201c einverstanden? : Ja Nein.<\/p>\n<p>7. Auf Anfrage an den Schatzmeister oder Schriftf\u00fchrer erh\u00e4lt der Freiwillige oder Sponsor Zugang zu seinen registrierten Daten (sofern die Daten anderer unleserlich gemacht wurden).<\/p>\n<p>8. Die Adressdaten werden auf dem Schiffscomputer (B\u00fcro) und den Computern des Vorsitzenden, des Schatzmeisters und des Schriftf\u00fchrers gespeichert und mit wirksamen Passw\u00f6rtern gesch\u00fctzt. Diese Daten sind auch in der sicheren Umgebung der Website sichtbar. (Nur f\u00fcr Vorstand und Freiwillige zug\u00e4nglich).<\/p>\n<p>9. Der Schriftf\u00fchrer und der Schatzmeister erstellen regelm\u00e4\u00dfig eine Sicherungskopie der Datendatei und senden eine Kopie an den Vorsitzenden. Eine Sicherung der Datendatei wird ebenfalls in einer sicheren Umgebung gespeichert.<\/p>\n<p>10. Das Dokument ist passwortgesch\u00fctzt. Die PCs sind ausreichend mit Antiviren- und Anti-Malware-Programmen gesch\u00fctzt.<\/p>\n<p>11. Der Vorsitzende, der Schatzmeister und der Schriftf\u00fchrer haben Einsicht in die Akten mit personenbezogenen Daten.<\/p>\n<p>12. Der Schatzmeister ist der Datenschutzbeauftragte innerhalb der Organisation.<\/p>\n<p>13. Mit Dritten, die die personenbezogenen Daten f\u00fcr eigene Zwecke nutzen, werden keine Vertr\u00e4ge geschlossen.<\/p>\n<p>14. Im Falle m\u00f6glicher Datenlecks werden der Schatzmeister oder der Schriftf\u00fchrer, sobald sie informiert wurden, Ehrenamtliche, Verwandte, Partner, Sponsoren und Kunden \u00fcber das Datenleck informieren.<\/p>\n<p>15. Wenn Sie (Besucher) Eintrittskarten online oder telefonisch erwerben oder eine Online-Reservierung f\u00fcr einen Verleih oder Gruppenbesuch vornehmen m\u00f6chten, bitten wir Sie um die Angabe personenbezogener Daten. Diese Informationen sind f\u00fcr die Erbringung der Dienstleistung erforderlich und werden verwendet, beispielsweise f\u00fcr den Versand der Karten an Ihre E-Mail-Adresse und die Erstellung eines Angebots, einer Rechnung oder der Zusendung einer Best\u00e4tigung und Bewertung. Die von Ihnen bereitgestellten oder \u00fcber andere Funktionen bereitgestellten Informationen werden in unserer Datenbank gespeichert und wir k\u00f6nnen sie f\u00fcr Forschungszwecke verwenden. Wir werden alle geltenden Datenschutzgesetze und -vorschriften einhalten. Wir speichern Ihre personenbezogenen Daten nicht l\u00e4nger, als es zur Erreichung der Zwecke, f\u00fcr die die Informationen erhoben wurden, erforderlich ist. Wir geben Ihre Daten nicht an Dritte weiter. Wir legen gro\u00dfen Wert auf eine gute Sicherheit personenbezogener Daten und haben geeignete technische und organisatorische Ma\u00dfnahmen ergriffen, um diese Daten vor Verlust oder jeglicher Form unrechtm\u00e4\u00dfiger Verarbeitung zu sch\u00fctzen.<\/p>\n<p>16. De Buffel ist mit einer Kamera\u00fcberwachung ausgestattet, deren Bilder mit einem Datenrekorder aufgezeichnet werden. Diese Bilder werden maximal 1 Monat lang aufbewahrt und anschlie\u00dfend gel\u00f6scht. Eine Weitergabe der Bilder an Dritte erfolgt nicht, mit Ausnahme von Bildern, auf denen Straftaten festgehalten sind, die auf Anfrage der Polizei und\/oder Staatsanwaltschaft im Rahmen der geltenden gesetzlichen Beschr\u00e4nkungen zur Verf\u00fcgung gestellt werden k\u00f6nnen. Eine \u00dcbersicht \u00fcber die Kamerapositionen und den Monitor an Bord finden Sie in der folgenden \u00dcbersicht.<\/p>\n<\/p>\n<\/div>\n<table>\n<thead>\n<tr>\n<th>Kamera<\/th>\n<th>Standort<\/th>\n<th>Sichtbar auf<\/th>\n<\/tr>\n<\/thead>\n<tbody>\n<tr>\n<td>1<\/td>\n<td>Schornstein (Vorder-, Achterdeck)<\/td>\n<td>\n<p>Kasse \u00fcberwachen\/Anmelden*<\/p>\n<\/td>\n<\/tr>\n<tr>\n<td>2<\/td>\n<td>Schornstein (Gangway und Notgangway)<\/td>\n<td>\n<p>Kasse \u00fcberwachen\/Anmelden*<\/p>\n<\/td>\n<\/tr>\n<tr>\n<td>3<\/td>\n<td>Backbereich<\/td>\n<td>\n<p>Kasse \u00fcberwachen\/Anmelden*<\/p>\n<\/td>\n<\/tr>\n<tr>\n<td>4<\/td>\n<td>Brunnendeck (vorne)<\/td>\n<td>\n<p>Kasse \u00fcberwachen\/Anmelden*<\/p>\n<\/td>\n<\/tr>\n<tr>\n<td>5<\/td>\n<td>Longroom (r\u00fcckw\u00e4rts)<\/td>\n<td>\n<p>Kasse \u00fcberwachen\/Anmelden*<\/p>\n<\/td>\n<\/tr>\n<tr>\n<td>6<\/td>\n<td>Ausstellungsdeck (vorne-hinten)<\/td>\n<td>\n<p>Kasse \u00fcberwachen\/Anmelden*<\/p>\n<\/td>\n<\/tr>\n<\/tbody>\n<\/table>\n<div>\n<p><em>* Das Sicherheitsunternehmen BMC und eine Reihe ausgew\u00e4hlter Freiwilliger (verantwortlich f\u00fcr das \u00d6ffnen und Schlie\u00dfen) haben \u00fcber einen Login-Code und ein Passwort Zugriff auf die Kamera\u00fcberwachungsbilder.<\/em><\/p>\n<\/div>\n<p><!--more--><br \/>\n<!-- {\"type\":\"layout\",\"children\":[{\"type\":\"section\",\"props\":{\"image_position\":\"center-center\",\"padding\":\"none\",\"padding_remove_bottom\":true,\"style\":\"default\",\"title_breakpoint\":\"xl\",\"title_position\":\"top-left\",\"title_rotation\":\"left\",\"vertical_align\":\"middle\",\"width\":\"expand\"},\"children\":[{\"type\":\"row\",\"props\":{\"column_gap\":\"collapse\",\"css\":\".uk-nav-primary> li > a {\\nbackground: linear-gradient(#ffffff 0 0) no-repeat;\\n  background-size: 0%;\\n  transition: .4s;\\npadding: 5px}\\n\\n.uk-nav-primary > li > a:hover {\\n  background-size: 100%;\\n  transition: .4s;}\\n\\n.uk-nav-sub > li > a {\\nbackground: linear-gradient(#ffffff 0 0) no-repeat;\\n  background-size: 0%;\\n  transition: .4s;\\npadding: 5px}\\n\\n.uk-nav-sub > li > a:hover {\\n  background-size: 100%;\\n  transition: .4s;}\\n\\n.uk-nav-sub li.uk-active > a {\\nbackground: linear-gradient(#ffffff 0 0) no-repeat;\\n  background-size: 100%;}\",\"layout\":\"large,expand\",\"margin\":\"remove-vertical\",\"parallax\":true,\"parallax_end\":\"100vh\",\"parallax_start\":\"100vh\",\"width\":\"expand\"},\"children\":[{\"type\":\"column\",\"props\":{\"css\":\".el-column { background: linear-gradient(260deg,#1A2980,#2684c4);}\\n\\n.el-element { padding-left: 40px;}\",\"image_position\":\"center-center\",\"position_sticky\":\"column\",\"position_sticky_breakpoint\":\"m\",\"width_medium\":\"medium\"},\"children\":[{\"type\":\"image\",\"props\":{\"image\":\"wp-content\\\/uploads\\\/2024\\\/03\\\/Logo-De-Buffel.svg\",\"image_svg_color\":\"emphasis\",\"image_width\":200,\"link\":\"de\\\/\",\"margin\":\"default\",\"position\":\"absolute\",\"position_left\":\"-15\",\"text_align\":\"center\",\"visibility\":\"l\"}},{\"type\":\"module_position\",\"props\":{\"animation\":\"none\",\"breakpoint\":\"m\",\"content\":\"sidebar\",\"layout\":\"stack\",\"position\":\"relative\",\"position_left\":\"-10\",\"position_top\":\"40vh\",\"visibility\":\"l\"}},{\"type\":\"module_position\",\"props\":{\"animation\":\"none\",\"breakpoint\":\"m\",\"class\":\"uk-sticky\",\"content\":\"builder-1\",\"css\":\".el-element a { font-size: 18px;}\",\"layout\":\"stack\",\"margin\":\"remove-vertical\",\"position\":\"absolute\",\"position_bottom\":\"-80vh\",\"position_left\":\"-10\",\"vertical_align\":false,\"visibility\":\"l\"}}]},{\"type\":\"column\",\"props\":{\"image_position\":\"center-center\",\"position_sticky_breakpoint\":\"m\",\"width_medium\":\"expand\"},\"children\":[{\"type\":\"fragment\",\"props\":{\"margin\":\"default\"},\"children\":[{\"type\":\"row\",\"props\":{\"class\":\"uk-visible@m\",\"column_gap\":\"collapse\",\"height\":\"viewport\",\"height_offset_top\":true,\"height_viewport\":60,\"margin\":\"remove-vertical\",\"parallax\":false,\"row_gap\":\"collapse\",\"width\":\"expand\"},\"children\":[{\"type\":\"column\",\"props\":{\"image\":\"wp-content\\\/uploads\\\/2024\\\/03\\\/Top-image-01-1.jpg\",\"image_effect\":\"parallax\",\"image_parallax_bgy\":\"500\",\"image_parallax_target\":\"![class*='uk-section-'] ~ [class*='uk-section-']\",\"image_position\":\"center-center\",\"padding\":\"none\",\"position_sticky_breakpoint\":\"m\",\"position_sticky_offset\":\"100px\"}}]},{\"type\":\"row\",\"props\":{\"class\":\"uk-hidden@m\",\"margin_remove_top\":true},\"children\":[{\"type\":\"column\",\"props\":{\"image_position\":\"center-center\",\"position_sticky_breakpoint\":\"m\"},\"children\":[{\"type\":\"image\",\"props\":{\"image\":\"wp-content\\\/uploads\\\/2024\\\/03\\\/Top-image-01-1.jpg\",\"image_svg_color\":\"emphasis\",\"margin\":\"default\"}}]}]},{\"type\":\"row\",\"props\":{\"column_gap\":\"collapse\",\"css\":\".el-row {\\n  padding-left: 10px;\\n    padding-right: 10px;}\",\"margin\":\"default\",\"row_gap\":\"collapse\",\"width\":\"default\"},\"children\":[{\"type\":\"column\",\"props\":{\"image_position\":\"center-center\",\"padding\":\"none\",\"position_sticky_breakpoint\":\"m\",\"position_sticky_offset\":\"50vh -50%\",\"style\":\"tile-default\"},\"children\":[{\"type\":\"headline\",\"props\":{\"content\":\"Datenschutzbestimmungen\",\"title_element\":\"h1\"}},{\"type\":\"text\",\"props\":{\"column_breakpoint\":\"m\",\"content\":\"\n\n<h3>Datenschutzrichtlinie der Stiftung \\u201eRamtorenschip Buffel\\u201c.<\\\/h3>\\n\n\n<p>Ab dem 25. Mai 2018 verlangt die neue Datenschutz-Grundverordnung von Organisationen, eine Reihe von Antworten bereitzustellen, die in die Datenschutzrichtlinie aufgenommen werden m\\u00fcssen. Nachfolgend finden Sie die Datenschutzrichtlinie der Stiftung \\u201eRamtorenschip Buffel\\u201c.<\\\/p>\\n\n\n<p>1. Der Zweck der Speicherung personenbezogener Daten besteht darin, Freiwillige, Sponsoren, Partner und Verwandte anschreiben zu k\\u00f6nnen. Dazu geh\\u00f6rt das Versenden von Ank\\u00fcndigungen und Einladungen, das Verfolgen von Jubil\\u00e4en und Liebsten, das F\\u00fchren von Statistiken, das Einladen bestehender Sponsoren zu einer neuen Spende und das Versenden des Newsletters.<\\\/p>\\n\n\n<p>2. Der Vorstand ist f\\u00fcr den Schutz personenbezogener Daten verantwortlich<\\\/p>\\n\n\n<p>3. Die folgenden personenbezogenen Daten werden in die Datei aufgenommen und in einer \\u00dcbersicht bereitgestellt:<br \\\/>Name, Adresse, Wohnort, Telefonnummer, E-Mail-Adresse, Startdatum der Freiwilligenarbeit. Name, Adresse, Telefonnummer, E-Mail-Adresse, Bankkontonummer des Sponsors. Liste der Lieferanten.<br \\\/>Die private Mitgliederseite der Website der Stiftung (www.debuffel.nl), die passwortgesch\\u00fctzt ist, enth\\u00e4lt eine Freiwilligenliste mit folgenden Informationen: Name, Adresse, Wohnort, Telefonnummer, E-Mail-Adresse, Startdatum der Freiwilligenarbeit. Diese Liste wird nach jeder Aktualisierung der kollektiven kommunalen Freiwilligenversicherung auch an die Gemeinde Hellevoetsluis gesendet.<\\\/p>\\n\n\n<p>4. Es werden keine besonderen personenbezogenen Daten wie Religion oder Weltanschauung, Rasse, politische Meinung, Gesundheit, sexuelle Vorlieben, Mitgliedschaft in einer Gewerkschaft oder politischen Partei, strafrechtlich relevante personenbezogene Daten und personenbezogene Daten \\u00fcber rechtswidriges oder bel\\u00e4stigendes Verhalten im Zusammenhang mit einem Verbot gespeichert aufgrund dieses Verhaltens auferlegte genetische und biometrische Merkmale. Letzteres umfasst Fingerabdr\\u00fccke, Stimme, Handschrift, Geometrie des Handumfangs sowie Scans von Netzhaut, Iris und Gesicht. Es gilt keine gesetzliche Ausnahmeregelung.<\\\/p>\\n\n\n<p>5. In der Freiwilligen- und Sponsorenvereinbarung ist angegeben, wie die Adressdaten gespeichert werden und dass diese Daten nicht an Dritte weitergegeben werden (mit Ausnahme der Gemeinde Hellevoetsluis). Sponsoren werden auf der Website nur nach schriftlicher Genehmigung (ggf. mit Firmenlogo) abgebildet.<\\\/p>\\n\n\n<p>6. Der folgende Text ist im \\u201eBuffel Volunteer Registration Form\\u201c enthalten: Wir werden Ihre Datenschutzdaten sorgf\\u00e4ltig behandeln.<br \\\/>Sind Sie damit einverstanden, dass Ihr Name, Ihre Telefonnummer und Ihre E-Mail-Adresse an die st\\u00e4dtische Freiwilligenbank weitergegeben werden im Zusammenhang mit: Freiwilligenversicherung? Ja\\\/Nein (nicht zutreffendes streichen).<br \\\/>Sind Sie damit einverstanden, dass dieselben Daten auch an andere Freiwillige in der sogenannten Anruf-\\\/Mailliste weitergegeben werden? : Ja Nein. Sind Sie mit der Datenschutzrichtlinie der Stiftung \\u201eRamtorenschip Buffel\\u201c einverstanden? : Ja Nein.<\\\/p>\\n\n\n<p>7. Auf Anfrage an den Schatzmeister oder Schriftf\\u00fchrer erh\\u00e4lt der Freiwillige oder Sponsor Zugang zu seinen registrierten Daten (sofern die Daten anderer unleserlich gemacht wurden).<\\\/p>\\n\n\n<p>8. Die Adressdaten werden auf dem Schiffscomputer (B\\u00fcro) und den Computern des Vorsitzenden, des Schatzmeisters und des Schriftf\\u00fchrers gespeichert und mit wirksamen Passw\\u00f6rtern gesch\\u00fctzt. Diese Daten sind auch in der sicheren Umgebung der Website sichtbar. (Nur f\\u00fcr Vorstand und Freiwillige zug\\u00e4nglich).<\\\/p>\\n\n\n<p>9. Der Schriftf\\u00fchrer und der Schatzmeister erstellen regelm\\u00e4\\u00dfig eine Sicherungskopie der Datendatei und senden eine Kopie an den Vorsitzenden. Eine Sicherung der Datendatei wird ebenfalls in einer sicheren Umgebung gespeichert.<\\\/p>\\n\n\n<p>10. Das Dokument ist passwortgesch\\u00fctzt. Die PCs sind ausreichend mit Antiviren- und Anti-Malware-Programmen gesch\\u00fctzt.<\\\/p>\\n\n\n<p>11. Der Vorsitzende, der Schatzmeister und der Schriftf\\u00fchrer haben Einsicht in die Akten mit personenbezogenen Daten.<\\\/p>\\n\n\n<p>12. Der Schatzmeister ist der Datenschutzbeauftragte innerhalb der Organisation.<\\\/p>\\n\n\n<p>13. Mit Dritten, die die personenbezogenen Daten f\\u00fcr eigene Zwecke nutzen, werden keine Vertr\\u00e4ge geschlossen.<\\\/p>\\n\n\n<p>14. Im Falle m\\u00f6glicher Datenlecks werden der Schatzmeister oder der Schriftf\\u00fchrer, sobald sie informiert wurden, Ehrenamtliche, Verwandte, Partner, Sponsoren und Kunden \\u00fcber das Datenleck informieren.<\\\/p>\\n\n\n<p>15. Wenn Sie (Besucher) Eintrittskarten online oder telefonisch erwerben oder eine Online-Reservierung f\\u00fcr einen Verleih oder Gruppenbesuch vornehmen m\\u00f6chten, bitten wir Sie um die Angabe personenbezogener Daten. Diese Informationen sind f\\u00fcr die Erbringung der Dienstleistung erforderlich und werden verwendet, beispielsweise f\\u00fcr den Versand der Karten an Ihre E-Mail-Adresse und die Erstellung eines Angebots, einer Rechnung oder der Zusendung einer Best\\u00e4tigung und Bewertung. Die von Ihnen bereitgestellten oder \\u00fcber andere Funktionen bereitgestellten Informationen werden in unserer Datenbank gespeichert und wir k\\u00f6nnen sie f\\u00fcr Forschungszwecke verwenden. Wir werden alle geltenden Datenschutzgesetze und -vorschriften einhalten. Wir speichern Ihre personenbezogenen Daten nicht l\\u00e4nger, als es zur Erreichung der Zwecke, f\\u00fcr die die Informationen erhoben wurden, erforderlich ist. Wir geben Ihre Daten nicht an Dritte weiter. Wir legen gro\\u00dfen Wert auf eine gute Sicherheit personenbezogener Daten und haben geeignete technische und organisatorische Ma\\u00dfnahmen ergriffen, um diese Daten vor Verlust oder jeglicher Form unrechtm\\u00e4\\u00dfiger Verarbeitung zu sch\\u00fctzen.<\\\/p>\\n\n\n<p>16. De Buffel ist mit einer Kamera\\u00fcberwachung ausgestattet, deren Bilder mit einem Datenrekorder aufgezeichnet werden. Diese Bilder werden maximal 1 Monat lang aufbewahrt und anschlie\\u00dfend gel\\u00f6scht. Eine Weitergabe der Bilder an Dritte erfolgt nicht, mit Ausnahme von Bildern, auf denen Straftaten festgehalten sind, die auf Anfrage der Polizei und\\\/oder Staatsanwaltschaft im Rahmen der geltenden gesetzlichen Beschr\\u00e4nkungen zur Verf\\u00fcgung gestellt werden k\\u00f6nnen. Eine \\u00dcbersicht \\u00fcber die Kamerapositionen und den Monitor an Bord finden Sie in der folgenden \\u00dcbersicht.<\\\/p>\\n\n\n<p><\\\/p>\",\"margin\":\"default\"}},{\"type\":\"table\",\"props\":{\"content_style\":\"text-large\",\"image_svg_color\":\"emphasis\",\"link_style\":\"default\",\"link_text\":\"Read more\",\"meta_style\":\"text-large\",\"show_content\":true,\"show_image\":true,\"show_link\":true,\"show_meta\":true,\"show_title\":true,\"table_head_content\":\"Sichtbar auf\",\"table_head_meta\":\"Standort\",\"table_head_title\":\"Kamera\",\"table_order\":\"5\",\"table_responsive\":\"overflow\",\"table_style\":\"striped\",\"table_width_meta\":\"shrink\",\"table_width_title\":\"\",\"title_style\":\"text-large\"},\"children\":[{\"type\":\"table_item\",\"props\":{\"content\":\"\n\n<p>Kasse \\u00fcberwachen\\\/Anmelden*<\\\/p>\",\"meta\":\"Schornstein (Vorder-, Achterdeck)\",\"title\":\"1\"}},{\"type\":\"table_item\",\"props\":{\"content\":\"\n\n<p>Kasse \\u00fcberwachen\\\/Anmelden*<\\\/p>\",\"meta\":\"Schornstein (Gangway und Notgangway)\",\"title\":\"2\"}},{\"type\":\"table_item\",\"props\":{\"content\":\"\n\n<p>Kasse \\u00fcberwachen\\\/Anmelden*<\\\/p>\",\"meta\":\"Backbereich\",\"title\":\"3\"}},{\"type\":\"table_item\",\"props\":{\"content\":\"\n\n<p>Kasse \\u00fcberwachen\\\/Anmelden*<\\\/p>\",\"meta\":\"Brunnendeck (vorne)\",\"title\":\"4\"}},{\"type\":\"table_item\",\"props\":{\"content\":\"\n\n<p>Kasse \\u00fcberwachen\\\/Anmelden*<\\\/p>\",\"meta\":\"Longroom (r\\u00fcckw\\u00e4rts)\",\"title\":\"5\"}},{\"type\":\"table_item\",\"props\":{\"content\":\"\n\n<p>Kasse \\u00fcberwachen\\\/Anmelden*<\\\/p>\",\"meta\":\"Ausstellungsdeck (vorne-hinten)\",\"title\":\"6\"}}]},{\"type\":\"text\",\"props\":{\"column_breakpoint\":\"m\",\"content\":\"\n\n<p><em>* Das Sicherheitsunternehmen BMC und eine Reihe ausgew\\u00e4hlter Freiwilliger (verantwortlich f\\u00fcr das \\u00d6ffnen und Schlie\\u00dfen) haben \\u00fcber einen Login-Code und ein Passwort Zugriff auf die Kamera\\u00fcberwachungsbilder.<\\\/em><\\\/p>\",\"margin\":\"default\"}}]}]},{\"type\":\"row\",\"children\":[{\"type\":\"column\",\"props\":{\"image_position\":\"center-center\",\"position_sticky_breakpoint\":\"m\"},\"children\":[{\"type\":\"module_position\",\"props\":{\"breakpoint\":\"m\",\"content\":\"builder-3\",\"layout\":\"stack\"}}]}]}]}]}]}],\"name\":\"navigatie\"}],\"version\":\"4.3.12\"} --><\/p>\n","protected":false},"excerpt":{"rendered":"<p>Datenschutzbestimmungen Datenschutzrichtlinie der Stiftung \u201eRamtorenschip Buffel\u201c. Ab dem 25. Mai 2018 verlangt die neue Datenschutz-Grundverordnung von Organisationen, eine Reihe von Antworten bereitzustellen, die in die Datenschutzrichtlinie aufgenommen werden m\u00fcssen. Nachfolgend finden Sie die Datenschutzrichtlinie der Stiftung \u201eRamtorenschip Buffel\u201c. 1. Der Zweck der Speicherung personenbezogener Daten besteht darin, Freiwillige, Sponsoren, Partner und Verwandte anschreiben zu k\u00f6nnen. [&hellip;]<\/p>\n","protected":false},"author":1,"featured_media":0,"parent":0,"menu_order":0,"comment_status":"closed","ping_status":"open","template":"","meta":{"_acf_changed":false,"footnotes":""},"class_list":["post-2625","page","type-page","status-publish","hentry"],"acf":[],"_links":{"self":[{"href":"https:\/\/debuffel.nl\/de\/wp-json\/wp\/v2\/pages\/2625","targetHints":{"allow":["GET"]}}],"collection":[{"href":"https:\/\/debuffel.nl\/de\/wp-json\/wp\/v2\/pages"}],"about":[{"href":"https:\/\/debuffel.nl\/de\/wp-json\/wp\/v2\/types\/page"}],"author":[{"embeddable":true,"href":"https:\/\/debuffel.nl\/de\/wp-json\/wp\/v2\/users\/1"}],"replies":[{"embeddable":true,"href":"https:\/\/debuffel.nl\/de\/wp-json\/wp\/v2\/comments?post=2625"}],"version-history":[{"count":10,"href":"https:\/\/debuffel.nl\/de\/wp-json\/wp\/v2\/pages\/2625\/revisions"}],"predecessor-version":[{"id":2968,"href":"https:\/\/debuffel.nl\/de\/wp-json\/wp\/v2\/pages\/2625\/revisions\/2968"}],"wp:attachment":[{"href":"https:\/\/debuffel.nl\/de\/wp-json\/wp\/v2\/media?parent=2625"}],"curies":[{"name":"wp","href":"https:\/\/api.w.org\/{rel}","templated":true}]}}