{"id":2645,"date":"2024-03-09T11:14:40","date_gmt":"2024-03-09T10:14:40","guid":{"rendered":"https:\/\/debuffel.nl\/geschichte\/"},"modified":"2024-04-24T15:30:37","modified_gmt":"2024-04-24T13:30:37","slug":"geschichte","status":"publish","type":"page","link":"https:\/\/debuffel.nl\/de\/geschichte\/","title":{"rendered":"Geschichte"},"content":{"rendered":"<p><a href=\"\/de\/\"><img decoding=\"async\" src=\"\/wp-content\/uploads\/2024\/03\/Logo-De-Buffel.svg\" alt=\"\"><\/a><br \/>\n<img decoding=\"async\" src=\"\/wp-content\/uploads\/2024\/03\/Top-image-07.jpg\" alt=\"\"><\/p>\n<h1>Geschichte<\/h1>\n<div>Geschichte<\/div>\n<h2><a href=\"#\"><\/p>\n<h1 class=\"post-title entry-title\">Zr. Ms. Buffel<\/h1>\n<p><\/a><\/h2>\n<div>\n<p>Die in Schottland gebaute Buffel diente von 1868 bis 1894 in der K\u00f6niglich-niederl\u00e4ndischen Marine als Rammturmschiff zur Verteidigung der niederl\u00e4ndischen K\u00fcstengew\u00e4sser. Damit war die Buffel das erste vollst\u00e4ndig dampfbetriebene Schiff der Marine. Im Jahr 1896 wurde das Schiff renoviert und als Unterkunfts- und Ausbildungsschiff f\u00fcr Marinepersonal eingesetzt. Die Buffel diente bis 1920 in Hellevoetsluis, danach hatte das Schiff viele Heimath\u00e4fen wie Vlissingen, Den Helder und Amsterdam. 1974 \u00fcbergab die Royal Navy das Schiff an die Gemeinde Rotterdam. Anschlie\u00dfend wurde das Schiff wundersch\u00f6n restauriert und eingerichtet und war bis 2013 als Museumsschiff Teil des Schifffahrtsmuseums. 1995 erhielt das Schiff den renommierten Maritime Heritage Award des World Ship Trust.<\/p>\n<p>Seit Oktober 2013 befindet sich der Buffel wieder in Hellevoetsluis an einem wundersch\u00f6nen Ort an der Koningskade. Das Schiff in die Festungsstadt zu bringen und zu betreiben war eine private Initiative, die 2016 von der Stiftung \u201eRamtorenschip Buffel\u201c \u00fcbernommen wurde. Gemeinsam mit einer gro\u00dfen Anzahl begeisterter Freiwilliger, Sponsoren und der Gemeinde Hellevoetsluis bleibt der Ramtorenschip Buffel f\u00fcr die breite \u00d6ffentlichkeit zug\u00e4nglich und Kinder und Erwachsene werden in unsere reiche Seefahrtsgeschichte eingef\u00fchrt. Dieses Museumsschiff ist ein einzigartiges St\u00fcck maritimes Kulturerbe, das zur befestigten Stadt Hellevoetsluis geh\u00f6rt.<\/p>\n<\/div>\n<div>\n<\/div>\n<div>\n<\/div>\n<p><!--more--><br \/>\n<!-- {\"type\":\"layout\",\"children\":[{\"type\":\"section\",\"props\":{\"image_position\":\"center-center\",\"padding\":\"none\",\"padding_remove_bottom\":true,\"style\":\"default\",\"title_breakpoint\":\"xl\",\"title_position\":\"top-left\",\"title_rotation\":\"left\",\"vertical_align\":\"middle\",\"width\":\"expand\"},\"children\":[{\"type\":\"row\",\"props\":{\"column_gap\":\"collapse\",\"css\":\".uk-nav-primary> li > a {\\nbackground: linear-gradient(#ffffff 0 0) no-repeat;\\n  background-size: 0%;\\n  transition: .4s;\\npadding: 5px}\\n\\n.uk-nav-primary > li > a:hover {\\n  background-size: 100%;\\n  transition: .4s;}\\n\\n.uk-nav-sub > li > a {\\nbackground: linear-gradient(#ffffff 0 0) no-repeat;\\n  background-size: 0%;\\n  transition: .4s;\\npadding: 5px}\\n\\n.uk-nav-sub > li > a:hover {\\n  background-size: 100%;\\n  transition: .4s;}\\n\\n.uk-nav-sub li.uk-active > a {\\nbackground: linear-gradient(#ffffff 0 0) no-repeat;\\n  background-size: 100%;}\",\"layout\":\"large,expand\",\"margin\":\"remove-vertical\",\"parallax\":true,\"parallax_end\":\"100vh\",\"parallax_start\":\"100vh\",\"width\":\"expand\"},\"children\":[{\"type\":\"column\",\"props\":{\"css\":\".el-column { background: linear-gradient(260deg,#1A2980,#2684c4);}\\n\\n.el-element { padding-left: 40px;}\",\"image_position\":\"center-center\",\"position_sticky\":\"column\",\"position_sticky_breakpoint\":\"m\",\"width_medium\":\"medium\"},\"children\":[{\"type\":\"image\",\"props\":{\"image\":\"wp-content\\\/uploads\\\/2024\\\/03\\\/Logo-De-Buffel.svg\",\"image_svg_color\":\"emphasis\",\"image_width\":200,\"link\":\"de\\\/\",\"margin\":\"default\",\"position\":\"absolute\",\"position_left\":\"-15\",\"text_align\":\"center\",\"visibility\":\"l\"}},{\"type\":\"module_position\",\"props\":{\"animation\":\"none\",\"breakpoint\":\"m\",\"content\":\"sidebar\",\"layout\":\"stack\",\"position\":\"relative\",\"position_left\":\"-10\",\"position_top\":\"40vh\",\"visibility\":\"l\"}},{\"type\":\"module_position\",\"props\":{\"animation\":\"none\",\"breakpoint\":\"m\",\"class\":\"uk-sticky\",\"content\":\"builder-1\",\"css\":\".el-element a { font-size: 18px;}\",\"layout\":\"stack\",\"margin\":\"remove-vertical\",\"position\":\"absolute\",\"position_bottom\":\"-80vh\",\"position_left\":\"-10\",\"vertical_align\":false,\"visibility\":\"l\"}}]},{\"type\":\"column\",\"props\":{\"image_position\":\"center-center\",\"position_sticky_breakpoint\":\"m\",\"width_medium\":\"expand\"},\"children\":[{\"type\":\"fragment\",\"props\":{\"margin\":\"default\"},\"children\":[{\"type\":\"row\",\"props\":{\"class\":\"uk-visible@m\",\"column_gap\":\"collapse\",\"height\":\"viewport\",\"height_offset_top\":true,\"height_viewport\":60,\"margin\":\"remove-vertical\",\"parallax\":false,\"row_gap\":\"collapse\",\"width\":\"expand\"},\"children\":[{\"type\":\"column\",\"props\":{\"image\":\"wp-content\\\/uploads\\\/2024\\\/03\\\/Top-image-07.jpg\",\"image_effect\":\"parallax\",\"image_parallax_bgy\":\"500\",\"image_parallax_target\":\"![class*='uk-section-'] ~ [class*='uk-section-']\",\"image_position\":\"center-center\",\"padding\":\"none\",\"position_sticky_breakpoint\":\"m\",\"position_sticky_offset\":\"100px\"}}]},{\"type\":\"row\",\"props\":{\"class\":\"uk-hidden@m\",\"margin_remove_top\":true},\"children\":[{\"type\":\"column\",\"props\":{\"image_position\":\"center-center\",\"position_sticky_breakpoint\":\"m\"},\"children\":[{\"type\":\"image\",\"props\":{\"image\":\"wp-content\\\/uploads\\\/2024\\\/03\\\/Top-image-07.jpg\",\"image_svg_color\":\"emphasis\",\"margin\":\"default\"}}]}]},{\"type\":\"row\",\"props\":{\"column_gap\":\"collapse\",\"margin\":\"default\",\"row_gap\":\"collapse\",\"width\":\"default\"},\"children\":[{\"type\":\"column\",\"props\":{\"image_position\":\"center-center\",\"padding\":\"none\",\"position_sticky_breakpoint\":\"m\",\"position_sticky_offset\":\"50vh -50%\",\"style\":\"tile-default\"},\"children\":[{\"type\":\"headline\",\"props\":{\"content\":\"Geschichte\",\"css\":\".el-row {\\n  padding-left: 10px;\\n    padding-right: 10px;}\",\"title_element\":\"h1\"}}]}]},{\"type\":\"row\",\"props\":{\"column_gap\":\"medium\",\"css\":\".el-row {\\n  padding-left: 10px;\\n    padding-right: 10px;}\",\"divider\":true,\"margin\":\"large\",\"width\":\"default\"},\"children\":[{\"type\":\"column\",\"props\":{\"html_element\":\"article\",\"image_position\":\"center-center\",\"position_sticky_breakpoint\":\"m\"},\"children\":[{\"type\":\"headline\",\"props\":{\"content\":\"Geschichte\",\"margin_remove_bottom\":true,\"text_align\":\"left\",\"title_color\":\"primary\",\"title_element\":\"div\",\"title_style\":\"h6\"}},{\"type\":\"headline\",\"props\":{\"block_align\":\"center\",\"content\":\"\n\n<h1 class=\\\"post-title entry-title\\\">Zr. Ms. Buffel<\\\/h1>\",\"link\":\"#\",\"link_style\":true,\"margin\":\"small\",\"text_align\":\"left\",\"title_element\":\"h2\",\"title_style\":\"heading-small\"}},{\"type\":\"text\",\"props\":{\"block_align\":\"center\",\"column_breakpoint\":\"m\",\"content\":\"\n\n<p>Die in Schottland gebaute Buffel diente von 1868 bis 1894 in der K\\u00f6niglich-niederl\\u00e4ndischen Marine als Rammturmschiff zur Verteidigung der niederl\\u00e4ndischen K\\u00fcstengew\\u00e4sser. Damit war die Buffel das erste vollst\\u00e4ndig dampfbetriebene Schiff der Marine. Im Jahr 1896 wurde das Schiff renoviert und als Unterkunfts- und Ausbildungsschiff f\\u00fcr Marinepersonal eingesetzt. Die Buffel diente bis 1920 in Hellevoetsluis, danach hatte das Schiff viele Heimath\\u00e4fen wie Vlissingen, Den Helder und Amsterdam. 1974 \\u00fcbergab die Royal Navy das Schiff an die Gemeinde Rotterdam. Anschlie\\u00dfend wurde das Schiff wundersch\\u00f6n restauriert und eingerichtet und war bis 2013 als Museumsschiff Teil des Schifffahrtsmuseums. 1995 erhielt das Schiff den renommierten Maritime Heritage Award des World Ship Trust.<\\\/p>\\n\n\n<p>Seit Oktober 2013 befindet sich der Buffel wieder in Hellevoetsluis an einem wundersch\\u00f6nen Ort an der Koningskade. Das Schiff in die Festungsstadt zu bringen und zu betreiben war eine private Initiative, die 2016 von der Stiftung \\u201eRamtorenschip Buffel\\u201c \\u00fcbernommen wurde. Gemeinsam mit einer gro\\u00dfen Anzahl begeisterter Freiwilliger, Sponsoren und der Gemeinde Hellevoetsluis bleibt der Ramtorenschip Buffel f\\u00fcr die breite \\u00d6ffentlichkeit zug\\u00e4nglich und Kinder und Erwachsene werden in unsere reiche Seefahrtsgeschichte eingef\\u00fchrt. Dieses Museumsschiff ist ein einzigartiges St\\u00fcck maritimes Kulturerbe, das zur befestigten Stadt Hellevoetsluis geh\\u00f6rt.<\\\/p>\",\"margin\":\"default\",\"text_align\":\"left\"}},{\"type\":\"grid\",\"props\":{\"content_column_breakpoint\":\"m\",\"content_margin\":\"small\",\"filter_align\":\"left\",\"filter_all\":true,\"filter_grid_breakpoint\":\"m\",\"filter_grid_width\":\"auto\",\"filter_position\":\"top\",\"filter_style\":\"tab\",\"grid_column_gap\":\"small\",\"grid_default\":\"1\",\"grid_divider\":true,\"grid_large\":\"1\",\"grid_medium\":\"\",\"grid_small\":\"3\",\"icon_ratio\":4,\"icon_width\":80,\"image_align\":\"right\",\"image_grid_breakpoint\":\"l\",\"image_grid_column_gap\":\"small\",\"image_grid_width\":\"1-3\",\"image_link\":true,\"image_loading\":true,\"image_svg_color\":\"emphasis\",\"image_vertical_align\":true,\"image_width\":\"610\",\"item_animation\":true,\"link_style\":\"secondary\",\"link_text\":\"\",\"margin\":\"default\",\"meta_align\":\"above-title\",\"meta_color\":\"primary\",\"meta_element\":\"div\",\"meta_style\":\"h6\",\"parallax_easing\":\"1\",\"show_content\":true,\"show_image\":true,\"show_link\":true,\"show_meta\":true,\"show_title\":true,\"title_align\":\"top\",\"title_element\":\"h2\",\"title_grid_breakpoint\":\"m\",\"title_grid_width\":\"1-2\",\"title_hover_style\":\"heading\",\"title_link\":true,\"title_margin\":\"small\",\"title_style\":\"h3\"},\"children\":[{\"type\":\"grid_item\",\"props\":{\"item_element\":\"article\",\"link_text\":\"mehr lesen \\u00bb\"},\"source\":{\"query\":{\"name\":\"posts.customPosts\",\"arguments\":{\"terms\":[4],\"category_operator\":\"IN\",\"post_tag_operator\":\"IN\",\"users\":[],\"users_operator\":\"IN\",\"offset\":0,\"limit\":10,\"order\":\"date\",\"order_direction\":\"ASC\",\"post_flag_operator\":\"IN\"}},\"props\":{\"meta\":{\"filters\":{\"search\":\"\"},\"arguments\":{\"separator\":\", \",\"show_link\":true,\"link_style\":\"\"},\"name\":\"categoryString\"},\"content\":{\"filters\":{\"search\":\"\",\"limit\":180},\"name\":\"excerpt\"},\"title\":{\"filters\":{\"search\":\"\"},\"name\":\"title\"},\"link\":{\"filters\":{\"search\":\"\"},\"name\":\"link\"},\"image\":{\"filters\":{\"search\":\"\"},\"name\":\"featuredImage.url\"}}}}]}]}]},{\"type\":\"row\",\"props\":{\"column_gap\":\"medium\",\"css\":\".el-row {\\n  padding-left: 10px;\\n    padding-right: 10px;}\",\"divider\":true,\"margin\":\"large\",\"width\":\"default\"},\"children\":[{\"type\":\"column\",\"props\":{\"html_element\":\"article\",\"image_position\":\"center-center\",\"position_sticky_breakpoint\":\"m\",\"style\":\"card-default\"},\"children\":[{\"type\":\"grid\",\"props\":{\"content_column_breakpoint\":\"m\",\"content_margin\":\"small\",\"filter_align\":\"left\",\"filter_all\":true,\"filter_grid_breakpoint\":\"m\",\"filter_grid_width\":\"auto\",\"filter_position\":\"top\",\"filter_style\":\"tab\",\"grid_column_gap\":\"small\",\"grid_default\":\"1\",\"grid_divider\":true,\"grid_large\":\"1\",\"grid_medium\":\"\",\"grid_small\":\"3\",\"grid_xlarge\":\"2\",\"icon_ratio\":4,\"icon_width\":80,\"image_align\":\"right\",\"image_grid_breakpoint\":\"l\",\"image_grid_column_gap\":\"small\",\"image_grid_width\":\"1-3\",\"image_link\":true,\"image_loading\":true,\"image_svg_color\":\"emphasis\",\"image_vertical_align\":true,\"image_width\":\"610\",\"item_animation\":true,\"link_style\":\"secondary\",\"link_text\":\"\",\"margin\":\"default\",\"meta_align\":\"above-title\",\"meta_color\":\"primary\",\"meta_element\":\"div\",\"meta_style\":\"h6\",\"parallax_easing\":\"1\",\"show_content\":true,\"show_image\":true,\"show_link\":true,\"show_meta\":true,\"show_title\":true,\"title_align\":\"top\",\"title_element\":\"h2\",\"title_grid_breakpoint\":\"m\",\"title_grid_width\":\"1-2\",\"title_hover_style\":\"heading\",\"title_link\":true,\"title_margin\":\"small\",\"title_style\":\"h3\"},\"children\":[{\"type\":\"grid_item\",\"props\":{\"item_element\":\"article\",\"link_text\":\"mehr lesen \\u00bb\"},\"source\":{\"query\":{\"name\":\"posts.customPosts\",\"arguments\":{\"terms\":[6],\"category_operator\":\"IN\",\"post_tag_operator\":\"IN\",\"users\":[],\"users_operator\":\"IN\",\"offset\":0,\"limit\":10,\"order\":\"date\",\"order_direction\":\"ASC\",\"post_flag_operator\":\"IN\"}},\"props\":{\"meta\":{\"filters\":{\"search\":\"\"},\"arguments\":{\"separator\":\", \",\"show_link\":true,\"link_style\":\"\"},\"name\":\"categoryString\"},\"content\":{\"filters\":{\"search\":\"\",\"limit\":180},\"name\":\"excerpt\"},\"title\":{\"filters\":{\"search\":\"\"},\"name\":\"title\"},\"link\":{\"filters\":{\"search\":\"\"},\"name\":\"link\"},\"image\":{\"filters\":{\"search\":\"\"},\"name\":\"featuredImage.url\"}}}}]}]}]},{\"type\":\"row\",\"children\":[{\"type\":\"column\",\"props\":{\"image_position\":\"center-center\",\"position_sticky_breakpoint\":\"m\"},\"children\":[{\"type\":\"module_position\",\"props\":{\"breakpoint\":\"m\",\"content\":\"builder-3\",\"layout\":\"stack\"}}]}]}]}]}]}],\"name\":\"navigatie\"}],\"version\":\"4.3.12\"} --><\/p>\n","protected":false},"excerpt":{"rendered":"<p>Geschichte Geschichte Zr. Ms. Buffel Die in Schottland gebaute Buffel diente von 1868 bis 1894 in der K\u00f6niglich-niederl\u00e4ndischen Marine als Rammturmschiff zur Verteidigung der niederl\u00e4ndischen K\u00fcstengew\u00e4sser. Damit war die Buffel das erste vollst\u00e4ndig dampfbetriebene Schiff der Marine. Im Jahr 1896 wurde das Schiff renoviert und als Unterkunfts- und Ausbildungsschiff f\u00fcr Marinepersonal eingesetzt. Die Buffel diente [&hellip;]<\/p>\n","protected":false},"author":1,"featured_media":0,"parent":0,"menu_order":0,"comment_status":"closed","ping_status":"closed","template":"","meta":{"_acf_changed":false,"footnotes":""},"class_list":["post-2645","page","type-page","status-publish","hentry"],"acf":[],"_links":{"self":[{"href":"https:\/\/debuffel.nl\/de\/wp-json\/wp\/v2\/pages\/2645","targetHints":{"allow":["GET"]}}],"collection":[{"href":"https:\/\/debuffel.nl\/de\/wp-json\/wp\/v2\/pages"}],"about":[{"href":"https:\/\/debuffel.nl\/de\/wp-json\/wp\/v2\/types\/page"}],"author":[{"embeddable":true,"href":"https:\/\/debuffel.nl\/de\/wp-json\/wp\/v2\/users\/1"}],"replies":[{"embeddable":true,"href":"https:\/\/debuffel.nl\/de\/wp-json\/wp\/v2\/comments?post=2645"}],"version-history":[{"count":5,"href":"https:\/\/debuffel.nl\/de\/wp-json\/wp\/v2\/pages\/2645\/revisions"}],"predecessor-version":[{"id":2996,"href":"https:\/\/debuffel.nl\/de\/wp-json\/wp\/v2\/pages\/2645\/revisions\/2996"}],"wp:attachment":[{"href":"https:\/\/debuffel.nl\/de\/wp-json\/wp\/v2\/media?parent=2645"}],"curies":[{"name":"wp","href":"https:\/\/api.w.org\/{rel}","templated":true}]}}