{"id":2819,"date":"2024-03-28T16:01:52","date_gmt":"2024-03-28T15:01:52","guid":{"rendered":"https:\/\/debuffel.nl\/sehen-und-tun\/erlebnisprogramm-ketelbinkie-kruitloper\/"},"modified":"2024-05-29T10:58:29","modified_gmt":"2024-05-29T08:58:29","slug":"erlebnisprogramm-ketelbinkie-kruitloper","status":"publish","type":"page","link":"https:\/\/debuffel.nl\/de\/sehen-und-tun\/erlebnisprogramm-ketelbinkie-kruitloper\/","title":{"rendered":"Erlebnisprogramm Ketelbinkie &amp; Kruitloper"},"content":{"rendered":"<p><a href=\"\/de\/\"><img decoding=\"async\" src=\"\/wp-content\/uploads\/2024\/03\/Logo-De-Buffel.svg\" alt=\"\"><\/a><br \/>\n<img decoding=\"async\" src=\"\/wp-content\/uploads\/2024\/05\/Top-image-Arrangementen-01C-square.jpg\" alt=\"\"><\/p>\n<h1>Erlebnisprogramm Ketelbinkie &amp; Kruitloper<\/h1>\n<div>\n<p><strong>Das erste eiserne niederl\u00e4ndische Marineschiff, BUFFEL, kam 1868 von der Bauwerft in Glasgow, Schottland. Das urspr\u00fcnglich dampfbetriebene Schiff liegt heute im Hafen von Hellevoetsluis, innerhalb der historischen Festung.<\/strong><\/p>\n<p><strong>Das Ketelbinkie-Kruitloper-Erlebnisprogramm ist eine der m\u00f6glichen Erg\u00e4nzungen zu einem Besuch; In Absprache gibt es viele M\u00f6glichkeiten.<\/strong><\/p>\n<p><strong>Das Programm spielt im Jahr 1868, als die neue BUFFALO Besatzung brauchte. Ketelbinkie \u2013 Kruitloper-Teilnehmer (ab 8 Jahren) sind Sch\u00fcler an Bord. Ihre Erfahrungen mit den besonderen Aktivit\u00e4ten liegen ebenfalls im 21. Jahrhundert<\/strong><br \/><strong>immer noch relevant.<\/strong><\/p>\n<\/div>\n<h1>Erlebnisaktivit\u00e4ten zum Entdecken, Machen und Erleben<\/h1>\n<div>\n<p>W\u00e4hrend dieses Programms f\u00fchren die angehenden Ketelbinkies und Kruitlopers unter Aufsicht in kleinen Gruppen eine Reihe kurzer Aktivit\u00e4ten durch (Backen). Diese zielen darauf ab, zum Selbstmachen (im Team), Erleben und Entdecken anzuregen. Jede Aktivit\u00e4t wird von einem erfahrenen BUFFEL-Freiwilligen betreut. Wenn die Ergebnisse zufriedenstellend sind, nimmt jeder Teilnehmer zur Erinnerung eine Brosch\u00fcre mit: Die Arbeitsbl\u00e4tter der durchgef\u00fchrten Aktivit\u00e4ten und eine vom Kommandanten unterzeichnete Bescheinigung.<\/p>\n<\/div>\n<table>\n<tbody>\n<tr>\n<td>Was<\/td>\n<td>\n<p>Verbringen Sie 1868 zwei Stunden auf einem Kriegsschiff.<\/p>\n<\/td>\n<\/tr>\n<tr>\n<td>Wo<\/td>\n<td>\n<p>Koningskade 2, 3321 CC Hellevoetsluis (in der Festung).<\/p>\n<\/td>\n<\/tr>\n<tr>\n<td>Gedacht f\u00fcr<\/td>\n<td>\n<p>Gruppen ab 4 Teilnehmern im Alter von 8 bis 80 Jahren. An Bord werden sie von begeisterten Freiwilligen gef\u00fchrt.<\/p>\n<\/td>\n<\/tr>\n<tr>\n<td>Hinweis:<\/td>\n<td>\n<p>Bei schlechtem Wetter oder Dunkelheit: Das gesamte Programm findet unter Deck statt.<\/p>\n<p>Die Teilnehmer m\u00fcssen zwischen den Decks Treppen steigen; Nur das Oberdeck ist rollstuhlgerecht.<\/p>\n<\/td>\n<\/tr>\n<\/tbody>\n<\/table>\n<h1>Erleben Sie mit uns ein historisches maritimes Erlebnis!<\/h1>\n<p><img decoding=\"async\" src=\"\/wp-content\/uploads\/2024\/04\/Ketelbinkie-kruitloper1.jpg\" alt=\"\"><br \/>\n<img decoding=\"async\" src=\"\/wp-content\/uploads\/2024\/04\/Ketelbinkie-kruitloper2.jpg\" alt=\"\"><\/p>\n<h1>Verf\u00fcgbarkeit und Anmeldungen<\/h1>\n<div>\n<p>F\u00fcr die Teilnahme am Ketelbinkie-Kruitloper-Programm ist wie bei anderen BUFFEL-Paketen eine Reservierung mindestens zwei Wochen im Voraus erforderlich.<\/p>\n<p>Kontaktieren Sie bitte:<br \/>\u2022 die allgemeine Informationsnummer des<br \/>BUFFALO: 06 \u2013 3049 4685 oder<br \/>\u2022 per E-Mail an info@debuffel.nl<br \/>um Informationen anzufordern und\/oder weitere Vereinbarungen zu treffen.<\/p>\n<p>Ein Ketelbinkie-Kruitloper-Arrangement ist ab 16 Personen au\u00dferhalb der regul\u00e4ren BUFFEL-\u00d6ffnungszeiten m\u00f6glich.<\/p>\n<\/div>\n<h1>Preise<\/h1>\n<div>\n<p>Teilnehmer des zweist\u00fcndigen Ketelbinkie Kruitloper-Programms zahlen unabh\u00e4ngig vom Alter nur 13,00 \u20ac pro Person (15,00 \u20ac ab 1. Juli). Darin ist der Eintrittspreis enthalten. Begleitende Betreuer oder Interessenten, die nicht aktiv am Programm teilnehmen, zahlen nur den regul\u00e4ren Eintrittspreis.<\/p>\n<p><em>Im Falle einer sozialen Aktivit\u00e4t die H\u00e4lfte.<\/em><br \/><em>F\u00fcr Schulen betr\u00e4gt der Preis 6,00 \u20ac pro Person inklusive 4 Betreuer.<\/em><br \/><em>Und die H\u00e4lfte f\u00fcr Schulen aus Voorne aan Zee.<\/em><\/p>\n<p>Diese Preise erm\u00f6glichen den Zugang f\u00fcr den gesamten vereinbarten Tag.<\/p>\n<\/p>\n<p>Diese Preise erm\u00f6glichen den Zugang f\u00fcr den gesamten vereinbarten Tag.<\/p>\n<\/div>\n<h1>Weitere Informationen<\/h1>\n<div>\n<p>Kaffee, Tee, alkoholfreie Getr\u00e4nke und teilweise auch leichte Erfrischungen sind an Bord erh\u00e4ltlich (gegen Geb\u00fchr an der Rezeption). Auch andere, umfangreichere Pakete sind nach vorheriger Reservierung m\u00f6glich.<\/p>\n<p>Es gibt kostenlose Parkpl\u00e4tze in der N\u00e4he.<\/p>\n<\/div>\n<p><img decoding=\"async\" src=\"\/wp-content\/uploads\/2024\/03\/Ketelbinkie-Kruitloper-01.jg_.jpg\" alt=\"\"><\/p>\n<p><!--more--><br \/>\n<!-- {\"type\":\"layout\",\"children\":[{\"type\":\"section\",\"props\":{\"image_position\":\"center-center\",\"padding\":\"none\",\"padding_remove_bottom\":true,\"style\":\"default\",\"title_breakpoint\":\"xl\",\"title_position\":\"top-left\",\"title_rotation\":\"left\",\"vertical_align\":\"\",\"width\":\"expand\"},\"children\":[{\"type\":\"row\",\"props\":{\"column_gap\":\"collapse\",\"css\":\".uk-nav-primary> li > a {\\nbackground: linear-gradient(#ffffff 0 0) no-repeat;\\n  background-size: 0%;\\n  transition: .4s;\\npadding: 5px}\\n\\n.uk-nav-primary > li > a:hover {\\n  background-size: 100%;\\n  transition: .4s;}\\n\\n.uk-nav-sub > li > a {\\nbackground: linear-gradient(#ffffff 0 0) no-repeat;\\n  background-size: 0%;\\n  transition: .4s;\\npadding: 5px}\\n\\n.uk-nav-sub > li > a:hover {\\n  background-size: 100%;\\n  transition: .4s;}\\n\\n.uk-nav-sub li.uk-active > a {\\nbackground: linear-gradient(#ffffff 0 0) no-repeat;\\n  background-size: 100%;}\",\"layout\":\"large,expand\",\"margin\":\"remove-vertical\",\"parallax\":true,\"parallax_end\":\"100vh\",\"parallax_start\":\"100vh\",\"width\":\"expand\"},\"children\":[{\"type\":\"column\",\"props\":{\"css\":\".el-column { background: linear-gradient(260deg,#1A2980,#2684c4);}\\n\\n.el-element { padding-left: 40px;}\",\"image_position\":\"center-center\",\"position_sticky\":\"column\",\"position_sticky_breakpoint\":\"m\",\"width_medium\":\"medium\"},\"children\":[{\"type\":\"image\",\"props\":{\"image\":\"wp-content\\\/uploads\\\/2024\\\/03\\\/Logo-De-Buffel.svg\",\"image_svg_color\":\"emphasis\",\"image_width\":200,\"link\":\"de\\\/\",\"margin\":\"default\",\"position\":\"absolute\",\"position_left\":\"-15\",\"text_align\":\"center\",\"visibility\":\"l\"}},{\"type\":\"module_position\",\"props\":{\"animation\":\"none\",\"breakpoint\":\"m\",\"content\":\"sidebar\",\"layout\":\"stack\",\"position\":\"relative\",\"position_left\":\"-10\",\"position_top\":\"40vh\",\"visibility\":\"l\"}},{\"type\":\"module_position\",\"props\":{\"animation\":\"none\",\"breakpoint\":\"m\",\"class\":\"uk-sticky\",\"content\":\"builder-1\",\"css\":\".el-element a { font-size: 18px;}\",\"layout\":\"stack\",\"margin\":\"remove-vertical\",\"position\":\"absolute\",\"position_bottom\":\"-80vh\",\"position_left\":\"-10\",\"vertical_align\":false,\"visibility\":\"l\"}}]},{\"type\":\"column\",\"props\":{\"image_position\":\"center-center\",\"position_sticky_breakpoint\":\"m\",\"width_medium\":\"expand\"},\"children\":[{\"type\":\"fragment\",\"props\":{\"margin\":\"default\"},\"children\":[{\"type\":\"row\",\"props\":{\"class\":\"uk-visible@m\",\"column_gap\":\"collapse\",\"height\":\"viewport\",\"height_offset_top\":true,\"height_viewport\":60,\"margin\":\"remove-vertical\",\"parallax\":false,\"row_gap\":\"collapse\",\"width\":\"expand\"},\"children\":[{\"type\":\"column\",\"props\":{\"image\":\"wp-content\\\/uploads\\\/2024\\\/05\\\/Top-image-Arrangementen-01C.jpg\",\"image_effect\":\"parallax\",\"image_parallax_bgy\":\"500\",\"image_parallax_target\":\"![class*='uk-section-'] ~ [class*='uk-section-']\",\"image_position\":\"center-center\",\"padding\":\"none\",\"position_sticky_breakpoint\":\"m\",\"position_sticky_offset\":\"100px\"}}]},{\"type\":\"row\",\"props\":{\"class\":\"uk-hidden@m\",\"margin_remove_top\":true},\"children\":[{\"type\":\"column\",\"props\":{\"image_position\":\"center-center\",\"position_sticky_breakpoint\":\"m\"},\"children\":[{\"type\":\"image\",\"props\":{\"image\":\"wp-content\\\/uploads\\\/2024\\\/05\\\/Top-image-Arrangementen-01C-square.jpg\",\"image_svg_color\":\"emphasis\",\"margin\":\"default\"}}]}]},{\"type\":\"row\",\"props\":{\"column_gap\":\"collapse\",\"css\":\".el-row {\\n  padding-left: 10px;\\n    padding-right: 10px;}\",\"margin\":\"default\",\"row_gap\":\"collapse\",\"width\":\"default\"},\"children\":[{\"type\":\"column\",\"props\":{\"image_position\":\"center-center\",\"padding\":\"none\",\"position_sticky_breakpoint\":\"m\",\"position_sticky_offset\":\"50vh -50%\",\"style\":\"tile-default\"},\"children\":[{\"type\":\"headline\",\"props\":{\"content\":\"Erlebnisprogramm Ketelbinkie &amp; Kruitloper\",\"title_element\":\"h1\"}},{\"type\":\"text\",\"props\":{\"column_breakpoint\":\"m\",\"content\":\"\n\n<p><strong>Das erste eiserne niederl\\u00e4ndische Marineschiff, BUFFEL, kam 1868 von der Bauwerft in Glasgow, Schottland. Das urspr\\u00fcnglich dampfbetriebene Schiff liegt heute im Hafen von Hellevoetsluis, innerhalb der historischen Festung.<\\\/strong><\\\/p>\\n\n\n<p><strong>Das Ketelbinkie-Kruitloper-Erlebnisprogramm ist eine der m\\u00f6glichen Erg\\u00e4nzungen zu einem Besuch; In Absprache gibt es viele M\\u00f6glichkeiten.<\\\/strong><\\\/p>\\n\n\n<p><strong>Das Programm spielt im Jahr 1868, als die neue BUFFALO Besatzung brauchte. Ketelbinkie \\u2013 Kruitloper-Teilnehmer (ab 8 Jahren) sind Sch\\u00fcler an Bord. Ihre Erfahrungen mit den besonderen Aktivit\\u00e4ten liegen ebenfalls im 21. Jahrhundert<\\\/strong><br \\\/><strong>immer noch relevant.<\\\/strong><\\\/p>\",\"margin\":\"default\"}}]}]},{\"type\":\"row\",\"props\":{\"css\":\".el-row {\\n  padding-left: 10px;\\n    padding-right: 10px;}\",\"layout\":\"1-2,1-2\",\"width\":\"default\"},\"children\":[{\"type\":\"column\",\"props\":{\"image_position\":\"center-center\",\"position_sticky_breakpoint\":\"m\",\"width_medium\":\"1-2\"},\"children\":[{\"type\":\"headline\",\"props\":{\"content\":\"Erlebnisaktivit\\u00e4ten zum Entdecken, Machen und Erleben\",\"title_element\":\"h1\",\"title_style\":\"h3\"}},{\"type\":\"text\",\"props\":{\"column_breakpoint\":\"m\",\"content\":\"\n\n<p>W\\u00e4hrend dieses Programms f\\u00fchren die angehenden Ketelbinkies und Kruitlopers unter Aufsicht in kleinen Gruppen eine Reihe kurzer Aktivit\\u00e4ten durch (Backen). Diese zielen darauf ab, zum Selbstmachen (im Team), Erleben und Entdecken anzuregen. Jede Aktivit\\u00e4t wird von einem erfahrenen BUFFEL-Freiwilligen betreut. Wenn die Ergebnisse zufriedenstellend sind, nimmt jeder Teilnehmer zur Erinnerung eine Brosch\\u00fcre mit: Die Arbeitsbl\\u00e4tter der durchgef\\u00fchrten Aktivit\\u00e4ten und eine vom Kommandanten unterzeichnete Bescheinigung.<\\\/p>\",\"margin\":\"default\"}}]},{\"type\":\"column\",\"props\":{\"image_position\":\"center-center\",\"position_sticky_breakpoint\":\"m\",\"style\":\"card-default\",\"width_medium\":\"1-2\"},\"children\":[{\"type\":\"table\",\"props\":{\"content_style\":\"text-small\",\"image_svg_color\":\"emphasis\",\"link_style\":\"default\",\"link_text\":\"Read more\",\"meta_style\":\"text-meta\",\"show_content\":true,\"show_image\":true,\"show_link\":true,\"show_meta\":true,\"show_title\":true,\"table_order\":\"1\",\"table_responsive\":\"overflow\",\"table_style\":\"striped\",\"table_width_meta\":\"shrink\",\"table_width_title\":\"shrink\",\"title_style\":\"text-large\"},\"children\":[{\"type\":\"table_item\",\"props\":{\"content\":\"\n\n<p>Verbringen Sie 1868 zwei Stunden auf einem Kriegsschiff.<\\\/p>\",\"title\":\"Was\"}},{\"type\":\"table_item\",\"props\":{\"content\":\"\n\n<p>Koningskade 2, 3321 CC Hellevoetsluis (in der Festung).<\\\/p>\",\"title\":\"Wo\"}},{\"type\":\"table_item\",\"props\":{\"content\":\"\n\n<p>Gruppen ab 4 Teilnehmern im Alter von 8 bis 80 Jahren. An Bord werden sie von begeisterten Freiwilligen gef\\u00fchrt.<\\\/p>\",\"title\":\"Gedacht f\\u00fcr\"}},{\"type\":\"table_item\",\"props\":{\"content\":\"\n\n<p>Bei schlechtem Wetter oder Dunkelheit: Das gesamte Programm findet unter Deck statt.<\\\/p>\\n\n\n<p>Die Teilnehmer m\\u00fcssen zwischen den Decks Treppen steigen; Nur das Oberdeck ist rollstuhlgerecht.<\\\/p>\",\"title\":\"Hinweis:\"}}]}]}]},{\"type\":\"row\",\"props\":{\"css\":\".el-row {\\n  padding-left: 10px;\\n    padding-right: 10px;}\",\"width\":\"default\"},\"children\":[{\"type\":\"column\",\"props\":{\"image_position\":\"center-center\",\"position_sticky_breakpoint\":\"m\"},\"children\":[{\"type\":\"headline\",\"props\":{\"content\":\"Erleben Sie mit uns ein historisches maritimes Erlebnis!\",\"text_align\":\"center\",\"title_element\":\"h1\",\"title_style\":\"h2\"}}]}]},{\"type\":\"row\",\"props\":{\"css\":\".el-row {\\n  padding-left: 10px;\\n    padding-right: 10px;}\",\"layout\":\"1-3,2-3\",\"width\":\"default\"},\"children\":[{\"type\":\"column\",\"props\":{\"image_position\":\"center-center\",\"position_sticky_breakpoint\":\"m\",\"width_medium\":\"1-3\"},\"children\":[{\"type\":\"image\",\"props\":{\"image\":\"wp-content\\\/uploads\\\/2024\\\/04\\\/Ketelbinkie-kruitloper1.jpg\",\"image_svg_color\":\"emphasis\",\"image_width\":480,\"margin\":\"default\"}}]},{\"type\":\"column\",\"props\":{\"image_position\":\"center-center\",\"position_sticky_breakpoint\":\"m\",\"width_medium\":\"2-3\"},\"children\":[{\"type\":\"image\",\"props\":{\"image\":\"wp-content\\\/uploads\\\/2024\\\/04\\\/Ketelbinkie-kruitloper2.jpg\",\"image_svg_color\":\"emphasis\",\"margin\":\"default\"}}]}]},{\"type\":\"row\",\"props\":{\"column_gap\":\"collapse\",\"css\":\".el-row {\\n  padding-left: 10px;\\n    padding-right: 10px;}\",\"margin\":\"default\",\"row_gap\":\"collapse\",\"width\":\"default\"},\"children\":[{\"type\":\"column\",\"props\":{\"image_position\":\"center-center\",\"padding\":\"none\",\"position_sticky_breakpoint\":\"m\",\"position_sticky_offset\":\"50vh -50%\",\"style\":\"tile-default\"},\"children\":[{\"type\":\"headline\",\"props\":{\"content\":\"Verf\\u00fcgbarkeit und Anmeldungen\",\"title_element\":\"h1\",\"title_style\":\"h3\"}},{\"type\":\"text\",\"props\":{\"column_breakpoint\":\"m\",\"content\":\"\n\n<p>F\\u00fcr die Teilnahme am Ketelbinkie-Kruitloper-Programm ist wie bei anderen BUFFEL-Paketen eine Reservierung mindestens zwei Wochen im Voraus erforderlich.<\\\/p>\\n\n\n<p>Kontaktieren Sie bitte:<br \\\/>\\u2022 die allgemeine Informationsnummer des<br \\\/>BUFFALO: 06 \\u2013 3049 4685 oder<br \\\/>\\u2022 per E-Mail an info@debuffel.nl<br \\\/>um Informationen anzufordern und\\\/oder weitere Vereinbarungen zu treffen.<\\\/p>\\n\n\n<p>Ein Ketelbinkie-Kruitloper-Arrangement ist ab 16 Personen au\\u00dferhalb der regul\\u00e4ren BUFFEL-\\u00d6ffnungszeiten m\\u00f6glich.<\\\/p>\",\"margin\":\"default\"}},{\"type\":\"headline\",\"props\":{\"content\":\"Preise\",\"title_element\":\"h1\",\"title_style\":\"h3\"}},{\"type\":\"text\",\"props\":{\"column_breakpoint\":\"m\",\"content\":\"\n\n<p>Teilnehmer des zweist\\u00fcndigen Ketelbinkie Kruitloper-Programms zahlen unabh\\u00e4ngig vom Alter nur 13,00 \\u20ac pro Person (15,00 \\u20ac ab 1. Juli). Darin ist der Eintrittspreis enthalten. Begleitende Betreuer oder Interessenten, die nicht aktiv am Programm teilnehmen, zahlen nur den regul\\u00e4ren Eintrittspreis.<\\\/p>\\n\n\n<p><em>Im Falle einer sozialen Aktivit\\u00e4t die H\\u00e4lfte.<\\\/em><br \\\/><em>F\\u00fcr Schulen betr\\u00e4gt der Preis 6,00 \\u20ac pro Person inklusive 4 Betreuer.<\\\/em><br \\\/><em>Und die H\\u00e4lfte f\\u00fcr Schulen aus Voorne aan Zee.<\\\/em><\\\/p>\\n\n\n<p>Diese Preise erm\\u00f6glichen den Zugang f\\u00fcr den gesamten vereinbarten Tag.<\\\/p>\\n\n\n<p><\\\/p>\\n\n\n<p>Diese Preise erm\\u00f6glichen den Zugang f\\u00fcr den gesamten vereinbarten Tag.<\\\/p>\",\"margin\":\"default\"}},{\"type\":\"headline\",\"props\":{\"content\":\"Weitere Informationen\",\"title_element\":\"h1\",\"title_style\":\"h3\"}},{\"type\":\"text\",\"props\":{\"column_breakpoint\":\"m\",\"content\":\"\n\n<p>Kaffee, Tee, alkoholfreie Getr\\u00e4nke und teilweise auch leichte Erfrischungen sind an Bord erh\\u00e4ltlich (gegen Geb\\u00fchr an der Rezeption). Auch andere, umfangreichere Pakete sind nach vorheriger Reservierung m\\u00f6glich.<\\\/p>\\n\n\n<p>Es gibt kostenlose Parkpl\\u00e4tze in der N\\u00e4he.<\\\/p>\",\"margin\":\"default\"}},{\"type\":\"image\",\"props\":{\"image\":\"wp-content\\\/uploads\\\/2024\\\/03\\\/Ketelbinkie-Kruitloper-01.jg_.jpg\",\"image_svg_color\":\"emphasis\",\"margin\":\"default\",\"text_align\":\"center\"}}]}]},{\"type\":\"row\",\"children\":[{\"type\":\"column\",\"props\":{\"image_position\":\"center-center\",\"position_sticky_breakpoint\":\"m\"},\"children\":[{\"type\":\"module_position\",\"props\":{\"breakpoint\":\"m\",\"content\":\"builder-3\",\"layout\":\"stack\"}}]}]}]}]}]}],\"name\":\"navigatie\"}],\"version\":\"4.4.2\"} --><\/p>\n","protected":false},"excerpt":{"rendered":"<p>Erlebnisprogramm Ketelbinkie &amp; Kruitloper Das erste eiserne niederl\u00e4ndische Marineschiff, BUFFEL, kam 1868 von der Bauwerft in Glasgow, Schottland. Das urspr\u00fcnglich dampfbetriebene Schiff liegt heute im Hafen von Hellevoetsluis, innerhalb der historischen Festung. Das Ketelbinkie-Kruitloper-Erlebnisprogramm ist eine der m\u00f6glichen Erg\u00e4nzungen zu einem Besuch; In Absprache gibt es viele M\u00f6glichkeiten. Das Programm spielt im Jahr 1868, als [&hellip;]<\/p>\n","protected":false},"author":1,"featured_media":0,"parent":2809,"menu_order":0,"comment_status":"closed","ping_status":"closed","template":"","meta":{"_acf_changed":false,"footnotes":""},"class_list":["post-2819","page","type-page","status-publish","hentry"],"acf":[],"_links":{"self":[{"href":"https:\/\/debuffel.nl\/de\/wp-json\/wp\/v2\/pages\/2819","targetHints":{"allow":["GET"]}}],"collection":[{"href":"https:\/\/debuffel.nl\/de\/wp-json\/wp\/v2\/pages"}],"about":[{"href":"https:\/\/debuffel.nl\/de\/wp-json\/wp\/v2\/types\/page"}],"author":[{"embeddable":true,"href":"https:\/\/debuffel.nl\/de\/wp-json\/wp\/v2\/users\/1"}],"replies":[{"embeddable":true,"href":"https:\/\/debuffel.nl\/de\/wp-json\/wp\/v2\/comments?post=2819"}],"version-history":[{"count":23,"href":"https:\/\/debuffel.nl\/de\/wp-json\/wp\/v2\/pages\/2819\/revisions"}],"predecessor-version":[{"id":3174,"href":"https:\/\/debuffel.nl\/de\/wp-json\/wp\/v2\/pages\/2819\/revisions\/3174"}],"up":[{"embeddable":true,"href":"https:\/\/debuffel.nl\/de\/wp-json\/wp\/v2\/pages\/2809"}],"wp:attachment":[{"href":"https:\/\/debuffel.nl\/de\/wp-json\/wp\/v2\/media?parent=2819"}],"curies":[{"name":"wp","href":"https:\/\/api.w.org\/{rel}","templated":true}]}}