{"id":2821,"date":"2024-03-30T13:16:35","date_gmt":"2024-03-30T12:16:35","guid":{"rendered":"https:\/\/debuffel.nl\/sehen-und-tun\/partys-gruppenausfluege-oder-treffen\/"},"modified":"2024-04-24T12:17:41","modified_gmt":"2024-04-24T10:17:41","slug":"partys-gruppenausfluege-oder-treffen","status":"publish","type":"page","link":"https:\/\/debuffel.nl\/de\/sehen-und-tun\/partys-gruppenausfluege-oder-treffen\/","title":{"rendered":"Partys, Gruppenausfl\u00fcge oder Treffen"},"content":{"rendered":"<p><a href=\"\/de\/\"><img decoding=\"async\" src=\"\/wp-content\/uploads\/2024\/03\/Logo-De-Buffel.svg\" alt=\"\"><\/a><br \/>\n<img decoding=\"async\" src=\"\/wp-content\/uploads\/2024\/03\/Top-image-Arrangementen-06.jpg\" alt=\"\"><\/p>\n<h1>Partys, Gruppenausfl\u00fcge oder Meetings<\/h1>\n<div>\n<p>De Buffel steht auch f\u00fcr (Familien-)Partys zur Verf\u00fcgung. Es besteht auch die M\u00f6glichkeit, Mittag-\/Abendessen oder Besprechungen an Bord abzuhalten. In Absprache k\u00f6nnen hierf\u00fcr auch Teile des Schiffes zur Verf\u00fcgung gestellt werden, die normalerweise Museumsbesuchern zur Verf\u00fcgung stehen.<\/p>\n<p>Informationen und anfallende Kosten erhalten Sie \u00fcber das Sekretariat, Telefonnummer 06-13238685. Eine E-Mail mit Ihrer Informationsanfrage kann an info@debuffel.nl gesendet werden<\/p>\n<p>In den Sommermonaten ist das Oberdeck als Terrasse ausgestattet, auf der die Schiffsbesucher zahlreiche Erfrischungen genie\u00dfen k\u00f6nnen. Im Winter steht hierf\u00fcr der Backraum zur Verf\u00fcgung.<br \/>Getr\u00e4nke und Snacks werden von der Catering-Gruppe des Museums bereitgestellt.<br \/>F\u00fcr Buffets, Abendessen oder Mittagessen arbeiten wir mit einem Caterer oder einem angrenzenden Restaurant zusammen.<\/p>\n<\/div>\n<h1>Schiffsteile<\/h1>\n<ul>\n<li>\n<p><img decoding=\"async\" src=\"\/wp-content\/uploads\/2024\/03\/Feesten-en-partijen-01.jpg\" alt=\"\"><\/p>\n<p>Der Longroom f\u00fcr bis zu 26 Personen, geeignet f\u00fcr Abendessen und Besprechungen<\/p>\n<\/li>\n<li>\n<p><img decoding=\"async\" src=\"\/wp-content\/uploads\/2024\/03\/Feesten-en-partijen-02.jpg\" alt=\"\"><\/p>\n<p>Der Longroom<\/p>\n<\/li>\n<li>\n<p><img decoding=\"async\" src=\"\/wp-content\/uploads\/2024\/03\/Feesten-en-partijen-03.jpg\" alt=\"\"><\/p>\n<p>Der Longroom<\/p>\n<\/li>\n<li>\n<p><img decoding=\"async\" src=\"\/wp-content\/uploads\/2024\/03\/Feesten-en-partijen-04.jpg\" alt=\"\"><\/p>\n<p>Het Kuildek f\u00fcr informellere Treffen<\/p>\n<\/li>\n<li>\n<p><img decoding=\"async\" src=\"\/wp-content\/uploads\/2024\/03\/Feesten-en-partijen-05.jpg\" alt=\"\"><\/p>\n<p>Der Baks-Raum f\u00fcr informellere Zusammenk\u00fcnfte<\/p>\n<\/li>\n<li>\n<p><img decoding=\"async\" src=\"\/wp-content\/uploads\/2024\/03\/Feesten-en-partijen-06.jpg\" alt=\"\"><\/p>\n<p>Der Baks-Raum<\/p>\n<\/li>\n<li>\n<p><img decoding=\"async\" src=\"\/wp-content\/uploads\/2024\/03\/Feesten-en-partijen-07.jpg\" alt=\"\"><\/p>\n<p>Das Achterdeck ist als Terrasse konzipiert<\/p>\n<\/li>\n<li>\n<p><img decoding=\"async\" src=\"\/wp-content\/uploads\/2024\/03\/Feesten-en-partijen-08.jpg\" alt=\"\"><\/p>\n<p>Das Achterdeck<\/p>\n<\/li>\n<\/ul>\n<h1>Beispiele f\u00fcr die Buffetanordnung<\/h1>\n<ul>\n<li>\n<p><img decoding=\"async\" src=\"\/wp-content\/uploads\/2024\/03\/Buffetten-01.jpg\" alt=\"\"><\/p>\n<\/li>\n<li>\n<p><img decoding=\"async\" src=\"\/wp-content\/uploads\/2024\/03\/Buffetten-05.jpg\" alt=\"\"><\/p>\n<\/li>\n<li>\n<p><img decoding=\"async\" src=\"\/wp-content\/uploads\/2024\/03\/Buffetten-02.jpg\" alt=\"\"><\/p>\n<\/li>\n<li>\n<p><img decoding=\"async\" src=\"\/wp-content\/uploads\/2024\/03\/Buffetten-03.jpg\" alt=\"\"><\/p>\n<\/li>\n<li>\n<p><img decoding=\"async\" src=\"\/wp-content\/uploads\/2024\/03\/Buffetten-04.jpg\" alt=\"\"><\/p>\n<\/li>\n<\/ul>\n<p><!--more--><br \/>\n<!-- {\"type\":\"layout\",\"children\":[{\"type\":\"section\",\"props\":{\"image_position\":\"center-center\",\"padding\":\"none\",\"padding_remove_bottom\":true,\"style\":\"default\",\"title_breakpoint\":\"xl\",\"title_position\":\"top-left\",\"title_rotation\":\"left\",\"vertical_align\":\"middle\",\"width\":\"expand\"},\"children\":[{\"type\":\"row\",\"props\":{\"column_gap\":\"collapse\",\"css\":\".uk-nav-primary> li > a {\\nbackground: linear-gradient(#ffffff 0 0) no-repeat;\\n  background-size: 0%;\\n  transition: .4s;\\npadding: 5px}\\n\\n.uk-nav-primary > li > a:hover {\\n  background-size: 100%;\\n  transition: .4s;}\\n\\n.uk-nav-sub > li > a {\\nbackground: linear-gradient(#ffffff 0 0) no-repeat;\\n  background-size: 0%;\\n  transition: .4s;\\npadding: 5px}\\n\\n.uk-nav-sub > li > a:hover {\\n  background-size: 100%;\\n  transition: .4s;}\\n\\n.uk-nav-sub li.uk-active > a {\\nbackground: linear-gradient(#ffffff 0 0) no-repeat;\\n  background-size: 100%;}\",\"layout\":\"large,expand\",\"margin\":\"remove-vertical\",\"parallax\":true,\"parallax_end\":\"100vh\",\"parallax_start\":\"100vh\",\"width\":\"expand\"},\"children\":[{\"type\":\"column\",\"props\":{\"css\":\".el-column { background: linear-gradient(260deg,#1A2980,#2684c4);}\\n\\n.el-element { padding-left: 40px;}\",\"image_position\":\"center-center\",\"position_sticky\":\"column\",\"position_sticky_breakpoint\":\"m\",\"width_medium\":\"medium\"},\"children\":[{\"type\":\"image\",\"props\":{\"image\":\"wp-content\\\/uploads\\\/2024\\\/03\\\/Logo-De-Buffel.svg\",\"image_svg_color\":\"emphasis\",\"image_width\":200,\"link\":\"de\\\/\",\"margin\":\"default\",\"position\":\"absolute\",\"position_left\":\"-15\",\"text_align\":\"center\",\"visibility\":\"l\"}},{\"type\":\"module_position\",\"props\":{\"animation\":\"none\",\"breakpoint\":\"m\",\"content\":\"sidebar\",\"layout\":\"stack\",\"position\":\"relative\",\"position_left\":\"-10\",\"position_top\":\"40vh\",\"visibility\":\"l\"}},{\"type\":\"module_position\",\"props\":{\"animation\":\"none\",\"breakpoint\":\"m\",\"class\":\"uk-sticky\",\"content\":\"builder-1\",\"css\":\".el-element a { font-size: 18px;}\",\"layout\":\"stack\",\"margin\":\"remove-vertical\",\"position\":\"absolute\",\"position_bottom\":\"-80vh\",\"position_left\":\"-10\",\"vertical_align\":false,\"visibility\":\"l\"}}]},{\"type\":\"column\",\"props\":{\"image_position\":\"center-center\",\"position_sticky_breakpoint\":\"m\",\"width_medium\":\"expand\"},\"children\":[{\"type\":\"fragment\",\"props\":{\"margin\":\"default\"},\"children\":[{\"type\":\"row\",\"props\":{\"class\":\"uk-visible@m\",\"column_gap\":\"collapse\",\"height\":\"viewport\",\"height_offset_top\":true,\"height_viewport\":60,\"margin\":\"remove-vertical\",\"parallax\":false,\"row_gap\":\"collapse\",\"width\":\"expand\"},\"children\":[{\"type\":\"column\",\"props\":{\"image\":\"wp-content\\\/uploads\\\/2024\\\/03\\\/Top-image-Arrangementen-06.jpg\",\"image_effect\":\"parallax\",\"image_parallax_bgy\":\"500\",\"image_parallax_target\":\"![class*='uk-section-'] ~ [class*='uk-section-']\",\"image_position\":\"center-center\",\"padding\":\"none\",\"position_sticky_breakpoint\":\"m\",\"position_sticky_offset\":\"100px\"}}]},{\"type\":\"row\",\"props\":{\"class\":\"uk-hidden@m\",\"margin_remove_top\":true},\"children\":[{\"type\":\"column\",\"props\":{\"image_position\":\"center-center\",\"position_sticky_breakpoint\":\"m\"},\"children\":[{\"type\":\"image\",\"props\":{\"image\":\"wp-content\\\/uploads\\\/2024\\\/03\\\/Top-image-Arrangementen-06.jpg\",\"image_svg_color\":\"emphasis\",\"margin\":\"default\"}}]}]},{\"type\":\"row\",\"props\":{\"column_gap\":\"collapse\",\"css\":\".el-row {\\n  padding-left: 10px;\\n    padding-right: 10px;}\",\"margin\":\"default\",\"row_gap\":\"collapse\",\"width\":\"default\"},\"children\":[{\"type\":\"column\",\"props\":{\"image_position\":\"center-center\",\"padding\":\"none\",\"position_sticky_breakpoint\":\"m\",\"position_sticky_offset\":\"50vh -50%\",\"style\":\"tile-default\"},\"children\":[{\"type\":\"headline\",\"props\":{\"content\":\"Partys, Gruppenausfl\\u00fcge oder Meetings\",\"title_element\":\"h1\"}},{\"type\":\"text\",\"props\":{\"column_breakpoint\":\"m\",\"content\":\"\n\n<p>De Buffel steht auch f\\u00fcr (Familien-)Partys zur Verf\\u00fcgung. Es besteht auch die M\\u00f6glichkeit, Mittag-\\\/Abendessen oder Besprechungen an Bord abzuhalten. In Absprache k\\u00f6nnen hierf\\u00fcr auch Teile des Schiffes zur Verf\\u00fcgung gestellt werden, die normalerweise Museumsbesuchern zur Verf\\u00fcgung stehen.<\\\/p>\\n\n\n<p>Informationen und anfallende Kosten erhalten Sie \\u00fcber das Sekretariat, Telefonnummer 06-13238685. Eine E-Mail mit Ihrer Informationsanfrage kann an info@debuffel.nl gesendet werden<\\\/p>\\n\n\n<p><br \\\/>In den Sommermonaten ist das Oberdeck als Terrasse ausgestattet, auf der die Schiffsbesucher zahlreiche Erfrischungen genie\\u00dfen k\\u00f6nnen. Im Winter steht hierf\\u00fcr der Backraum zur Verf\\u00fcgung.<br \\\/>Getr\\u00e4nke und Snacks werden von der Catering-Gruppe des Museums bereitgestellt.<br \\\/>F\\u00fcr Buffets, Abendessen oder Mittagessen arbeiten wir mit einem Caterer oder einem angrenzenden Restaurant zusammen.<\\\/p>\",\"margin\":\"default\"}}]}]},{\"type\":\"row\",\"props\":{\"column_gap\":\"collapse\",\"css\":\".el-row {\\n  padding-left: 10px;\\n    padding-right: 10px;}\",\"margin\":\"default\",\"row_gap\":\"collapse\",\"width\":\"default\"},\"children\":[{\"type\":\"column\",\"props\":{\"image_position\":\"center-center\",\"padding\":\"none\",\"position_sticky_breakpoint\":\"m\",\"position_sticky_offset\":\"50vh -50%\",\"style\":\"tile-default\"},\"children\":[{\"type\":\"headline\",\"props\":{\"content\":\"Schiffsteile\",\"title_element\":\"h1\",\"title_style\":\"h3\"}},{\"type\":\"grid\",\"props\":{\"content_column_breakpoint\":\"m\",\"filter\":true,\"filter_align\":\"left\",\"filter_all\":true,\"filter_all_label\":\"Alles\",\"filter_grid_breakpoint\":\"m\",\"filter_grid_width\":\"auto\",\"filter_position\":\"top\",\"filter_style\":\"tab\",\"grid_column_gap\":\"small\",\"grid_default\":\"1\",\"grid_large\":\"2\",\"grid_medium\":\"2\",\"grid_row_gap\":\"small\",\"grid_small\":\"2\",\"grid_xlarge\":\"2\",\"icon_width\":80,\"image_align\":\"top\",\"image_grid_breakpoint\":\"m\",\"image_grid_width\":\"1-2\",\"image_svg_color\":\"emphasis\",\"item_animation\":true,\"link_style\":\"default\",\"link_text\":\"Read more\",\"margin\":\"default\",\"meta_align\":\"below-title\",\"meta_element\":\"div\",\"meta_style\":\"text-meta\",\"show_content\":true,\"show_image\":true,\"show_link\":true,\"show_meta\":true,\"show_title\":true,\"title_align\":\"top\",\"title_element\":\"h3\",\"title_grid_breakpoint\":\"m\",\"title_grid_width\":\"1-2\",\"title_hover_style\":\"reset\"},\"children\":[{\"type\":\"grid_item\",\"props\":{\"image\":\"wp-content\\\/uploads\\\/2024\\\/03\\\/Feesten-en-partijen-01.jpg\",\"meta\":\"Der Longroom f\\u00fcr bis zu 26 Personen, geeignet f\\u00fcr Abendessen und Besprechungen\",\"tags\":\"Longroom\",\"title\":\"\"}},{\"type\":\"grid_item\",\"props\":{\"image\":\"wp-content\\\/uploads\\\/2024\\\/03\\\/Feesten-en-partijen-02.jpg\",\"meta\":\"Der Longroom\",\"tags\":\"Longroom\",\"title\":\"\"}},{\"type\":\"grid_item\",\"props\":{\"image\":\"wp-content\\\/uploads\\\/2024\\\/03\\\/Feesten-en-partijen-03.jpg\",\"meta\":\"Der Longroom\",\"tags\":\"Longroom\",\"title\":\"\"}},{\"type\":\"grid_item\",\"props\":{\"image\":\"wp-content\\\/uploads\\\/2024\\\/03\\\/Feesten-en-partijen-04.jpg\",\"meta\":\"Het Kuildek f\\u00fcr informellere Treffen\",\"tags\":\"Kuildek\",\"title\":\"\"}},{\"type\":\"grid_item\",\"props\":{\"image\":\"wp-content\\\/uploads\\\/2024\\\/03\\\/Feesten-en-partijen-05.jpg\",\"meta\":\"Der Baks-Raum f\\u00fcr informellere Zusammenk\\u00fcnfte\",\"tags\":\"Baks-Raum\",\"title\":\"\"}},{\"type\":\"grid_item\",\"props\":{\"image\":\"wp-content\\\/uploads\\\/2024\\\/03\\\/Feesten-en-partijen-06.jpg\",\"meta\":\"Der Baks-Raum\",\"tags\":\"Baks-Raum\",\"title\":\"\"}},{\"type\":\"grid_item\",\"props\":{\"image\":\"wp-content\\\/uploads\\\/2024\\\/03\\\/Feesten-en-partijen-07.jpg\",\"meta\":\"Das Achterdeck ist als Terrasse konzipiert\",\"tags\":\"Achterdeck\",\"title\":\"\"}},{\"type\":\"grid_item\",\"props\":{\"image\":\"wp-content\\\/uploads\\\/2024\\\/03\\\/Feesten-en-partijen-08.jpg\",\"meta\":\"Das Achterdeck\",\"tags\":\"Achterdeck\",\"title\":\"\"}}]}]}]},{\"type\":\"row\",\"props\":{\"column_gap\":\"collapse\",\"css\":\".el-row {\\n  padding-left: 10px;\\n    padding-right: 10px;}\",\"margin\":\"default\",\"row_gap\":\"collapse\",\"width\":\"default\"},\"children\":[{\"type\":\"column\",\"props\":{\"image_position\":\"center-center\",\"padding\":\"none\",\"position_sticky_breakpoint\":\"m\",\"position_sticky_offset\":\"50vh -50%\",\"style\":\"tile-default\"},\"children\":[{\"type\":\"headline\",\"props\":{\"content\":\"Beispiele f\\u00fcr die Buffetanordnung\",\"title_element\":\"h1\",\"title_style\":\"h3\"}},{\"type\":\"grid\",\"props\":{\"content_column_breakpoint\":\"m\",\"filter\":false,\"filter_align\":\"left\",\"filter_all\":true,\"filter_all_label\":\"Alles\",\"filter_grid_breakpoint\":\"m\",\"filter_grid_width\":\"auto\",\"filter_position\":\"top\",\"filter_style\":\"tab\",\"grid_column_align\":true,\"grid_column_gap\":\"small\",\"grid_default\":\"1\",\"grid_large\":\"2\",\"grid_medium\":\"2\",\"grid_row_gap\":\"small\",\"grid_small\":\"2\",\"grid_xlarge\":\"2\",\"icon_width\":80,\"image_align\":\"top\",\"image_grid_breakpoint\":\"m\",\"image_grid_width\":\"1-2\",\"image_svg_color\":\"emphasis\",\"item_animation\":true,\"link_style\":\"default\",\"link_text\":\"Read more\",\"margin\":\"default\",\"meta_align\":\"below-title\",\"meta_element\":\"div\",\"meta_style\":\"text-meta\",\"show_content\":true,\"show_image\":true,\"show_link\":true,\"show_meta\":true,\"show_title\":true,\"title_align\":\"top\",\"title_element\":\"h3\",\"title_grid_breakpoint\":\"m\",\"title_grid_width\":\"1-2\",\"title_hover_style\":\"reset\"},\"children\":[{\"type\":\"grid_item\",\"props\":{\"image\":\"wp-content\\\/uploads\\\/2024\\\/03\\\/Buffetten-01.jpg\",\"meta\":\"\",\"title\":\"\"}},{\"type\":\"grid_item\",\"props\":{\"image\":\"wp-content\\\/uploads\\\/2024\\\/03\\\/Buffetten-05.jpg\",\"meta\":\"\",\"title\":\"\"}},{\"type\":\"grid_item\",\"props\":{\"image\":\"wp-content\\\/uploads\\\/2024\\\/03\\\/Buffetten-02.jpg\",\"meta\":\"\",\"title\":\"\"}},{\"type\":\"grid_item\",\"props\":{\"image\":\"wp-content\\\/uploads\\\/2024\\\/03\\\/Buffetten-03.jpg\",\"meta\":\"\",\"title\":\"\"}},{\"type\":\"grid_item\",\"props\":{\"image\":\"wp-content\\\/uploads\\\/2024\\\/03\\\/Buffetten-04.jpg\",\"meta\":\"\",\"title\":\"\"}}]}]}]},{\"type\":\"row\",\"children\":[{\"type\":\"column\",\"props\":{\"image_position\":\"center-center\",\"position_sticky_breakpoint\":\"m\"},\"children\":[{\"type\":\"module_position\",\"props\":{\"breakpoint\":\"m\",\"content\":\"builder-3\",\"layout\":\"stack\"}}]}]}]}]}]}],\"name\":\"navigatie\"}],\"version\":\"4.3.12\"} --><\/p>\n","protected":false},"excerpt":{"rendered":"<p>Partys, Gruppenausfl\u00fcge oder Meetings De Buffel steht auch f\u00fcr (Familien-)Partys zur Verf\u00fcgung. Es besteht auch die M\u00f6glichkeit, Mittag-\/Abendessen oder Besprechungen an Bord abzuhalten. In Absprache k\u00f6nnen hierf\u00fcr auch Teile des Schiffes zur Verf\u00fcgung gestellt werden, die normalerweise Museumsbesuchern zur Verf\u00fcgung stehen. Informationen und anfallende Kosten erhalten Sie \u00fcber das Sekretariat, Telefonnummer 06-13238685. Eine E-Mail mit [&hellip;]<\/p>\n","protected":false},"author":1,"featured_media":0,"parent":2809,"menu_order":0,"comment_status":"closed","ping_status":"closed","template":"","meta":{"_acf_changed":false,"footnotes":""},"class_list":["post-2821","page","type-page","status-publish","hentry"],"acf":[],"_links":{"self":[{"href":"https:\/\/debuffel.nl\/de\/wp-json\/wp\/v2\/pages\/2821","targetHints":{"allow":["GET"]}}],"collection":[{"href":"https:\/\/debuffel.nl\/de\/wp-json\/wp\/v2\/pages"}],"about":[{"href":"https:\/\/debuffel.nl\/de\/wp-json\/wp\/v2\/types\/page"}],"author":[{"embeddable":true,"href":"https:\/\/debuffel.nl\/de\/wp-json\/wp\/v2\/users\/1"}],"replies":[{"embeddable":true,"href":"https:\/\/debuffel.nl\/de\/wp-json\/wp\/v2\/comments?post=2821"}],"version-history":[{"count":9,"href":"https:\/\/debuffel.nl\/de\/wp-json\/wp\/v2\/pages\/2821\/revisions"}],"predecessor-version":[{"id":2978,"href":"https:\/\/debuffel.nl\/de\/wp-json\/wp\/v2\/pages\/2821\/revisions\/2978"}],"up":[{"embeddable":true,"href":"https:\/\/debuffel.nl\/de\/wp-json\/wp\/v2\/pages\/2809"}],"wp:attachment":[{"href":"https:\/\/debuffel.nl\/de\/wp-json\/wp\/v2\/media?parent=2821"}],"curies":[{"name":"wp","href":"https:\/\/api.w.org\/{rel}","templated":true}]}}