{"id":2824,"date":"2024-03-29T10:15:20","date_gmt":"2024-03-29T09:15:20","guid":{"rendered":"https:\/\/debuffel.nl\/sehen-und-tun\/piratenpartei\/"},"modified":"2025-01-26T15:48:04","modified_gmt":"2025-01-26T14:48:04","slug":"piratenpartei","status":"publish","type":"page","link":"https:\/\/debuffel.nl\/de\/sehen-und-tun\/piratenpartei\/","title":{"rendered":"Piratenpartei"},"content":{"rendered":"<p><a href=\"\/de\/\"><img decoding=\"async\" src=\"\/wp-content\/uploads\/2024\/03\/Logo-De-Buffel.svg\" alt=\"\"><\/a><br \/>\n<img decoding=\"async\" src=\"\/wp-content\/uploads\/2024\/03\/Top-image-Arrangementen-02A.jpg\" alt=\"\"><\/p>\n<h1>Piratenpartei<\/h1>\n<h1>Nur f\u00fcr harte Piraten<\/h1>\n<h1>Ist es dein Geburtstag? Haben Sie etwas zu feiern?<\/h1>\n<div>\n<p>Nehmen Sie alle Ihre Freunde mit zum Buffel!<\/p>\n<p>Dort k\u00f6nnen Sie mindestens 2,5 Stunden lang in die Piratenwelt eintauchen.<\/p>\n<p>Zuerst verwandeln wir dich in einen echten Piraten.<\/p>\n<p>Wir werden nach Sch\u00e4tzen suchen, Fische fangen, ein Schiff besteigen und vieles mehr.<\/p>\n<p>Wir machen ein einzigartiges Gruppenfoto beim Kommandanten. Bauen Sie zum Abschluss der Party Ihr eigenes Piratenboot (das Sie mit nach Hause nehmen k\u00f6nnen).<\/p>\n<\/div>\n<p><img decoding=\"async\" src=\"\/wp-content\/uploads\/2024\/03\/Logo-Buffeltje-Piraat1.png\" alt=\"\"><\/p>\n<h1>Kosten<\/h1>\n<table>\n<tbody>\n<tr>\n<td>\u20ac 15,-<\/td>\n<td>pro Kind<\/td>\n<\/tr>\n<tr>\n<td>\u20ac 9,-<\/td>\n<td>pro Begleitperson<\/td>\n<\/tr>\n<tr>\n<td>\u20ac 4,50 <\/td>\n<td>pro zus\u00e4tzlicher Mahlzeit<\/td>\n<\/tr>\n<\/tbody>\n<\/table>\n<div>\n<p>F\u00fcr knallharte Piraten im Alter von 5 \u2013 8 Jahren.<\/p>\n<p>Reservierungen oder zus\u00e4tzliche Informationen:\u00a0<a href=\"mailto:info@debuffel.nl\">info@debuffel.nl<\/a><\/p>\n<\/div>\n<ul>\n<li>\n<p>        <img decoding=\"async\" src=\"\/wp-content\/uploads\/2024\/03\/KF001.SemBoender.8-3-2024.website.jpg\" alt=\"\"><\/p>\n<h3>Sem wurde 8 Jahre alt.<\/h3>\n<div>\n<p>Und er kam extra aus Heinenoord, um mit seinen Freunden im Buffel zu feiern. Sie haben<br \/>alle lernten, wie man nach Sch\u00e4tzen sucht; es gelang ihnen, den S\u00e4bel, der in St\u00fccken im Meer lag, wieder in Ordnung zu bringen; und \u2013 wie wirklich harte Piraten \u2013 fingen und a\u00dfen sie Fische. Und so ging eine weitere Gruppe zertifizierter Piraten nach Hause. Sem fand es eine \u201eZU VERR\u00dcCKTE\u201c Party.<\/p>\n<\/div>\n<\/li>\n<li>\n<p>        <img decoding=\"async\" src=\"\/wp-content\/uploads\/2024\/03\/Piratenfeestje-02.jpg\" alt=\"\"><\/p>\n<h3>Am 9. Februar kam Luca zum Buffel.<\/h3>\n<div>\n<p>In seinem Gefolge alle seine Freunde. Es ist schon eine Weile her, aber f\u00fcr Luca war es eine unvergessliche Party. Sie waren ziemlich beeindruckt vom Gef\u00e4ngnis und den Haien im Meer. Doch das ging bald vor\u00fcber. Am besten gefiel ihnen das Piratenboot, das sie selbst gebaut hatten und mit nach Hause nehmen durften. Am stolzesten sind sie (immer noch!) auf ihr Piratendiplom. Nun, Luca: Du hast es verdient!<\/p>\n<\/div>\n<\/li>\n<li>\n<p>        <img decoding=\"async\" src=\"\/wp-content\/uploads\/2024\/03\/Piratenfeestje-03.jpg\" alt=\"\"><\/p>\n<h3>Davi feierte am 10. Dezember seinen 5. Geburtstag im Buffel.<\/h3>\n<div>\n<p>Als harter Pirat \u00fcbernahm er das gesamte Schiff, unterst\u00fctzt von seinen Freunden D&#8217;Jay, Bente und Nia. Selbst der Kommandant der Buffalo konnte sie nicht mehr beeindrucken. Nach dem Werfen von Goldbl\u00f6cken, dem Essen von Fisch und dem Besteigen eines Schiffes haben sie bewiesen, dass sie hart im Nehmen sind<br \/>Piraten. Davis eigene Worte: Ein toller Tag!<\/p>\n<\/div>\n<\/li>\n<li>\n<p>        <img decoding=\"async\" src=\"\/wp-content\/uploads\/2024\/03\/Piratenfeestje-04.jpg\" alt=\"\"><\/p>\n<h3>Am Samstag, den 23. April, kam Elise mit ihren Freunden, um ihren Geburtstag im Buffel zu feiern.<\/h3>\n<div>\n<p>Elise hatte f\u00fcr einen Moment Angst, dass sie die Pr\u00fcfung zur Piratin nicht bestehen w\u00fcrde. Also! Hier ist der Beweis!<br \/>Alle Kinder k\u00f6nnen zu coolen Piraten werden. Es war eine Party, die Sie nie vergessen werden. \u201eN\u00e4chstes Jahr wieder\u201c, sagte Elise.<\/p>\n<\/div>\n<\/li>\n<li>\n<p>        <img decoding=\"async\" src=\"\/wp-content\/uploads\/2024\/03\/Piratenfeestje-05.jpg\" alt=\"\"><\/p>\n<h3>Es war Levis Geburtstag und er kam, um seine Party im Buffel zu feiern.<\/h3>\n<div>\n<p>Er verwandelte sich in einen echten Piraten und \u00fcbernahm sofort die F\u00fchrung<br \/>\u00fcber seine Crew. Bruder Dani\u00ebl war ein sehr guter stellvertretender Kapit\u00e4n. Sie verbrachten noch ein paar N\u00e4chte damit, von der \u201ebesten Party aller Zeiten\u201c zu tr\u00e4umen.<\/p>\n<\/div>\n<\/li>\n<li>\n<p>        <img decoding=\"async\" src=\"\/wp-content\/uploads\/2024\/03\/Piratenfeestje-06.jpg\" alt=\"\"><\/p>\n<h3>Cody feierte letzten Samstag seinen Geburtstag im Buffalo.Buffel.<\/h3>\n<div>\n<p>Zusammen mit seinen Freunden hat er spannende Piratenabenteuer erlebt. Bei der Schatzsuche gab es eine gute Beratung. Als sie ein anderes Schiff bestiegen, mussten sie sehr auf Tintenfische und Haie achten! Von der heldenhaften \u00dcberfahrt blieben nur wenige (aufgemalte) Narben zur\u00fcck. Das zeigen sie stolz auf dem Gruppenfoto.<\/p>\n<\/div>\n<\/li>\n<li>\n<p>        <img decoding=\"async\" src=\"\/wp-content\/uploads\/2024\/03\/Piratenfeestje-07.jpg\" alt=\"\"><\/p>\n<h3>Mathilde kam vor kurzem nach Buffel, um ihren 7. Geburtstag zu feiern.<\/h3>\n<div>\n<p>Gemeinsam mit 10 Freunden gab es in der Piratenh\u00f6hle jede Menge Spa\u00df. W\u00e4hrend eines der Spiele wurde ein anderes Schiff geentert und das Gold gestohlen. Nun, dann gibt es keine andere M\u00f6glichkeit, als alle ins Gef\u00e4ngnis zu stecken.<\/p>\n<\/div>\n<\/li>\n<li>\n<p>        <img decoding=\"async\" src=\"\/wp-content\/uploads\/2024\/03\/Piratenfeestje-08.jpg\" alt=\"\"><\/p>\n<h3>Am Mittwoch, dem 7. November, kam Declan, um seinen Geburtstag im Buffel zu feiern.rdag vieren op de Buffel.<\/h3>\n<div>\n<p>Nachdem sie nach Sch\u00e4tzen gesucht, Fische gefangen, raue See \u00fcberquert und Chips gegessen hatten, bestanden sie alle ihr Piratendiplom.<\/p>\n<\/div>\n<\/li>\n<\/ul>\n<p><!--more--><br \/>\n<!-- {\"type\":\"layout\",\"children\":[{\"type\":\"section\",\"props\":{\"image_position\":\"center-center\",\"padding\":\"none\",\"padding_remove_bottom\":true,\"style\":\"default\",\"title_breakpoint\":\"xl\",\"title_position\":\"top-left\",\"title_rotation\":\"left\",\"vertical_align\":\"\",\"width\":\"expand\"},\"children\":[{\"type\":\"row\",\"props\":{\"column_gap\":\"collapse\",\"css\":\".uk-nav-primary> li > a {\\nbackground: linear-gradient(#ffffff 0 0) no-repeat;\\n  background-size: 0%;\\n  transition: .4s;\\npadding: 5px}\\n\\n.uk-nav-primary > li > a:hover {\\n  background-size: 100%;\\n  transition: .4s;}\\n\\n.uk-nav-sub > li > a {\\nbackground: linear-gradient(#ffffff 0 0) no-repeat;\\n  background-size: 0%;\\n  transition: .4s;\\npadding: 5px}\\n\\n.uk-nav-sub > li > a:hover {\\n  background-size: 100%;\\n  transition: .4s;}\\n\\n.uk-nav-sub li.uk-active > a {\\nbackground: linear-gradient(#ffffff 0 0) no-repeat;\\n  background-size: 100%;}\",\"layout\":\"large,expand\",\"margin\":\"remove-vertical\",\"parallax\":true,\"parallax_end\":\"100vh\",\"parallax_start\":\"100vh\",\"width\":\"expand\"},\"children\":[{\"type\":\"column\",\"props\":{\"css\":\".el-column { background: linear-gradient(260deg,#1A2980,#2684c4);}\\n\\n.el-element { padding-left: 40px;}\",\"image_position\":\"center-center\",\"position_sticky\":\"column\",\"position_sticky_breakpoint\":\"m\",\"width_medium\":\"medium\"},\"children\":[{\"type\":\"image\",\"props\":{\"image\":\"wp-content\\\/uploads\\\/2024\\\/03\\\/Logo-De-Buffel.svg\",\"image_svg_color\":\"emphasis\",\"image_width\":200,\"link\":\"de\\\/\",\"margin\":\"default\",\"position\":\"absolute\",\"position_left\":\"-15\",\"text_align\":\"center\",\"visibility\":\"l\"}},{\"type\":\"module_position\",\"props\":{\"animation\":\"none\",\"breakpoint\":\"m\",\"content\":\"sidebar\",\"layout\":\"stack\",\"position\":\"relative\",\"position_left\":\"-10\",\"position_top\":\"40vh\",\"visibility\":\"l\"}},{\"type\":\"module_position\",\"props\":{\"animation\":\"none\",\"breakpoint\":\"m\",\"class\":\"uk-sticky\",\"content\":\"builder-1\",\"css\":\".el-element a { font-size: 18px;}\",\"layout\":\"stack\",\"margin\":\"remove-vertical\",\"position\":\"absolute\",\"position_bottom\":\"-80vh\",\"position_left\":\"-10\",\"vertical_align\":false,\"visibility\":\"l\"}}]},{\"type\":\"column\",\"props\":{\"image_position\":\"center-center\",\"position_sticky_breakpoint\":\"m\",\"width_medium\":\"expand\"},\"children\":[{\"type\":\"fragment\",\"props\":{\"margin\":\"default\"},\"children\":[{\"type\":\"row\",\"props\":{\"class\":\"uk-visible@m\",\"column_gap\":\"collapse\",\"height\":\"viewport\",\"height_offset_top\":true,\"height_viewport\":60,\"margin\":\"remove-vertical\",\"parallax\":false,\"row_gap\":\"collapse\",\"width\":\"expand\"},\"children\":[{\"type\":\"column\",\"props\":{\"image\":\"wp-content\\\/uploads\\\/2024\\\/03\\\/Top-image-Arrangementen-02A.jpg\",\"image_effect\":\"parallax\",\"image_parallax_bgy\":\"500\",\"image_parallax_target\":\"![class*='uk-section-'] ~ [class*='uk-section-']\",\"image_position\":\"center-center\",\"padding\":\"none\",\"position_sticky_breakpoint\":\"m\",\"position_sticky_offset\":\"100px\"}}]},{\"type\":\"row\",\"props\":{\"class\":\"uk-hidden@m\",\"margin_remove_top\":true},\"children\":[{\"type\":\"column\",\"props\":{\"image_position\":\"center-center\",\"position_sticky_breakpoint\":\"m\"},\"children\":[{\"type\":\"image\",\"props\":{\"image\":\"wp-content\\\/uploads\\\/2024\\\/03\\\/Top-image-Arrangementen-02A.jpg\",\"image_svg_color\":\"emphasis\",\"margin\":\"default\"}}]}]},{\"type\":\"row\",\"props\":{\"css\":\".el-row {\\n  padding-left: 10px;\\n    padding-right: 10px;}\",\"width\":\"default\"},\"children\":[{\"type\":\"column\",\"props\":{\"image_position\":\"center-center\",\"position_sticky_breakpoint\":\"m\"},\"children\":[{\"type\":\"headline\",\"props\":{\"content\":\"Piratenpartei\",\"title_element\":\"h1\"}}]}]},{\"type\":\"row\",\"props\":{\"column_gap\":\"collapse\",\"css\":\".el-row {\\n  padding-left: 10px;\\n    padding-right: 10px;}\",\"layout\":\"2-3,1-3\",\"margin\":\"default\",\"row_gap\":\"collapse\",\"width\":\"default\"},\"children\":[{\"type\":\"column\",\"props\":{\"image_position\":\"center-center\",\"padding\":\"none\",\"position_sticky_breakpoint\":\"m\",\"position_sticky_offset\":\"50vh -50%\",\"style\":\"tile-default\",\"width_medium\":\"2-3\"},\"children\":[{\"type\":\"headline\",\"props\":{\"content\":\"Nur f\\u00fcr harte Piraten\",\"title_element\":\"h1\",\"title_style\":\"h2\"}},{\"type\":\"headline\",\"props\":{\"content\":\"Ist es dein Geburtstag? Haben Sie etwas zu feiern?\",\"title_element\":\"h1\",\"title_style\":\"h3\"}},{\"type\":\"text\",\"props\":{\"column_breakpoint\":\"m\",\"content\":\"\n\n<p>Nehmen Sie alle Ihre Freunde mit zum Buffel!<\\\/p>\\n\n\n<p>Dort k\\u00f6nnen Sie mindestens 2,5 Stunden lang in die Piratenwelt eintauchen.<\\\/p>\\n\n\n<p>Zuerst verwandeln wir dich in einen echten Piraten.<\\\/p>\\n\n\n<p>Wir werden nach Sch\\u00e4tzen suchen, Fische fangen, ein Schiff besteigen und vieles mehr.<\\\/p>\\n\n\n<p>Wir machen ein einzigartiges Gruppenfoto beim Kommandanten. Bauen Sie zum Abschluss der Party Ihr eigenes Piratenboot (das Sie mit nach Hause nehmen k\\u00f6nnen).<\\\/p>\",\"margin\":\"default\"}}]},{\"type\":\"column\",\"props\":{\"image_position\":\"center-center\",\"position_sticky_breakpoint\":\"m\",\"width_medium\":\"1-3\"},\"children\":[{\"type\":\"image\",\"props\":{\"image\":\"wp-content\\\/uploads\\\/2024\\\/03\\\/Logo-Buffeltje-Piraat1.png\",\"image_svg_color\":\"emphasis\",\"margin\":\"default\"}}]}]},{\"type\":\"row\",\"props\":{\"css\":\".el-row {\\n  padding-left: 10px;\\n    padding-right: 10px;}\",\"layout\":\"1-2,1-2\",\"margin\":\"medium\",\"width\":\"default\"},\"children\":[{\"type\":\"column\",\"props\":{\"image_position\":\"center-center\",\"position_sticky_breakpoint\":\"m\",\"style\":\"card-secondary\",\"width_medium\":\"1-2\"},\"children\":[{\"type\":\"headline\",\"props\":{\"content\":\"Kosten\",\"title_element\":\"h1\",\"title_style\":\"h3\"}},{\"type\":\"table\",\"props\":{\"image_svg_color\":\"emphasis\",\"link_style\":\"default\",\"link_text\":\"Read more\",\"maxwidth\":\"large\",\"meta_style\":\"text-large\",\"show_content\":true,\"show_image\":true,\"show_link\":true,\"show_meta\":true,\"show_title\":true,\"table_order\":\"2\",\"table_responsive\":\"overflow\",\"table_style\":\"striped\",\"table_width_content\":\"small\",\"table_width_meta\":\"shrink\",\"table_width_title\":\"shrink\",\"title_style\":\"text-large\"},\"children\":[{\"type\":\"table_item\",\"props\":{\"meta\":\"pro Kind\",\"title\":\"\\u20ac 15,-\"}},{\"type\":\"table_item\",\"props\":{\"meta\":\"pro Begleitperson\",\"title\":\"\\u20ac 9,-\"}},{\"type\":\"table_item\",\"props\":{\"meta\":\"pro zus\\u00e4tzlicher Mahlzeit\",\"title\":\"\\u20ac 4,50 \"}}]}]},{\"type\":\"column\",\"props\":{\"image_position\":\"center-center\",\"position_sticky_breakpoint\":\"m\",\"style\":\"card-default\",\"vertical_align\":\"middle\",\"width_medium\":\"1-2\"},\"children\":[{\"type\":\"text\",\"props\":{\"column_breakpoint\":\"m\",\"content\":\"\n\n<p>F\\u00fcr knallharte Piraten im Alter von 5 \\u2013 8 Jahren.<\\\/p>\\n\n\n<p>Reservierungen oder zus\\u00e4tzliche Informationen:\\u00a0<a href=\\\"mailto:info@debuffel.nl\\\">info@debuffel.nl<\\\/a><\\\/p>\",\"margin\":\"default\"}}]}]},{\"type\":\"row\",\"props\":{\"css\":\".el-row {\\n  padding-left: 10px;\\n    padding-right: 10px;}\",\"margin\":\"medium\",\"width\":\"default\"},\"children\":[{\"type\":\"column\",\"props\":{\"image_position\":\"center-center\",\"position_sticky_breakpoint\":\"m\"},\"children\":[{\"type\":\"grid\",\"props\":{\"content_column_breakpoint\":\"m\",\"filter_align\":\"left\",\"filter_all\":true,\"filter_grid_breakpoint\":\"m\",\"filter_grid_width\":\"auto\",\"filter_position\":\"top\",\"filter_style\":\"tab\",\"grid_default\":\"1\",\"grid_large\":\"2\",\"grid_medium\":\"2\",\"grid_xlarge\":\"2\",\"icon_width\":80,\"image_align\":\"bottom\",\"image_grid_breakpoint\":\"m\",\"image_grid_width\":\"1-2\",\"image_svg_color\":\"emphasis\",\"item_animation\":true,\"lightbox_bg_close\":true,\"link_style\":\"default\",\"link_text\":\"Read more\",\"margin\":\"default\",\"meta_align\":\"below-title\",\"meta_element\":\"div\",\"meta_style\":\"text-meta\",\"panel_padding\":\"small\",\"panel_style\":\"card-default\",\"show_content\":true,\"show_hover_image\":true,\"show_hover_video\":true,\"show_image\":true,\"show_link\":true,\"show_meta\":true,\"show_title\":true,\"show_video\":true,\"title_align\":\"top\",\"title_element\":\"h3\",\"title_grid_breakpoint\":\"m\",\"title_grid_width\":\"1-2\",\"title_hover_style\":\"reset\"},\"children\":[{\"type\":\"grid_item\",\"props\":{\"content\":\"\n\n<p>Und er kam extra aus Heinenoord, um mit seinen Freunden im Buffel zu feiern. Sie haben<br \\\/>alle lernten, wie man nach Sch\\u00e4tzen sucht; es gelang ihnen, den S\\u00e4bel, der in St\\u00fccken im Meer lag, wieder in Ordnung zu bringen; und \\u2013 wie wirklich harte Piraten \\u2013 fingen und a\\u00dfen sie Fische. Und so ging eine weitere Gruppe zertifizierter Piraten nach Hause. Sem fand es eine \\u201eZU VERR\\u00dcCKTE\\u201c Party.<\\\/p>\",\"image\":\"wp-content\\\/uploads\\\/2024\\\/03\\\/KF001.SemBoender.8-3-2024.website.jpg\",\"title\":\"Sem wurde 8 Jahre alt.\"}},{\"type\":\"grid_item\",\"props\":{\"content\":\"\n\n<p>In seinem Gefolge alle seine Freunde. Es ist schon eine Weile her, aber f\\u00fcr Luca war es eine unvergessliche Party. Sie waren ziemlich beeindruckt vom Gef\\u00e4ngnis und den Haien im Meer. Doch das ging bald vor\\u00fcber. Am besten gefiel ihnen das Piratenboot, das sie selbst gebaut hatten und mit nach Hause nehmen durften. Am stolzesten sind sie (immer noch!) auf ihr Piratendiplom. Nun, Luca: Du hast es verdient!<\\\/p>\",\"image\":\"wp-content\\\/uploads\\\/2024\\\/03\\\/Piratenfeestje-02.jpg\",\"title\":\"Am 9. Februar kam Luca zum Buffel.\"}},{\"type\":\"grid_item\",\"props\":{\"content\":\"\n\n<p>Als harter Pirat \\u00fcbernahm er das gesamte Schiff, unterst\\u00fctzt von seinen Freunden D'Jay, Bente und Nia. Selbst der Kommandant der Buffalo konnte sie nicht mehr beeindrucken. Nach dem Werfen von Goldbl\\u00f6cken, dem Essen von Fisch und dem Besteigen eines Schiffes haben sie bewiesen, dass sie hart im Nehmen sind<br \\\/>Piraten. Davis eigene Worte: Ein toller Tag!<\\\/p>\",\"image\":\"wp-content\\\/uploads\\\/2024\\\/03\\\/Piratenfeestje-03.jpg\",\"title\":\"Davi feierte am 10. Dezember seinen 5. Geburtstag im Buffel.\"}},{\"type\":\"grid_item\",\"props\":{\"content\":\"\n\n<p>Elise hatte f\\u00fcr einen Moment Angst, dass sie die Pr\\u00fcfung zur Piratin nicht bestehen w\\u00fcrde. Also! Hier ist der Beweis!<br \\\/>Alle Kinder k\\u00f6nnen zu coolen Piraten werden. Es war eine Party, die Sie nie vergessen werden. \\u201eN\\u00e4chstes Jahr wieder\\u201c, sagte Elise.<\\\/p>\",\"image\":\"wp-content\\\/uploads\\\/2024\\\/03\\\/Piratenfeestje-04.jpg\",\"title\":\"Am Samstag, den 23. April, kam Elise mit ihren Freunden, um ihren Geburtstag im Buffel zu feiern.\"}},{\"type\":\"grid_item\",\"props\":{\"content\":\"\n\n<p>Er verwandelte sich in einen echten Piraten und \\u00fcbernahm sofort die F\\u00fchrung<br \\\/>\\u00fcber seine Crew. Bruder Dani\\u00ebl war ein sehr guter stellvertretender Kapit\\u00e4n. Sie verbrachten noch ein paar N\\u00e4chte damit, von der \\u201ebesten Party aller Zeiten\\u201c zu tr\\u00e4umen.<\\\/p>\",\"image\":\"wp-content\\\/uploads\\\/2024\\\/03\\\/Piratenfeestje-05.jpg\",\"title\":\"Es war Levis Geburtstag und er kam, um seine Party im Buffel zu feiern.\"}},{\"type\":\"grid_item\",\"props\":{\"content\":\"\n\n<p>Zusammen mit seinen Freunden hat er spannende Piratenabenteuer erlebt. Bei der Schatzsuche gab es eine gute Beratung. Als sie ein anderes Schiff bestiegen, mussten sie sehr auf Tintenfische und Haie achten! Von der heldenhaften \\u00dcberfahrt blieben nur wenige (aufgemalte) Narben zur\\u00fcck. Das zeigen sie stolz auf dem Gruppenfoto.<\\\/p>\",\"image\":\"wp-content\\\/uploads\\\/2024\\\/03\\\/Piratenfeestje-06.jpg\",\"title\":\"Cody feierte letzten Samstag seinen Geburtstag im Buffalo.Buffel.\"}},{\"type\":\"grid_item\",\"props\":{\"content\":\"\n\n<p>Gemeinsam mit 10 Freunden gab es in der Piratenh\\u00f6hle jede Menge Spa\\u00df. W\\u00e4hrend eines der Spiele wurde ein anderes Schiff geentert und das Gold gestohlen. Nun, dann gibt es keine andere M\\u00f6glichkeit, als alle ins Gef\\u00e4ngnis zu stecken.<\\\/p>\",\"image\":\"wp-content\\\/uploads\\\/2024\\\/03\\\/Piratenfeestje-07.jpg\",\"title\":\"Mathilde kam vor kurzem nach Buffel, um ihren 7. Geburtstag zu feiern.\"}},{\"type\":\"grid_item\",\"props\":{\"content\":\"\n\n<p>Nachdem sie nach Sch\\u00e4tzen gesucht, Fische gefangen, raue See \\u00fcberquert und Chips gegessen hatten, bestanden sie alle ihr Piratendiplom.<\\\/p>\",\"image\":\"wp-content\\\/uploads\\\/2024\\\/03\\\/Piratenfeestje-08.jpg\",\"title\":\"Am Mittwoch, dem 7. November, kam Declan, um seinen Geburtstag im Buffel zu feiern.rdag vieren op de Buffel.\"}}]}]}]},{\"type\":\"row\",\"children\":[{\"type\":\"column\",\"props\":{\"image_position\":\"center-center\",\"position_sticky_breakpoint\":\"m\"},\"children\":[{\"type\":\"module_position\",\"props\":{\"breakpoint\":\"m\",\"content\":\"builder-3\",\"layout\":\"stack\"}}]}]}]}]}]}],\"name\":\"navigatie\"}],\"version\":\"4.5.1\"} --><\/p>\n","protected":false},"excerpt":{"rendered":"<p>Piratenpartei Nur f\u00fcr harte Piraten Ist es dein Geburtstag? Haben Sie etwas zu feiern? Nehmen Sie alle Ihre Freunde mit zum Buffel! Dort k\u00f6nnen Sie mindestens 2,5 Stunden lang in die Piratenwelt eintauchen. Zuerst verwandeln wir dich in einen echten Piraten. Wir werden nach Sch\u00e4tzen suchen, Fische fangen, ein Schiff besteigen und vieles mehr. Wir [&hellip;]<\/p>\n","protected":false},"author":1,"featured_media":0,"parent":2809,"menu_order":0,"comment_status":"closed","ping_status":"closed","template":"","meta":{"_acf_changed":false,"footnotes":""},"class_list":["post-2824","page","type-page","status-publish","hentry"],"acf":[],"_links":{"self":[{"href":"https:\/\/debuffel.nl\/de\/wp-json\/wp\/v2\/pages\/2824","targetHints":{"allow":["GET"]}}],"collection":[{"href":"https:\/\/debuffel.nl\/de\/wp-json\/wp\/v2\/pages"}],"about":[{"href":"https:\/\/debuffel.nl\/de\/wp-json\/wp\/v2\/types\/page"}],"author":[{"embeddable":true,"href":"https:\/\/debuffel.nl\/de\/wp-json\/wp\/v2\/users\/1"}],"replies":[{"embeddable":true,"href":"https:\/\/debuffel.nl\/de\/wp-json\/wp\/v2\/comments?post=2824"}],"version-history":[{"count":10,"href":"https:\/\/debuffel.nl\/de\/wp-json\/wp\/v2\/pages\/2824\/revisions"}],"predecessor-version":[{"id":3654,"href":"https:\/\/debuffel.nl\/de\/wp-json\/wp\/v2\/pages\/2824\/revisions\/3654"}],"up":[{"embeddable":true,"href":"https:\/\/debuffel.nl\/de\/wp-json\/wp\/v2\/pages\/2809"}],"wp:attachment":[{"href":"https:\/\/debuffel.nl\/de\/wp-json\/wp\/v2\/media?parent=2824"}],"curies":[{"name":"wp","href":"https:\/\/api.w.org\/{rel}","templated":true}]}}