{"id":2825,"date":"2024-03-29T14:02:17","date_gmt":"2024-03-29T13:02:17","guid":{"rendered":"https:\/\/debuffel.nl\/sehen-und-tun\/schulen-und-jugendclubs\/"},"modified":"2024-04-24T12:18:08","modified_gmt":"2024-04-24T10:18:08","slug":"schulen-und-jugendclubs","status":"publish","type":"page","link":"https:\/\/debuffel.nl\/de\/sehen-und-tun\/schulen-und-jugendclubs\/","title":{"rendered":"Schulen und Jugendclubs"},"content":{"rendered":"<p><a href=\"\/de\/\"><img decoding=\"async\" src=\"\/wp-content\/uploads\/2024\/03\/Logo-De-Buffel.svg\" alt=\"\"><\/a><br \/>\n<img decoding=\"async\" src=\"\/wp-content\/uploads\/2024\/03\/Top-image-Arrangementen-03.jpg\" alt=\"\"><\/p>\n<h1>Schulen und Jugendverb\u00e4nde<\/h1>\n<div>\n<div id=\"lipsum\">Besuchen Sie De Buffel mit Ihrer Gruppe oder Klasse.<\/div>\n<\/div>\n<table>\n<thead>\n<tr>\n<th>F\u00fcr wen?<\/th>\n<th>Preis<\/th>\n<th>Aktivit\u00e4t<\/th>\n<th>Anmerkung<\/th>\n<\/tr>\n<\/thead>\n<tbody>\n<tr>\n<td>Schulgruppe 8<\/td>\n<td>gratis<\/td>\n<td>\n<p>Erbe mit Klasse(n)<\/p>\n<\/td>\n<td>\n        <a href=\"# \">Gemeente Hellevoetsluis<\/a>\n    <\/td>\n<\/tr>\n<tr>\n<td>Schulklassen 1 bis 7<\/td>\n<td>\u20ac 37,50<\/td>\n<td><\/td>\n<td>\n        <a href=\"# \">Besuch pro Gruppe oder Klasse <br \/> 25 pro Person, 2,00 \u20ac extra<\/a>\n    <\/td>\n<\/tr>\n<tr>\n<td>Sekundarschulbildung<\/td>\n<td>\u20ac 37,50<\/td>\n<td><\/td>\n<td>\n        <a href=\"# \">Besuch pro Gruppe oder Klasse <br \/> 25 pro Person, 2,00 \u20ac extra<\/a>\n    <\/td>\n<\/tr>\n<tr>\n<td>Jugendverb\u00e4nde<\/td>\n<td>\u20ac 37,50<\/td>\n<td><\/td>\n<td>\n        <a href=\"# \">Besuch pro Gruppe oder Klasse <br \/> 25 pro Person, 2,00 \u20ac extra<\/a>\n    <\/td>\n<\/tr>\n<tr>\n<td>F\u00fchrungen<\/td>\n<td>\u20ac 11,00<\/td>\n<td>\n<p>F\u00fchrungen pro Gruppe oder Klasse<\/p>\n<\/td>\n<td>\n        <a href=\"# \">Im Preis ist der Eintritt pro Person nicht enthalten.<\/a>\n    <\/td>\n<\/tr>\n<tr>\n<td>Schnitzeljagd<\/td>\n<td>\u20ac 10,00<\/td>\n<td>\n<p>Schnitzeljagd pro Gruppe oder Klasse<\/p>\n<\/td>\n<td>\n        <a href=\"# \">Im Preis ist der Eintritt pro Person nicht enthalten.<\/a>\n    <\/td>\n<\/tr>\n<tr>\n<td>Schulthementeil des Tages<br \/>+ etwas Leckeres<\/td>\n<td>\u20ac 6,50<\/td>\n<td>\n<p>Thema: Piraten, Seeleute, Schiff, Dampf, Geschichte von Hellevoetsluis usw.<\/p>\n<\/td>\n<td>\n        <a href=\"# \">Der Preis gilt pro Person<\/a>\n    <\/td>\n<\/tr>\n<\/tbody>\n<\/table>\n<div>\n<div id=\"lipsum\">Nur mit Termin!<\/div>\n<\/div>\n<p><img decoding=\"async\" src=\"\/wp-content\/uploads\/2024\/03\/Article-image-Historie-09.jpg\" alt=\"\"><\/p>\n<p><!--more--><br \/>\n<!-- {\"type\":\"layout\",\"children\":[{\"type\":\"section\",\"props\":{\"image_position\":\"center-center\",\"padding\":\"none\",\"padding_remove_bottom\":true,\"style\":\"default\",\"title_breakpoint\":\"xl\",\"title_position\":\"top-left\",\"title_rotation\":\"left\",\"vertical_align\":\"middle\",\"width\":\"expand\"},\"children\":[{\"type\":\"row\",\"props\":{\"column_gap\":\"collapse\",\"css\":\".uk-nav-primary> li > a {\\nbackground: linear-gradient(#ffffff 0 0) no-repeat;\\n  background-size: 0%;\\n  transition: .4s;\\npadding: 5px}\\n\\n.uk-nav-primary > li > a:hover {\\n  background-size: 100%;\\n  transition: .4s;}\\n\\n.uk-nav-sub > li > a {\\nbackground: linear-gradient(#ffffff 0 0) no-repeat;\\n  background-size: 0%;\\n  transition: .4s;\\npadding: 5px}\\n\\n.uk-nav-sub > li > a:hover {\\n  background-size: 100%;\\n  transition: .4s;}\\n\\n.uk-nav-sub li.uk-active > a {\\nbackground: linear-gradient(#ffffff 0 0) no-repeat;\\n  background-size: 100%;}\",\"layout\":\"large,expand\",\"margin\":\"remove-vertical\",\"parallax\":true,\"parallax_end\":\"100vh\",\"parallax_start\":\"100vh\",\"width\":\"expand\"},\"children\":[{\"type\":\"column\",\"props\":{\"css\":\".el-column { background: linear-gradient(260deg,#1A2980,#2684c4);}\\n\\n.el-element { padding-left: 40px;}\",\"image_position\":\"center-center\",\"position_sticky\":\"column\",\"position_sticky_breakpoint\":\"m\",\"width_medium\":\"medium\"},\"children\":[{\"type\":\"image\",\"props\":{\"image\":\"wp-content\\\/uploads\\\/2024\\\/03\\\/Logo-De-Buffel.svg\",\"image_svg_color\":\"emphasis\",\"image_width\":200,\"link\":\"de\\\/\",\"margin\":\"default\",\"position\":\"absolute\",\"position_left\":\"-15\",\"text_align\":\"center\",\"visibility\":\"l\"}},{\"type\":\"module_position\",\"props\":{\"animation\":\"none\",\"breakpoint\":\"m\",\"content\":\"sidebar\",\"layout\":\"stack\",\"position\":\"relative\",\"position_left\":\"-10\",\"position_top\":\"40vh\",\"visibility\":\"l\"}},{\"type\":\"module_position\",\"props\":{\"animation\":\"none\",\"breakpoint\":\"m\",\"class\":\"uk-sticky\",\"content\":\"builder-1\",\"css\":\".el-element a { font-size: 18px;}\",\"layout\":\"stack\",\"margin\":\"remove-vertical\",\"position\":\"absolute\",\"position_bottom\":\"-80vh\",\"position_left\":\"-10\",\"vertical_align\":false,\"visibility\":\"l\"}}]},{\"type\":\"column\",\"props\":{\"image_position\":\"center-center\",\"position_sticky_breakpoint\":\"m\",\"width_medium\":\"expand\"},\"children\":[{\"type\":\"fragment\",\"props\":{\"margin\":\"default\"},\"children\":[{\"type\":\"row\",\"props\":{\"class\":\"uk-visible@m\",\"column_gap\":\"collapse\",\"height\":\"viewport\",\"height_offset_top\":true,\"height_viewport\":60,\"margin\":\"remove-vertical\",\"parallax\":false,\"row_gap\":\"collapse\",\"width\":\"expand\"},\"children\":[{\"type\":\"column\",\"props\":{\"image\":\"wp-content\\\/uploads\\\/2024\\\/03\\\/Top-image-Arrangementen-03.jpg\",\"image_effect\":\"parallax\",\"image_parallax_bgy\":\"500\",\"image_parallax_target\":\"![class*='uk-section-'] ~ [class*='uk-section-']\",\"image_position\":\"center-center\",\"padding\":\"none\",\"position_sticky_breakpoint\":\"m\",\"position_sticky_offset\":\"100px\",\"width_default\":\"expand\"}}]},{\"type\":\"row\",\"props\":{\"class\":\"uk-hidden@m\",\"margin_remove_top\":true,\"width\":\"expand\"},\"children\":[{\"type\":\"column\",\"props\":{\"image_position\":\"center-center\",\"position_sticky_breakpoint\":\"m\"},\"children\":[{\"type\":\"image\",\"props\":{\"image\":\"wp-content\\\/uploads\\\/2024\\\/03\\\/Top-image-Arrangementen-03.jpg\",\"image_svg_color\":\"emphasis\",\"margin\":\"default\",\"margin_remove_top\":false}}]}]},{\"type\":\"row\",\"props\":{\"column_gap\":\"collapse\",\"css\":\".el-row {\\n  padding-left: 10px;\\n    padding-right: 10px;}\",\"margin\":\"default\",\"row_gap\":\"collapse\",\"width\":\"default\"},\"children\":[{\"type\":\"column\",\"props\":{\"image_position\":\"center-center\",\"padding\":\"none\",\"position_sticky_breakpoint\":\"m\",\"position_sticky_offset\":\"50vh -50%\",\"style\":\"tile-default\"},\"children\":[{\"type\":\"headline\",\"props\":{\"content\":\"Schulen und Jugendverb\\u00e4nde\",\"title_element\":\"h1\"}},{\"type\":\"text\",\"props\":{\"column_breakpoint\":\"m\",\"content\":\"\n\n<div id=\\\"lipsum\\\">Besuchen Sie De Buffel mit Ihrer Gruppe oder Klasse.<\\\/div>\",\"margin\":\"default\"}}]}]},{\"type\":\"row\",\"props\":{\"column_gap\":\"collapse\",\"css\":\".el-row {\\n  padding-left: 10px;\\n    padding-right: 10px;}\",\"margin\":\"default\",\"row_gap\":\"collapse\",\"width\":\"default\"},\"children\":[{\"type\":\"column\",\"props\":{\"image_position\":\"center-center\",\"padding\":\"small\",\"position_sticky_breakpoint\":\"m\",\"position_sticky_offset\":\"50vh -50%\",\"style\":\"card-default\"},\"children\":[{\"type\":\"table\",\"props\":{\"content_style\":\"text-large\",\"image_svg_color\":\"emphasis\",\"link_style\":\"link-text\",\"link_text\":\"Read more\",\"meta_style\":\"text-large\",\"show_content\":true,\"show_image\":false,\"show_link\":true,\"show_meta\":true,\"show_title\":true,\"table_head_content\":\"Aktivit\\u00e4t\",\"table_head_link\":\"Anmerkung\",\"table_head_meta\":\"Preis\",\"table_head_title\":\"F\\u00fcr wen?\",\"table_order\":\"5\",\"table_responsive\":\"overflow\",\"table_style\":\"striped\",\"table_width_content\":\"medium\",\"table_width_meta\":\"shrink\",\"table_width_title\":\"shrink\",\"title_style\":\"text-large\"},\"children\":[{\"type\":\"table_item\",\"props\":{\"content\":\"\n\n<p>Erbe mit Klasse(n)<\\\/p>\",\"link\":\"# \",\"link_text\":\"Gemeente Hellevoetsluis\",\"meta\":\"gratis\",\"title\":\"Schulgruppe 8\"}},{\"type\":\"table_item\",\"props\":{\"content\":\"\",\"link\":\"# \",\"link_text\":\"Besuch pro Gruppe oder Klasse <br \\\/> 25 pro Person, 2,00 \\u20ac extra\",\"meta\":\"\\u20ac 37,50\",\"title\":\"Schulklassen 1 bis 7\"}},{\"type\":\"table_item\",\"props\":{\"content\":\"\",\"link\":\"# \",\"link_text\":\"Besuch pro Gruppe oder Klasse <br \\\/> 25 pro Person, 2,00 \\u20ac extra\",\"meta\":\"\\u20ac 37,50\",\"title\":\"Sekundarschulbildung\"}},{\"type\":\"table_item\",\"props\":{\"content\":\"\",\"link\":\"# \",\"link_text\":\"Besuch pro Gruppe oder Klasse <br \\\/> 25 pro Person, 2,00 \\u20ac extra\",\"meta\":\"\\u20ac 37,50\",\"title\":\"Jugendverb\\u00e4nde\"}},{\"type\":\"table_item\",\"props\":{\"content\":\"\n\n<p>F\\u00fchrungen pro Gruppe oder Klasse<br \\\/><br \\\/><\\\/p>\",\"link\":\"# \",\"link_text\":\"Im Preis ist der Eintritt pro Person nicht enthalten.\",\"meta\":\"\\u20ac 11,00\",\"title\":\"F\\u00fchrungen\"}},{\"type\":\"table_item\",\"props\":{\"content\":\"\n\n<p>Schnitzeljagd pro Gruppe oder Klasse<br \\\/><br \\\/><\\\/p>\",\"link\":\"# \",\"link_text\":\"Im Preis ist der Eintritt pro Person nicht enthalten.\",\"meta\":\"\\u20ac 10,00\",\"title\":\"Schnitzeljagd\"}},{\"type\":\"table_item\",\"props\":{\"content\":\"\n\n<p>Thema: Piraten, Seeleute, Schiff, Dampf, Geschichte von Hellevoetsluis usw.<\\\/p>\",\"link\":\"# \",\"link_text\":\"Der Preis gilt pro Person\",\"meta\":\"\\u20ac 6,50\",\"title\":\"Schulthementeil des Tages<br \\\/>+ etwas Leckeres\"}}]},{\"type\":\"text\",\"props\":{\"column_breakpoint\":\"m\",\"content\":\"\n\n<div id=\\\"lipsum\\\">Nur mit Termin!<\\\/div>\",\"margin\":\"default\"}}]}]},{\"type\":\"row\",\"props\":{\"column_gap\":\"collapse\",\"css\":\".el-row {\\n  padding-left: 10px;\\n    padding-right: 10px;}\",\"margin\":\"default\",\"row_gap\":\"collapse\",\"width\":\"default\"},\"children\":[{\"type\":\"column\",\"props\":{\"image_position\":\"center-center\",\"padding\":\"none\",\"position_sticky_breakpoint\":\"m\",\"position_sticky_offset\":\"50vh -50%\"},\"children\":[{\"type\":\"image\",\"props\":{\"image\":\"wp-content\\\/uploads\\\/2024\\\/03\\\/Article-image-Historie-09.jpg\",\"image_svg_color\":\"emphasis\",\"margin\":\"default\"}}]}]},{\"type\":\"row\",\"children\":[{\"type\":\"column\",\"props\":{\"image_position\":\"center-center\",\"position_sticky_breakpoint\":\"m\"},\"children\":[{\"type\":\"module_position\",\"props\":{\"breakpoint\":\"m\",\"content\":\"builder-3\",\"layout\":\"stack\"}}]}]}]}]}]}],\"name\":\"navigatie\"}],\"version\":\"4.3.12\"} --><\/p>\n","protected":false},"excerpt":{"rendered":"<p>Schulen und Jugendverb\u00e4nde Besuchen Sie De Buffel mit Ihrer Gruppe oder Klasse. F\u00fcr wen? Preis Aktivit\u00e4t Anmerkung Schulgruppe 8 gratis Erbe mit Klasse(n) Gemeente Hellevoetsluis Schulklassen 1 bis 7 \u20ac 37,50 Besuch pro Gruppe oder Klasse 25 pro Person, 2,00 \u20ac extra Sekundarschulbildung \u20ac 37,50 Besuch pro Gruppe oder Klasse 25 pro Person, 2,00 \u20ac [&hellip;]<\/p>\n","protected":false},"author":1,"featured_media":0,"parent":2809,"menu_order":0,"comment_status":"closed","ping_status":"closed","template":"","meta":{"_acf_changed":false,"footnotes":""},"class_list":["post-2825","page","type-page","status-publish","hentry"],"acf":[],"_links":{"self":[{"href":"https:\/\/debuffel.nl\/de\/wp-json\/wp\/v2\/pages\/2825","targetHints":{"allow":["GET"]}}],"collection":[{"href":"https:\/\/debuffel.nl\/de\/wp-json\/wp\/v2\/pages"}],"about":[{"href":"https:\/\/debuffel.nl\/de\/wp-json\/wp\/v2\/types\/page"}],"author":[{"embeddable":true,"href":"https:\/\/debuffel.nl\/de\/wp-json\/wp\/v2\/users\/1"}],"replies":[{"embeddable":true,"href":"https:\/\/debuffel.nl\/de\/wp-json\/wp\/v2\/comments?post=2825"}],"version-history":[{"count":7,"href":"https:\/\/debuffel.nl\/de\/wp-json\/wp\/v2\/pages\/2825\/revisions"}],"predecessor-version":[{"id":2981,"href":"https:\/\/debuffel.nl\/de\/wp-json\/wp\/v2\/pages\/2825\/revisions\/2981"}],"up":[{"embeddable":true,"href":"https:\/\/debuffel.nl\/de\/wp-json\/wp\/v2\/pages\/2809"}],"wp:attachment":[{"href":"https:\/\/debuffel.nl\/de\/wp-json\/wp\/v2\/media?parent=2825"}],"curies":[{"name":"wp","href":"https:\/\/api.w.org\/{rel}","templated":true}]}}