{"id":2827,"date":"2024-03-30T12:55:48","date_gmt":"2024-03-30T11:55:48","guid":{"rendered":"https:\/\/debuffel.nl\/sehen-und-tun\/heiraten-auf-dem-museumsschiff-buffalo\/"},"modified":"2024-04-24T12:17:15","modified_gmt":"2024-04-24T10:17:15","slug":"heiraten-auf-dem-museumsschiff-buffalo","status":"publish","type":"page","link":"https:\/\/debuffel.nl\/de\/sehen-und-tun\/heiraten-auf-dem-museumsschiff-buffalo\/","title":{"rendered":"Heiraten auf dem Museumsschiff Buffalo"},"content":{"rendered":"<p><a href=\"\/de\/\"><img decoding=\"async\" src=\"\/wp-content\/uploads\/2024\/03\/Logo-De-Buffel.svg\" alt=\"\"><\/a><br \/>\n<img decoding=\"async\" src=\"\/wp-content\/uploads\/2024\/03\/Piratenfeestje-09.jpg\" alt=\"\"><\/p>\n<h1>Heiraten auf dem Museumsschiff Buffel<\/h1>\n<div>\n<div id=\"lipsum\">\n<p><strong>Hellevoetsluis in der Gemeinde Voorne aan Zee ist eine wundersch\u00f6ne Festungs- und Hafenstadt zum Heiraten.<\/strong><\/p>\n<p>Mitteilung \u00fcber die Eheschlie\u00dfung<\/p>\n<p>M\u00f6chtest du heiraten? Dann ist es wichtig, dass Sie rechtzeitig Datum, Uhrzeit und Ort ausw\u00e4hlen. Sie m\u00fcssen auch die geplante Heirat melden. Sie m\u00fcssen Ihren Heiratsantrag in der Gemeinde melden, in der Sie heiraten m\u00f6chten! Wenn Sie in Hellevoetsluis heiraten m\u00f6chten, m\u00fcssen Sie dies auch der Gemeindeverwaltung melden. Dies ist nur nach telefonischer Terminvereinbarung m\u00f6glich. Anschlie\u00dfend bespricht der Beamte mit Ihnen, welche Unterlagen Sie ben\u00f6tigen und wie das weitere Verfahren ablaufen kann.<\/p>\n<p>Weitere Informationen zum Heiraten in Hellevoetsluis<\/p>\n<p>Gemeinde Voorne aan Zee<br \/>Oostzanddijk 26<br \/>3221 AL Hellevoetsluis Tel: 0181 330911<br \/>Website:\u00a0www.voorneaanzee.nl<\/p>\n<p>Angabe der Kosten, die die Gemeinde f\u00fcr eine Hochzeit in De Buffel erheben kann<\/p>\n<p>Montag bis Freitag: 530,65 \u20ac<br \/>Samstag: 1.223,85 \u20ac<\/p>\n<p>Hinzu kommen die Kosten f\u00fcr die Nutzung des Schiffes. Der Betrag, der hierf\u00fcr berechnet wird, h\u00e4ngt davon ab, ob an Bord ein Empfang\/eine Hochzeitsfeier organisiert wird oder nicht. Ein Angebot kann \u00fcber info@debuffel.nl angefordert werden<\/p>\n<\/div>\n<\/div>\n<p><img decoding=\"async\" src=\"\/wp-content\/uploads\/2024\/03\/Top-image-Arrangementen-05.jpg\" alt=\"\"><\/p>\n<p><!--more--><br \/>\n<!-- {\"type\":\"layout\",\"children\":[{\"type\":\"section\",\"props\":{\"image_position\":\"center-center\",\"padding\":\"none\",\"padding_remove_bottom\":true,\"style\":\"default\",\"title_breakpoint\":\"xl\",\"title_position\":\"top-left\",\"title_rotation\":\"left\",\"vertical_align\":\"middle\",\"width\":\"expand\"},\"children\":[{\"type\":\"row\",\"props\":{\"column_gap\":\"collapse\",\"css\":\".uk-nav-primary> li > a {\\nbackground: linear-gradient(#ffffff 0 0) no-repeat;\\n  background-size: 0%;\\n  transition: .4s;\\npadding: 5px}\\n\\n.uk-nav-primary > li > a:hover {\\n  background-size: 100%;\\n  transition: .4s;}\\n\\n.uk-nav-sub > li > a {\\nbackground: linear-gradient(#ffffff 0 0) no-repeat;\\n  background-size: 0%;\\n  transition: .4s;\\npadding: 5px}\\n\\n.uk-nav-sub > li > a:hover {\\n  background-size: 100%;\\n  transition: .4s;}\\n\\n.uk-nav-sub li.uk-active > a {\\nbackground: linear-gradient(#ffffff 0 0) no-repeat;\\n  background-size: 100%;}\",\"layout\":\"large,expand\",\"margin\":\"remove-vertical\",\"parallax\":true,\"parallax_end\":\"100vh\",\"parallax_start\":\"100vh\",\"width\":\"expand\"},\"children\":[{\"type\":\"column\",\"props\":{\"css\":\".el-column { background: linear-gradient(260deg,#1A2980,#2684c4);}\\n\\n.el-element { padding-left: 40px;}\",\"image_position\":\"center-center\",\"position_sticky\":\"column\",\"position_sticky_breakpoint\":\"m\",\"width_medium\":\"medium\"},\"children\":[{\"type\":\"image\",\"props\":{\"image\":\"wp-content\\\/uploads\\\/2024\\\/03\\\/Logo-De-Buffel.svg\",\"image_svg_color\":\"emphasis\",\"image_width\":200,\"link\":\"de\\\/\",\"margin\":\"default\",\"position\":\"absolute\",\"position_left\":\"-15\",\"text_align\":\"center\",\"visibility\":\"l\"}},{\"type\":\"module_position\",\"props\":{\"animation\":\"none\",\"breakpoint\":\"m\",\"content\":\"sidebar\",\"layout\":\"stack\",\"position\":\"relative\",\"position_left\":\"-10\",\"position_top\":\"40vh\",\"visibility\":\"l\"}},{\"type\":\"module_position\",\"props\":{\"animation\":\"none\",\"breakpoint\":\"m\",\"class\":\"uk-sticky\",\"content\":\"builder-1\",\"css\":\".el-element a { font-size: 18px;}\",\"layout\":\"stack\",\"margin\":\"remove-vertical\",\"position\":\"absolute\",\"position_bottom\":\"-80vh\",\"position_left\":\"-10\",\"vertical_align\":false,\"visibility\":\"l\"}}]},{\"type\":\"column\",\"props\":{\"image_position\":\"center-center\",\"position_sticky_breakpoint\":\"m\",\"width_medium\":\"expand\"},\"children\":[{\"type\":\"fragment\",\"props\":{\"margin\":\"default\"},\"children\":[{\"type\":\"row\",\"props\":{\"class\":\"uk-visible@m\",\"column_gap\":\"collapse\",\"height\":\"viewport\",\"height_offset_top\":true,\"height_viewport\":60,\"margin\":\"remove-vertical\",\"parallax\":false,\"row_gap\":\"collapse\",\"width\":\"expand\"},\"children\":[{\"type\":\"column\",\"props\":{\"image\":\"wp-content\\\/uploads\\\/2024\\\/03\\\/Piratenfeestje-09.jpg\",\"image_effect\":\"parallax\",\"image_parallax_bgy\":\"500\",\"image_parallax_target\":\"![class*='uk-section-'] ~ [class*='uk-section-']\",\"image_position\":\"center-center\",\"padding\":\"none\",\"position_sticky_breakpoint\":\"m\",\"position_sticky_offset\":\"100px\"}}]},{\"type\":\"row\",\"props\":{\"class\":\"uk-hidden@m\",\"margin_remove_top\":true},\"children\":[{\"type\":\"column\",\"props\":{\"image_position\":\"center-center\",\"position_sticky_breakpoint\":\"m\"},\"children\":[{\"type\":\"image\",\"props\":{\"image\":\"wp-content\\\/uploads\\\/2024\\\/03\\\/Piratenfeestje-09.jpg\",\"image_svg_color\":\"emphasis\",\"margin\":\"default\"}}]}]},{\"type\":\"row\",\"props\":{\"column_gap\":\"collapse\",\"css\":\".el-row {\\n  padding-left: 10px;\\n    padding-right: 10px;}\",\"margin\":\"default\",\"row_gap\":\"collapse\",\"width\":\"default\"},\"children\":[{\"type\":\"column\",\"props\":{\"image_position\":\"center-center\",\"padding\":\"none\",\"position_sticky_breakpoint\":\"m\",\"position_sticky_offset\":\"50vh -50%\",\"style\":\"tile-default\"},\"children\":[{\"type\":\"headline\",\"props\":{\"content\":\"Heiraten auf dem Museumsschiff Buffel\",\"title_element\":\"h1\"}},{\"type\":\"text\",\"props\":{\"column_breakpoint\":\"m\",\"content\":\"\n\n<div id=\\\"lipsum\\\">\\n\n\n<p><strong>Hellevoetsluis in der Gemeinde Voorne aan Zee ist eine wundersch\\u00f6ne Festungs- und Hafenstadt zum Heiraten.<\\\/strong><\\\/p>\\n\n\n<p>Mitteilung \\u00fcber die Eheschlie\\u00dfung<\\\/p>\\n\n\n<p>M\\u00f6chtest du heiraten? Dann ist es wichtig, dass Sie rechtzeitig Datum, Uhrzeit und Ort ausw\\u00e4hlen. Sie m\\u00fcssen auch die geplante Heirat melden. Sie m\\u00fcssen Ihren Heiratsantrag in der Gemeinde melden, in der Sie heiraten m\\u00f6chten! Wenn Sie in Hellevoetsluis heiraten m\\u00f6chten, m\\u00fcssen Sie dies auch der Gemeindeverwaltung melden. Dies ist nur nach telefonischer Terminvereinbarung m\\u00f6glich. Anschlie\\u00dfend bespricht der Beamte mit Ihnen, welche Unterlagen Sie ben\\u00f6tigen und wie das weitere Verfahren ablaufen kann.<\\\/p>\\n\n\n<p>Weitere Informationen zum Heiraten in Hellevoetsluis<\\\/p>\\n\n\n<p>Gemeinde Voorne aan Zee<br \\\/>Oostzanddijk 26<br \\\/>3221 AL Hellevoetsluis Tel: 0181 330911<br \\\/>Website:\\u00a0www.voorneaanzee.nl<\\\/p>\\n\n\n<p><br \\\/>Angabe der Kosten, die die Gemeinde f\\u00fcr eine Hochzeit in De Buffel erheben kann<\\\/p>\\n\n\n<p>Montag bis Freitag: 530,65 \\u20ac<br \\\/>Samstag: 1.223,85 \\u20ac<\\\/p>\\n\n\n<p>Hinzu kommen die Kosten f\\u00fcr die Nutzung des Schiffes. Der Betrag, der hierf\\u00fcr berechnet wird, h\\u00e4ngt davon ab, ob an Bord ein Empfang\\\/eine Hochzeitsfeier organisiert wird oder nicht. Ein Angebot kann \\u00fcber info@debuffel.nl angefordert werden<\\\/p>\\n<\\\/div>\",\"margin\":\"default\"}}]}]},{\"type\":\"row\",\"props\":{\"column_gap\":\"collapse\",\"css\":\".el-row {\\n  padding-left: 10px;\\n    padding-right: 10px;}\",\"margin\":\"default\",\"row_gap\":\"collapse\",\"width\":\"default\"},\"children\":[{\"type\":\"column\",\"props\":{\"image_position\":\"center-center\",\"padding\":\"none\",\"position_sticky_breakpoint\":\"m\",\"position_sticky_offset\":\"50vh -50%\",\"style\":\"tile-default\"},\"children\":[{\"type\":\"image\",\"props\":{\"image\":\"wp-content\\\/uploads\\\/2024\\\/03\\\/Top-image-Arrangementen-05.jpg\",\"image_svg_color\":\"emphasis\",\"margin\":\"default\"}}]}]},{\"type\":\"row\",\"children\":[{\"type\":\"column\",\"props\":{\"image_position\":\"center-center\",\"position_sticky_breakpoint\":\"m\"},\"children\":[{\"type\":\"module_position\",\"props\":{\"breakpoint\":\"m\",\"content\":\"builder-3\",\"layout\":\"stack\"}}]}]}]}]}]}],\"name\":\"navigatie\"}],\"version\":\"4.3.12\"} --><\/p>\n","protected":false},"excerpt":{"rendered":"<p>Heiraten auf dem Museumsschiff Buffel Hellevoetsluis in der Gemeinde Voorne aan Zee ist eine wundersch\u00f6ne Festungs- und Hafenstadt zum Heiraten. Mitteilung \u00fcber die Eheschlie\u00dfung M\u00f6chtest du heiraten? Dann ist es wichtig, dass Sie rechtzeitig Datum, Uhrzeit und Ort ausw\u00e4hlen. Sie m\u00fcssen auch die geplante Heirat melden. Sie m\u00fcssen Ihren Heiratsantrag in der Gemeinde melden, in [&hellip;]<\/p>\n","protected":false},"author":1,"featured_media":0,"parent":2809,"menu_order":0,"comment_status":"closed","ping_status":"closed","template":"","meta":{"_acf_changed":false,"footnotes":""},"class_list":["post-2827","page","type-page","status-publish","hentry"],"acf":[],"_links":{"self":[{"href":"https:\/\/debuffel.nl\/de\/wp-json\/wp\/v2\/pages\/2827","targetHints":{"allow":["GET"]}}],"collection":[{"href":"https:\/\/debuffel.nl\/de\/wp-json\/wp\/v2\/pages"}],"about":[{"href":"https:\/\/debuffel.nl\/de\/wp-json\/wp\/v2\/types\/page"}],"author":[{"embeddable":true,"href":"https:\/\/debuffel.nl\/de\/wp-json\/wp\/v2\/users\/1"}],"replies":[{"embeddable":true,"href":"https:\/\/debuffel.nl\/de\/wp-json\/wp\/v2\/comments?post=2827"}],"version-history":[{"count":3,"href":"https:\/\/debuffel.nl\/de\/wp-json\/wp\/v2\/pages\/2827\/revisions"}],"predecessor-version":[{"id":2975,"href":"https:\/\/debuffel.nl\/de\/wp-json\/wp\/v2\/pages\/2827\/revisions\/2975"}],"up":[{"embeddable":true,"href":"https:\/\/debuffel.nl\/de\/wp-json\/wp\/v2\/pages\/2809"}],"wp:attachment":[{"href":"https:\/\/debuffel.nl\/de\/wp-json\/wp\/v2\/media?parent=2827"}],"curies":[{"name":"wp","href":"https:\/\/api.w.org\/{rel}","templated":true}]}}