{"id":2864,"date":"2024-04-02T17:38:13","date_gmt":"2024-04-02T15:38:13","guid":{"rendered":"https:\/\/debuffel.nl\/festungsinsel-holland\/"},"modified":"2024-06-17T15:23:12","modified_gmt":"2024-06-17T13:23:12","slug":"festungsinsel-holland","status":"publish","type":"page","link":"https:\/\/debuffel.nl\/de\/festungsinsel-holland\/","title":{"rendered":"Festungsinsel Holland"},"content":{"rendered":"<p><a href=\"\/de\/\"><img decoding=\"async\" src=\"\/wp-content\/uploads\/2024\/03\/Logo-De-Buffel.svg\" alt=\"\"><\/a><br \/>\n<img decoding=\"async\" src=\"\/wp-content\/uploads\/2024\/04\/Top-image-Fortresse.jpg\" alt=\"\"><\/p>\n<h1>Fortresse Holland<\/h1>\n<h1><em>Freilichtmuseum Hellevoetsluis<\/em><\/h1>\n<div>\n<div id=\"lipsum\">\n<p><a href=\"https:\/\/debuffel.nl\/wp-content\/uploads\/2024\/06\/FortresseHolland.jpg\"><img loading=\"lazy\" decoding=\"async\" src=\"https:\/\/debuffel.nl\/wp-content\/uploads\/2024\/06\/FortresseHolland-1024x683.jpg\" alt=\"\" width=\"500\" height=\"334\" class=\"alignright wp-image-3220\" srcset=\"https:\/\/debuffel.nl\/wp-content\/uploads\/2024\/06\/FortresseHolland-1024x683.jpg 1024w, https:\/\/debuffel.nl\/wp-content\/uploads\/2024\/06\/FortresseHolland-300x200.jpg 300w, https:\/\/debuffel.nl\/wp-content\/uploads\/2024\/06\/FortresseHolland-768x513.jpg 768w, https:\/\/debuffel.nl\/wp-content\/uploads\/2024\/06\/FortresseHolland.jpg 1380w\" sizes=\"(max-width: 500px) 100vw, 500px\" \/><\/a>Seit April 2022 ist der Buffel ein eingetragenes Museum und ab dem 1. Juli 2022 k\u00f6nnen Besucher die MUSEUMS-JAHRESKARTE nutzen.<\/p>\n<p>Der Stiftungsrat des Museum Ramtorenschip Buffel setzt sich seit 2016 f\u00fcr die Schaffung eines breiten Museumsangebots auf der Insel Voorne ein.<\/p>\n<p>Deshalb haben wir zur Gr\u00fcndung der Fortresse Holland Foundation beigetragen. Diese Stiftung wurde gegr\u00fcndet, um innerhalb der Stadtmauer von Hellevoetsluis ein Freilichtmuseum zu errichten. Es ist geplant, dass das Museum Ramtorenschip Buffalo eine intensive Zusammenarbeit mit dieser Stiftung eingeht.<\/p>\n<p>Entdecken Sie das neue Museum in Hellevoetsluis! Dieses Freilichtmuseum bietet faszinierende Pr\u00e4sentationen \u00fcber die Marine und die K\u00fcstenverteidigung. Schlendern Sie durch Ausstellungen im Freien, schlendern Sie durch die G\u00e4nge des Trockendocks, besuchen Sie das Besucherdepot und entdecken Sie Seeschiffe. Kommen Sie und lassen Sie sich von den Geschichten des Meeres verzaubern. Planen Sie noch heute Ihren Besuch und machen Sie sich bereit f\u00fcr eine unvergessliche Reise durch die Geschichte der Seefahrt!<\/p>\n<p>Wir nehmen Sie mit auf eine Reise ins Herz der Eisenzeit, wo Eisen f\u00fcr unsere Bed\u00fcrfnisse ebenso unverzichtbar wird wie Luft, Wasser und Feuer. Entdecken Sie die Bedeutung der Nationalwerft Hellevoetsluis und des Trockendocks von Jan Blanken, wo Schiffe repariert und gewartet wurden. Erleben Sie die F\u00e4higkeiten und das Fachwissen der Handwerker, die es modernen Schiffen erm\u00f6glicht haben, die Ozeane zu befahren. Vom steinernen Trockendock bis zu eisernen Pumpen, von der Abdichtung bis zur Schmiede \u2013 hier entdecken Sie Hellevoetsluis in seiner Bl\u00fctezeit w\u00e4hrend der Eisenzeit.<\/p>\n<p>Das Museumslager des Freilichtmuseums Fortresse Holland Hellevoetsluis pr\u00e4sentiert zwei Dauerausstellungen: Die Eisenzeit und die Zeitleiste von Hellevoetsluis. Au\u00dferdem gibt es die j\u00e4hrlich wechselnde Wechselausstellung. Besuchen Sie www.fortresseholland.nl f\u00fcr Eintrittskarten, aktuelle Informationen, Preise und \u00d6ffnungszeiten.<\/p>\n<\/div>\n<\/div>\n<p><iframe src=\"https:\/\/player.vimeo.com\/video\/418089636\"><\/iframe><\/p>\n<div>\n<div id=\"lipsum\">\n<p>Weitere Informationen zu Fortresse Holland finden Sie im Video unten. Hierbei handelt es sich um ein knapp 20-min\u00fctiges Video, in dem der Buffalo detailliert gezeigt wird.<\/p>\n<\/div>\n<\/div>\n<p><iframe src=\"https:\/\/www.youtube.com\/watch?v=oXUqpMuew4c\"><\/iframe><\/p>\n<p><!--more--><br \/>\n<!-- {\"type\":\"layout\",\"children\":[{\"type\":\"section\",\"props\":{\"image_position\":\"center-center\",\"padding\":\"none\",\"padding_remove_bottom\":true,\"style\":\"default\",\"title_breakpoint\":\"xl\",\"title_position\":\"top-left\",\"title_rotation\":\"left\",\"vertical_align\":\"\",\"width\":\"expand\"},\"children\":[{\"type\":\"row\",\"props\":{\"column_gap\":\"collapse\",\"css\":\".uk-nav-primary> li > a {\\nbackground: linear-gradient(#ffffff 0 0) no-repeat;\\n  background-size: 0%;\\n  transition: .4s;\\npadding: 5px}\\n\\n.uk-nav-primary > li > a:hover {\\n  background-size: 100%;\\n  transition: .4s;}\\n\\n.uk-nav-sub > li > a {\\nbackground: linear-gradient(#ffffff 0 0) no-repeat;\\n  background-size: 0%;\\n  transition: .4s;\\npadding: 5px}\\n\\n.uk-nav-sub > li > a:hover {\\n  background-size: 100%;\\n  transition: .4s;}\\n\\n.uk-nav-sub li.uk-active > a {\\nbackground: linear-gradient(#ffffff 0 0) no-repeat;\\n  background-size: 100%;}\",\"layout\":\"large,expand\",\"margin\":\"remove-vertical\",\"parallax\":true,\"parallax_end\":\"100vh\",\"parallax_start\":\"100vh\",\"width\":\"expand\"},\"children\":[{\"type\":\"column\",\"props\":{\"css\":\".el-column { background: linear-gradient(260deg,#1A2980,#2684c4);}\\n\\n.el-element { padding-left: 40px;}\",\"image_position\":\"center-center\",\"position_sticky\":\"column\",\"position_sticky_breakpoint\":\"m\",\"width_medium\":\"medium\"},\"children\":[{\"type\":\"image\",\"props\":{\"image\":\"wp-content\\\/uploads\\\/2024\\\/03\\\/Logo-De-Buffel.svg\",\"image_svg_color\":\"emphasis\",\"image_width\":200,\"link\":\"de\\\/\",\"margin\":\"default\",\"position\":\"absolute\",\"position_left\":\"-15\",\"text_align\":\"center\",\"visibility\":\"l\"}},{\"type\":\"module_position\",\"props\":{\"animation\":\"none\",\"breakpoint\":\"m\",\"content\":\"sidebar\",\"layout\":\"stack\",\"position\":\"relative\",\"position_left\":\"-10\",\"position_top\":\"40vh\",\"visibility\":\"l\"}},{\"type\":\"module_position\",\"props\":{\"animation\":\"none\",\"breakpoint\":\"m\",\"class\":\"uk-sticky\",\"content\":\"builder-1\",\"css\":\".el-element a { font-size: 18px;}\",\"layout\":\"stack\",\"margin\":\"remove-vertical\",\"position\":\"absolute\",\"position_bottom\":\"-80vh\",\"position_left\":\"-10\",\"vertical_align\":false,\"visibility\":\"l\"}}]},{\"type\":\"column\",\"props\":{\"image_position\":\"center-center\",\"position_sticky_breakpoint\":\"m\",\"width_medium\":\"expand\"},\"children\":[{\"type\":\"fragment\",\"props\":{\"margin\":\"default\"},\"children\":[{\"type\":\"row\",\"props\":{\"class\":\"uk-visible@m\",\"column_gap\":\"collapse\",\"height\":\"viewport\",\"height_offset_top\":true,\"height_viewport\":60,\"margin\":\"remove-vertical\",\"parallax\":false,\"row_gap\":\"collapse\",\"width\":\"expand\"},\"children\":[{\"type\":\"column\",\"props\":{\"image\":\"wp-content\\\/uploads\\\/2024\\\/04\\\/Top-image-Fortresse.jpg\",\"image_effect\":\"parallax\",\"image_parallax_bgy\":\"500\",\"image_parallax_target\":\"![class*='uk-section-'] ~ [class*='uk-section-']\",\"image_position\":\"center-center\",\"padding\":\"none\",\"position_sticky_breakpoint\":\"m\",\"position_sticky_offset\":\"100px\"}}]},{\"type\":\"row\",\"props\":{\"class\":\"uk-hidden@m\",\"margin_remove_top\":true},\"children\":[{\"type\":\"column\",\"props\":{\"image_position\":\"center-center\",\"position_sticky_breakpoint\":\"m\"},\"children\":[{\"type\":\"image\",\"props\":{\"image\":\"wp-content\\\/uploads\\\/2024\\\/04\\\/Top-image-Fortresse.jpg\",\"image_svg_color\":\"emphasis\",\"margin\":\"default\"}}]}]},{\"type\":\"row\",\"props\":{\"column_gap\":\"collapse\",\"css\":\".el-row {\\n  padding-left: 10px;\\n    padding-right: 10px;}\",\"margin\":\"default\",\"row_gap\":\"collapse\",\"width\":\"default\"},\"children\":[{\"type\":\"column\",\"props\":{\"image_position\":\"center-center\",\"padding\":\"none\",\"position_sticky_breakpoint\":\"m\",\"position_sticky_offset\":\"50vh -50%\",\"style\":\"tile-default\"},\"children\":[{\"type\":\"headline\",\"props\":{\"content\":\"Fortresse Holland\",\"title_element\":\"h1\"}},{\"type\":\"headline\",\"props\":{\"content\":\"<em>Freilichtmuseum Hellevoetsluis<\\\/em>\",\"margin_remove_top\":true,\"title_element\":\"h1\",\"title_style\":\"h3\"}},{\"type\":\"text\",\"props\":{\"column_breakpoint\":\"m\",\"content\":\"\n\n<div id=\\\"lipsum\\\">\\n\n\n<p><a href=\\\"https:\\\/\\\/debuffel.nl\\\/wp-content\\\/uploads\\\/2024\\\/06\\\/FortresseHolland.jpg\\\"><img src=\\\"https:\\\/\\\/debuffel.nl\\\/wp-content\\\/uploads\\\/2024\\\/06\\\/FortresseHolland-1024x683.jpg\\\" alt=\\\"\\\" width=\\\"500\\\" height=\\\"334\\\" class=\\\"alignright wp-image-3220\\\" \\\/><\\\/a>Seit April 2022 ist der Buffel ein eingetragenes Museum und ab dem 1. Juli 2022 k\\u00f6nnen Besucher die MUSEUMS-JAHRESKARTE nutzen.<\\\/p>\\n\n\n<p>Der Stiftungsrat des Museum Ramtorenschip Buffel setzt sich seit 2016 f\\u00fcr die Schaffung eines breiten Museumsangebots auf der Insel Voorne ein.<\\\/p>\\n\n\n<p>Deshalb haben wir zur Gr\\u00fcndung der Fortresse Holland Foundation beigetragen. Diese Stiftung wurde gegr\\u00fcndet, um innerhalb der Stadtmauer von Hellevoetsluis ein Freilichtmuseum zu errichten. Es ist geplant, dass das Museum Ramtorenschip Buffalo eine intensive Zusammenarbeit mit dieser Stiftung eingeht.<\\\/p>\\n\n\n<p>Entdecken Sie das neue Museum in Hellevoetsluis! Dieses Freilichtmuseum bietet faszinierende Pr\\u00e4sentationen \\u00fcber die Marine und die K\\u00fcstenverteidigung. Schlendern Sie durch Ausstellungen im Freien, schlendern Sie durch die G\\u00e4nge des Trockendocks, besuchen Sie das Besucherdepot und entdecken Sie Seeschiffe. Kommen Sie und lassen Sie sich von den Geschichten des Meeres verzaubern. Planen Sie noch heute Ihren Besuch und machen Sie sich bereit f\\u00fcr eine unvergessliche Reise durch die Geschichte der Seefahrt!<\\\/p>\\n\n\n<p>Wir nehmen Sie mit auf eine Reise ins Herz der Eisenzeit, wo Eisen f\\u00fcr unsere Bed\\u00fcrfnisse ebenso unverzichtbar wird wie Luft, Wasser und Feuer. Entdecken Sie die Bedeutung der Nationalwerft Hellevoetsluis und des Trockendocks von Jan Blanken, wo Schiffe repariert und gewartet wurden. Erleben Sie die F\\u00e4higkeiten und das Fachwissen der Handwerker, die es modernen Schiffen erm\\u00f6glicht haben, die Ozeane zu befahren. Vom steinernen Trockendock bis zu eisernen Pumpen, von der Abdichtung bis zur Schmiede \\u2013 hier entdecken Sie Hellevoetsluis in seiner Bl\\u00fctezeit w\\u00e4hrend der Eisenzeit.<\\\/p>\\n\n\n<p>Das Museumslager des Freilichtmuseums Fortresse Holland Hellevoetsluis pr\\u00e4sentiert zwei Dauerausstellungen: Die Eisenzeit und die Zeitleiste von Hellevoetsluis. Au\\u00dferdem gibt es die j\\u00e4hrlich wechselnde Wechselausstellung. Besuchen Sie www.fortresseholland.nl f\\u00fcr Eintrittskarten, aktuelle Informationen, Preise und \\u00d6ffnungszeiten.<\\\/p>\\n<\\\/div>\",\"margin\":\"default\"}},{\"type\":\"video\",\"props\":{\"margin\":\"default\",\"video\":\"https:\\\/\\\/player.vimeo.com\\\/video\\\/418089636\",\"video_controls\":true,\"video_width\":\"1920\"}}]}]},{\"type\":\"row\",\"props\":{\"css\":\".el-row {\\n  padding-left: 10px;\\n    padding-right: 10px;}\",\"height_viewport\":60,\"margin\":\"medium\",\"margin_remove_bottom\":true,\"width\":\"default\"},\"children\":[{\"type\":\"column\",\"props\":{\"image_position\":\"center-center\",\"position_sticky_breakpoint\":\"m\"},\"children\":[{\"type\":\"text\",\"props\":{\"column_breakpoint\":\"m\",\"content\":\"\n\n<div id=\\\"lipsum\\\">\\n\n\n<p>Weitere Informationen zu Fortresse Holland finden Sie im Video unten. Hierbei handelt es sich um ein knapp 20-min\\u00fctiges Video, in dem der Buffalo detailliert gezeigt wird.<\\\/p>\\n<\\\/div>\",\"margin\":\"default\"}}]}]},{\"type\":\"row\",\"props\":{\"css\":\".el-row {\\n  padding-left: 10px;\\n    padding-right: 10px;}\",\"height_viewport\":60,\"margin\":\"default\",\"margin_remove_top\":true,\"width\":\"default\"},\"children\":[{\"type\":\"column\",\"props\":{\"image_position\":\"center-center\",\"position_sticky_breakpoint\":\"m\"},\"children\":[{\"type\":\"video\",\"props\":{\"margin\":\"default\",\"video\":\"https:\\\/\\\/www.youtube.com\\\/watch?v=oXUqpMuew4c\",\"video_controls\":true,\"video_width\":\"1920\"}}]}]},{\"type\":\"row\",\"children\":[{\"type\":\"column\",\"props\":{\"image_position\":\"center-center\",\"position_sticky_breakpoint\":\"m\"},\"children\":[{\"type\":\"module_position\",\"props\":{\"breakpoint\":\"m\",\"content\":\"builder-3\",\"layout\":\"stack\"}}]}]}]}]}]}],\"name\":\"navigatie\"}],\"version\":\"4.4.4\"} --><\/p>\n","protected":false},"excerpt":{"rendered":"<p>Fortresse Holland Freilichtmuseum Hellevoetsluis Seit April 2022 ist der Buffel ein eingetragenes Museum und ab dem 1. Juli 2022 k\u00f6nnen Besucher die MUSEUMS-JAHRESKARTE nutzen. Der Stiftungsrat des Museum Ramtorenschip Buffel setzt sich seit 2016 f\u00fcr die Schaffung eines breiten Museumsangebots auf der Insel Voorne ein. Deshalb haben wir zur Gr\u00fcndung der Fortresse Holland Foundation beigetragen. [&hellip;]<\/p>\n","protected":false},"author":1,"featured_media":0,"parent":0,"menu_order":0,"comment_status":"closed","ping_status":"closed","template":"","meta":{"_acf_changed":false,"footnotes":""},"class_list":["post-2864","page","type-page","status-publish","hentry"],"acf":[],"_links":{"self":[{"href":"https:\/\/debuffel.nl\/de\/wp-json\/wp\/v2\/pages\/2864","targetHints":{"allow":["GET"]}}],"collection":[{"href":"https:\/\/debuffel.nl\/de\/wp-json\/wp\/v2\/pages"}],"about":[{"href":"https:\/\/debuffel.nl\/de\/wp-json\/wp\/v2\/types\/page"}],"author":[{"embeddable":true,"href":"https:\/\/debuffel.nl\/de\/wp-json\/wp\/v2\/users\/1"}],"replies":[{"embeddable":true,"href":"https:\/\/debuffel.nl\/de\/wp-json\/wp\/v2\/comments?post=2864"}],"version-history":[{"count":7,"href":"https:\/\/debuffel.nl\/de\/wp-json\/wp\/v2\/pages\/2864\/revisions"}],"predecessor-version":[{"id":3239,"href":"https:\/\/debuffel.nl\/de\/wp-json\/wp\/v2\/pages\/2864\/revisions\/3239"}],"wp:attachment":[{"href":"https:\/\/debuffel.nl\/de\/wp-json\/wp\/v2\/media?parent=2864"}],"curies":[{"name":"wp","href":"https:\/\/api.w.org\/{rel}","templated":true}]}}