{"id":2869,"date":"2024-03-16T10:56:48","date_gmt":"2024-03-16T09:56:48","guid":{"rendered":"https:\/\/debuffel.nl\/die-oeffnungszeiten\/"},"modified":"2026-03-09T14:34:24","modified_gmt":"2026-03-09T13:34:24","slug":"die-oeffnungszeiten","status":"publish","type":"page","link":"https:\/\/debuffel.nl\/de\/die-oeffnungszeiten\/","title":{"rendered":"Die \u00d6ffnungszeiten"},"content":{"rendered":"<p><a href=\"\/de\/\"><img decoding=\"async\" src=\"\/wp-content\/uploads\/2024\/03\/Logo-De-Buffel.svg\" alt=\"\"><\/a><br \/>\n<img decoding=\"async\" src=\"\/wp-content\/uploads\/2024\/03\/Top-image-06.jpg\" alt=\"\"><\/p>\n<h1>\u00d6ffnungszeiten<\/h1>\n<div>\n<div>\n<p><span uk-icon=\"icon: warning; ratio: 1\"><\/span> Kaffeeecke (Backbereich unter Deck) nur mit Eintrittskarte zug\u00e4nglich.<\/p>\n<p><span uk-icon=\"icon: warning; ratio: 1\"><\/span>Deckterrasse (Oberdeck) von Mai bis September zur Bestellung und zum Verzehr von Erfrischungen frei zug\u00e4nglich.<\/p>\n<p><span uk-icon=\"icon: warning; ratio: 1\"><\/span>\u00a0Aufgrund anderer Aktivit\u00e4ten kann De Buffel w\u00e4hrend der unten angegebenen \u00d6ffnungszeiten zeitweise geschlossen sein.<br \/>Um Entt\u00e4uschungen zu vermeiden, empfiehlt es sich daher, an den \u00d6ffnungstagen an der Kasse anzurufen <a href=\"tel:0031617436478\">06-1743 6478<\/a>.<\/p>\n<p><span uk-icon=\"icon: warning; ratio: 1\"><\/span>Reserve De Buffel: <a href=\"tel:0031630494685\">06-3049 4685<\/a>.<\/p>\n<\/div>\n<\/div>\n<h1>2026<\/h1>\n<table>\n<thead>\n<tr>\n<th>Monat<\/th>\n<th>Notiz<\/th>\n<th>Zeiten<\/th>\n<\/tr>\n<\/thead>\n<tbody>\n<tr>\n<td>Januar<\/td>\n<td>\n<p>Weihnachtsferien | 2. bis 4. Januar<\/p>\n<p>Nur nach Vereinbarung<\/p>\n<\/td>\n<td>\n<p>11:00 \u2013 17:00 Uhr<\/p>\n<p>Geschlossen<\/p>\n<\/td>\n<\/tr>\n<tr>\n<td>Februar<\/td>\n<td>Nur nach Vereinbarung<\/td>\n<td>\n<p>Geschlossen<\/p>\n<\/td>\n<\/tr>\n<tr>\n<td>Marsch<\/td>\n<td>\n<p>Nur nach Vereinbarung<\/p>\n<p>NLdoet | Freitag, 13. M\u00e4rz, <\/p>\n<p>Kulturwoche | Samstag, 14. M\u00e4rz, <\/p>\n<\/td>\n<td>\n<p>Geschlossen<\/p>\n<p>11:00\u201317:00 Uhr<\/p>\n<p>11:00 &#8211; 16:00 Uhr<\/p>\n<\/td>\n<\/tr>\n<tr>\n<td>April<\/td>\n<td>\n<p>Jeden Sonntag<\/p>\n<p>1. Ostersonntag | Sonntag, 5. April<\/p>\n<p>2. Ostersonntag | Montag, 6. April<\/p>\n<p>K\u00f6nigssonntag | Montag, 27. April<\/p>\n<p>Maifeiertage | 25., 26., 27., 28., 29. und 30. April<\/p>\n<\/td>\n<td>\n<p>11:00\u201317:00 Uhr<\/p>\n<p>11:00\u201317:00 Uhr<\/p>\n<p>11:00\u201317:00 Uhr<\/p>\n<p>11:00\u201317:00 Uhr<\/p>\n<p>11:00\u201317:00 Uhr<\/p>\n<\/td>\n<\/tr>\n<tr>\n<td>Mai<\/td>\n<td>\n<p>Jeden Samstag und Sonntag<\/p>\n<p>Maifeiertag | 1., 2. und 3. Mai<\/p>\n<p>Muttertag | Sonntag, 10. Mai<\/p>\n<p>Christi Himmelfahrt | Donnerstag, 14. Mai<\/p>\n<p>1. Pfingsttag<\/sup> | Sonntag, 24. Mai<\/p>\n<p>2. Pfingsttag<\/sup> | Montag, 25. Mai<\/p>\n<\/td>\n<td>\n<p>11:00\u201317:00 Uhr<\/p>\n<p>11:00\u201317:00 Uhr<\/p>\n<p>11:00\u201317:00 Uhr<\/p>\n<p>11:00\u201317:00 Uhr<\/p>\n<p>11:00\u201317:00 Uhr<\/p>\n<p>11:00\u201317:00 Uhr<\/p>\n<\/td>\n<\/tr>\n<tr>\n<td>Juni<\/td>\n<td>\n<p>Jeden Mittwoch, Samstag und Sonntag<\/p>\n<p>Vatertag | Sonntag, 21. Juni<\/p>\n<\/td>\n<td>\n<p>11:00\u201317:00 Uhr<\/p>\n<p>11:00\u201317:00 Uhr<\/p>\n<\/td>\n<\/tr>\n<tr>\n<td>Juli<\/td>\n<td>\n<p>Jeden Mittwoch bis Sonntag<\/p>\n<\/td>\n<td>\n<p>11:00 &#8211; 17:00 Uhr<\/p>\n<\/td>\n<\/tr>\n<tr>\n<td>August<\/td>\n<td>\n<p>Jeden Mittwoch bis Sonntag<\/p>\n<p>Festungstage am 14., 15. und 16. August<\/p>\n<\/td>\n<td>\n<p>11:00\u201317:00 Uhr<\/p>\n<p>11:00\u201317:00 Uhr<\/p>\n<\/td>\n<\/tr>\n<tr>\n<td>September<\/td>\n<td>\n<p>Jeden Mittwoch, Samstag und Sonntag<\/p>\n<p>Tag der offenen Denkmals\u00f6ffnung | 12. und 13. September<\/p>\n<\/td>\n<td>\n<p>11:00\u201317:00 Uhr<\/p>\n<p>11:00\u201317:00 Uhr<\/p>\n<\/td>\n<\/tr>\n<tr>\n<td>Oktober<\/td>\n<td>\n<p>Jeden Sonntag<\/p>\n<p> Herbstferien 17., 18., 19., 20., 21., 22., 23., 24. und 25. Oktober <\/p>\n<\/td>\n<td>\n<p>11:00\u201317:00 Uhr<\/p>\n<p>11:00\u201317:00 Uhr<\/p>\n<\/td>\n<\/tr>\n<tr>\n<td>November<\/td>\n<td>\n<p>Jeden Sonntag<\/p>\n<p>Sinterklaas im Buffel Ende November<\/p>\n<\/td>\n<td>\n<p>11:00\u201317:00 Uhr<\/p>\n<p>13:00\u201315:00 Uhr<\/p>\n<\/p>\n<\/td>\n<\/tr>\n<tr>\n<td>Dezember<\/td>\n<td>\n<p>Jeden Sonntag<\/p>\n<p> Weihnachtsferien | 19. Dezember bis 3. Januar <\/p>\n<p>Weihnachtsferien<\/p>\n<p>Silvester &#038; Neujahr<\/p>\n<\/td>\n<td>\n<p>11:00\u201317:00 Uhr<\/p>\n<p>11:00\u201317:00 Uhr<\/p>\n<p>Geschlossen<\/p>\n<p>Geschlossen<\/p>\n<\/td>\n<\/tr>\n<\/tbody>\n<\/table>\n<p><!--more--><br \/>\n<!-- {\"type\":\"layout\",\"children\":[{\"type\":\"section\",\"props\":{\"image_position\":\"center-center\",\"padding_bottom\":\"none\",\"padding_top\":\"none\",\"style\":\"default\",\"title_breakpoint\":\"xl\",\"title_position\":\"top-left\",\"title_rotation\":\"left\",\"vertical_align\":\"\",\"width\":\"expand\"},\"children\":[{\"type\":\"row\",\"props\":{\"column_gap\":\"collapse\",\"css\":\".uk-nav-primary> li > a {\\nbackground: linear-gradient(#ffffff 0 0) no-repeat;\\n  background-size: 0%;\\n  transition: .4s;\\npadding: 5px}\\n\\n.uk-nav-primary > li > a:hover {\\n  background-size: 100%;\\n  transition: .4s;}\\n\\n.uk-nav-sub > li > a {\\nbackground: linear-gradient(#ffffff 0 0) no-repeat;\\n  background-size: 0%;\\n  transition: .4s;\\npadding: 5px}\\n\\n.uk-nav-sub > li > a:hover {\\n  background-size: 100%;\\n  transition: .4s;}\\n\\n.uk-nav-sub li.uk-active > a {\\nbackground: linear-gradient(#ffffff 0 0) no-repeat;\\n  background-size: 100%;}\",\"layout\":\"large,expand\",\"margin_bottom\":\"remove\",\"margin_top\":\"remove\",\"parallax\":true,\"parallax_end\":\"100vh\",\"parallax_start\":\"100vh\",\"width\":\"expand\"},\"children\":[{\"type\":\"column\",\"props\":{\"css\":\".el-column { background: linear-gradient(260deg,#1A2980,#2684c4);}\\n\\n.el-element { padding-left: 40px;}\",\"image_position\":\"center-center\",\"position_sticky\":\"column\",\"position_sticky_breakpoint\":\"m\",\"width_medium\":\"medium\"},\"children\":[{\"type\":\"image\",\"props\":{\"image\":\"wp-content\/uploads\/2024\/03\/Logo-De-Buffel.svg\",\"image_svg_color\":\"emphasis\",\"image_width\":200,\"link\":\"de\/\",\"margin_bottom\":\"default\",\"margin_top\":\"default\",\"position\":\"absolute\",\"position_left\":\"-15\",\"text_align\":\"center\",\"visibility\":\"l\"}},{\"type\":\"module_position\",\"props\":{\"animation\":\"none\",\"breakpoint\":\"m\",\"content\":\"sidebar\",\"layout\":\"stack\",\"position\":\"relative\",\"position_left\":\"-10\",\"position_top\":\"40vh\",\"visibility\":\"l\"}},{\"type\":\"module_position\",\"props\":{\"animation\":\"none\",\"breakpoint\":\"m\",\"class\":\"uk-sticky\",\"content\":\"builder-1\",\"css\":\".el-element a { font-size: 18px;}\",\"layout\":\"stack\",\"margin_bottom\":\"remove\",\"margin_top\":\"remove\",\"position\":\"absolute\",\"position_bottom\":\"-80vh\",\"position_left\":\"-10\",\"vertical_align\":false,\"visibility\":\"l\"}}]},{\"type\":\"column\",\"props\":{\"image_position\":\"center-center\",\"position_sticky_breakpoint\":\"m\",\"width_medium\":\"expand\"},\"children\":[{\"type\":\"fragment\",\"props\":{\"margin_bottom\":\"default\",\"margin_top\":\"default\"},\"children\":[{\"type\":\"row\",\"props\":{\"class\":\"uk-visible@m\",\"column_gap\":\"collapse\",\"height\":\"viewport\",\"height_viewport\":60,\"height_viewport_offset\":true,\"margin_bottom\":\"remove\",\"margin_top\":\"remove\",\"parallax\":false,\"row_gap\":\"collapse\",\"width\":\"expand\"},\"children\":[{\"type\":\"column\",\"props\":{\"image\":\"wp-content\/uploads\/2024\/03\/Top-image-06.jpg\",\"image_effect\":\"parallax\",\"image_parallax_bgy\":\"500\",\"image_parallax_target\":\"![class*='uk-section-'] ~ [class*='uk-section-']\",\"image_position\":\"center-center\",\"padding\":\"none\",\"position_sticky_breakpoint\":\"m\",\"position_sticky_offset\":\"100px\"}}]},{\"type\":\"row\",\"props\":{\"class\":\"uk-hidden@m\",\"margin_top\":\"remove\"},\"children\":[{\"type\":\"column\",\"props\":{\"image_position\":\"center-center\",\"position_sticky_breakpoint\":\"m\"},\"children\":[{\"type\":\"image\",\"props\":{\"image\":\"wp-content\/uploads\/2024\/03\/Top-image-06.jpg\",\"image_svg_color\":\"emphasis\",\"margin_bottom\":\"default\",\"margin_top\":\"default\"}}]}]},{\"type\":\"row\",\"children\":[{\"type\":\"column\",\"props\":{\"image_position\":\"center-center\",\"position_sticky_breakpoint\":\"m\"},\"children\":[{\"type\":\"headline\",\"props\":{\"content\":\"\u00d6ffnungszeiten\",\"image_align\":\"left\",\"image_margin\":\"xsmall\",\"title_element\":\"h1\"}}]}],\"props\":{\"width\":\"default\"}},{\"type\":\"row\",\"children\":[{\"type\":\"column\",\"props\":{\"image_position\":\"center-center\",\"position_sticky_breakpoint\":\"m\"},\"children\":[{\"type\":\"alert\",\"props\":{\"alert_size\":false,\"alert_style\":\"warning\",\"content\":\"\n\n<p><strong>Am 29. Dezember ab 13:00 Uhr wegen einer Freiwilligenfeier geschlossen!<\/strong><\/p>\n\n\",\"link_target\":false,\"status\":\"disabled\",\"text_align\":\"center\",\"title\":\"<strong><span uk-icon=\\\"icon: warning; ratio: 2\\\"><\/span> Abweichende \u00d6ffnungszeiten: <span uk-icon=\\\"icon: warning; ratio: 2\\\"><\/span><\/strong>\",\"title_element\":\"h2\",\"title_inline\":true,\"title_style\":\"h3\"}},{\"type\":\"alert\",\"props\":{\"alert_size\":false,\"content\":\"\n\n<p><span uk-icon=\\\"icon: warning; ratio: 1\\\"><\/span> Kaffeeecke (Backbereich unter Deck) nur mit Eintrittskarte zug\u00e4nglich.<\/p>\n\n\\n\n\n<p><span uk-icon=\\\"icon: warning; ratio: 1\\\"><\/span>Deckterrasse (Oberdeck) von Mai bis September zur Bestellung und zum Verzehr von Erfrischungen frei zug\u00e4nglich.<\/p>\n\n\\n\n\n<p><span uk-icon=\\\"icon: warning; ratio: 1\\\"><\/span>\u00a0Aufgrund anderer Aktivit\u00e4ten kann De Buffel w\u00e4hrend der unten angegebenen \u00d6ffnungszeiten zeitweise geschlossen sein.<br \/>Um Entt\u00e4uschungen zu vermeiden, empfiehlt es sich daher, an den \u00d6ffnungstagen an der Kasse anzurufen <a href=\\\"tel:0031617436478\\\">06-1743 6478<\/a>.<\/p>\n\n\\n\n\n<p><span uk-icon=\\\"icon: warning; ratio: 1\\\"><\/span>Reserve De Buffel: <a href=\\\"tel:0031630494685\\\">06-3049 4685<\/a>.<\/p>\n\n\",\"link_target\":false,\"text_align\":\"center\",\"title\":\"\",\"title_element\":\"h2\",\"title_inline\":true,\"title_style\":\"h3\"}}]}],\"props\":{\"width\":\"default\"}},{\"type\":\"row\",\"children\":[{\"type\":\"column\",\"props\":{\"image_position\":\"center-center\",\"position_sticky_breakpoint\":\"m\",\"style\":\"card-default\"},\"children\":[{\"type\":\"headline\",\"props\":{\"content\":\"2026\",\"image_align\":\"left\",\"image_margin\":\"xsmall\",\"title_element\":\"h1\",\"title_style\":\"h3\"}},{\"type\":\"table\",\"props\":{\"attributes\":\"voor de overige openingstijden van april tm december: kijk op website www.debuffel.nl\",\"content_style\":\"text-large\",\"css\":\"    .el-meta {min-width: 350px;}\\n    .el-content{min-width: 240px;}\",\"image_svg_color\":\"emphasis\",\"link_style\":\"default\",\"link_text\":\"Read more\",\"meta_style\":\"text-large\",\"show_content\":true,\"show_image\":true,\"show_link\":true,\"show_meta\":true,\"show_title\":true,\"table_head_content\":\"Zeiten\",\"table_head_meta\":\"Notiz\",\"table_head_title\":\"Monat\",\"table_order\":\"2\",\"table_responsive\":\"overflow\",\"table_style\":\"striped\",\"table_width_meta\":\"\",\"table_width_title\":\"\",\"title_style\":\"text-large\"},\"children\":[{\"type\":\"table_item\",\"props\":{\"content\":\"\n\n<p>11:00 \u2013 17:00 Uhr<\/p>\n\n\\n\n\n<p>Geschlossen<\/p>\n\n\",\"meta\":\"\n\n<p>Weihnachtsferien | 2. bis 4. Januar<\/p>\n\n\n\n<p>Nur nach Vereinbarung<\/p>\n\n\",\"title\":\"Januar\"}},{\"type\":\"table_item\",\"props\":{\"content\":\"\n\n<p>Geschlossen<\/p>\n\n\",\"meta\":\"Nur nach Vereinbarung\",\"title\":\"Februar\"}},{\"type\":\"table_item\",\"props\":{\"content\":\"\n\n<p>Geschlossen<\/p>\n\n\\n\n\n<p>11:00\u201317:00 Uhr<\/p>\n\n\\n\n\n<p>11:00 - 16:00 Uhr<\/p>\n\n\",\"meta\":\"\n\n<p>Nur nach Vereinbarung<\/p>\n\n\n\n<p>NLdoet | Freitag, 13. M\u00e4rz, <\/p>\n\n\n\n<p>Kulturwoche | Samstag, 14. M\u00e4rz, <\/p>\n\n\",\"title\":\"Marsch\"}},{\"type\":\"table_item\",\"props\":{\"content\":\"\n\n<p>11:00\u201317:00 Uhr<\/p>\n\n\\n\n\n<p>11:00\u201317:00 Uhr<\/p>\n\n\\n\n\n<p>11:00\u201317:00 Uhr<\/p>\n\n\\n\n\n<p>11:00\u201317:00 Uhr<\/p>\n\n\\n\n\n<p>11:00\u201317:00 Uhr<\/p>\n\n\",\"meta\":\"\n\n<p>Jeden Sonntag<\/p>\n\n\n\n<p>1. Ostersonntag | Sonntag, 5. April<\/p>\n\n\n\n<p>2. Ostersonntag | Montag, 6. April<\/p>\n\n\n\n<p>K\u00f6nigssonntag | Montag, 27. April<\/p>\n\n\n\n<p>Maifeiertage | 25., 26., 27., 28., 29. und 30. April<\/p>\n\n\",\"title\":\"April\"}},{\"type\":\"table_item\",\"props\":{\"content\":\"\n\n<p>11:00\u201317:00 Uhr<\/p>\n\n\\n\n\n<p>11:00\u201317:00 Uhr<\/p>\n\n\\n\n\n<p>11:00\u201317:00 Uhr<\/p>\n\n\\n\n\n<p>11:00\u201317:00 Uhr<\/p>\n\n\\n\n\n<p>11:00\u201317:00 Uhr<\/p>\n\n\\n\n\n<p>11:00\u201317:00 Uhr<\/p>\n\n\",\"meta\":\"\n\n<p>Jeden Samstag und Sonntag<\/p>\n\n\n\n<p>Maifeiertag | 1., 2. und 3. Mai<\/p>\n\n\n\n<p>Muttertag | Sonntag, 10. Mai<\/p>\n\n\n\n<p>Christi Himmelfahrt | Donnerstag, 14. Mai<\/p>\n\n\n\n<p>1. Pfingsttag<\/sup> | Sonntag, 24. Mai<\/p>\n\n\n\n<p>2. Pfingsttag<\/sup> | Montag, 25. Mai<\/p>\n\n\",\"title\":\"Mai\"}},{\"type\":\"table_item\",\"props\":{\"content\":\"\n\n<p>11:00\u201317:00 Uhr<\/p>\n\n\\n\n\n<p>11:00\u201317:00 Uhr<\/p>\n\n\",\"meta\":\"\n\n<p>Jeden Mittwoch, Samstag und Sonntag<\/p>\n\n\n\n<p>Vatertag | Sonntag, 21. Juni<\/p>\n\n\",\"title\":\"Juni\"}},{\"type\":\"table_item\",\"props\":{\"content\":\"\n\n<p>11:00 - 17:00 Uhr<\/p>\n\n\",\"meta\":\"\n\n<p>Jeden Mittwoch bis Sonntag<\/p>\n\n\",\"title\":\"Juli\"}},{\"type\":\"table_item\",\"props\":{\"content\":\"\n\n<p>11:00\u201317:00 Uhr<\/p>\n\n\\n\n\n<p>11:00\u201317:00 Uhr<\/p>\n\n\",\"meta\":\"\n\n<p>Jeden Mittwoch bis Sonntag<\/p>\n\n\n\n<p>Festungstage am 14., 15. und 16. August<\/p>\n\n\",\"title\":\"August\"}},{\"type\":\"table_item\",\"props\":{\"content\":\"\n\n<p>11:00\u201317:00 Uhr<\/p>\n\n\\n\n\n<p>11:00\u201317:00 Uhr<\/p>\n\n\",\"meta\":\"\n\n<p>Jeden Mittwoch, Samstag und Sonntag<\/p>\n\n\n\n<p>Tag der offenen Denkmals\u00f6ffnung | 12. und 13. September<\/p>\n\n\",\"title\":\"September\"}},{\"type\":\"table_item\",\"props\":{\"content\":\"\n\n<p>11:00\u201317:00 Uhr<\/p>\n\n\\n\n\n<p>11:00\u201317:00 Uhr<\/p>\n\n\",\"meta\":\"\n\n<p>Jeden Sonntag<\/p>\n\n\n\n<p> Herbstferien 17., 18., 19., 20., 21., 22., 23., 24. und 25. Oktober <\/p>\n\n\",\"title\":\"Oktober\"}},{\"type\":\"table_item\",\"props\":{\"content\":\"\n\n<p>11:00\u201317:00 Uhr<\/p>\n\n\\n\n\n<p>13:00\u201315:00 Uhr<\/p>\n\n\\n\n\n\n\n\\n\n\n\n\n\",\"meta\":\"\n\n<p>Jeden Sonntag<\/p>\n\n\n\n<p>Sinterklaas im Buffel Ende November<\/p>\n\n\",\"title\":\"November\"}},{\"type\":\"table_item\",\"props\":{\"content\":\"\n\n<p>11:00\u201317:00 Uhr<\/p>\n\n\\n\n\n<p>11:00\u201317:00 Uhr<\/p>\n\n\\n\n\n<p>Geschlossen<\/p>\n\n\\n\n\n<p>Geschlossen<\/p>\n\n\",\"meta\":\"\n\n<p>Jeden Sonntag<\/p>\n\n\n\n<p> Weihnachtsferien | 19. Dezember bis 3. Januar <\/p>\n\n\n\n<p>Weihnachtsferien<\/p>\n\n\n\n<p>Silvester & Neujahr<\/p>\n\n\",\"title\":\"Dezember\"}}],\"name\":\"Table openingstijden 2026\"}]}],\"props\":{\"width\":\"default\"}},{\"type\":\"row\",\"children\":[{\"type\":\"column\",\"props\":{\"image_position\":\"center-center\",\"position_sticky_breakpoint\":\"m\"},\"children\":[{\"type\":\"module_position\",\"props\":{\"breakpoint\":\"m\",\"content\":\"builder-3\",\"layout\":\"stack\"}}]}]}]}]}]}],\"name\":\"navigatie\"}],\"version\":\"5.0.19\"} --><\/p>\n","protected":false},"excerpt":{"rendered":"<p>\u00d6ffnungszeiten Kaffeeecke (Backbereich unter Deck) nur mit Eintrittskarte zug\u00e4nglich. Deckterrasse (Oberdeck) von Mai bis September zur Bestellung und zum Verzehr von Erfrischungen frei zug\u00e4nglich. \u00a0Aufgrund anderer Aktivit\u00e4ten kann De Buffel w\u00e4hrend der unten angegebenen \u00d6ffnungszeiten zeitweise geschlossen sein.Um Entt\u00e4uschungen zu vermeiden, empfiehlt es sich daher, an den \u00d6ffnungstagen an der Kasse anzurufen 06-1743 6478. Reserve [&hellip;]<\/p>\n","protected":false},"author":1,"featured_media":0,"parent":0,"menu_order":0,"comment_status":"closed","ping_status":"closed","template":"","meta":{"_acf_changed":false,"footnotes":""},"class_list":["post-2869","page","type-page","status-publish","hentry"],"acf":[],"_links":{"self":[{"href":"https:\/\/debuffel.nl\/de\/wp-json\/wp\/v2\/pages\/2869","targetHints":{"allow":["GET"]}}],"collection":[{"href":"https:\/\/debuffel.nl\/de\/wp-json\/wp\/v2\/pages"}],"about":[{"href":"https:\/\/debuffel.nl\/de\/wp-json\/wp\/v2\/types\/page"}],"author":[{"embeddable":true,"href":"https:\/\/debuffel.nl\/de\/wp-json\/wp\/v2\/users\/1"}],"replies":[{"embeddable":true,"href":"https:\/\/debuffel.nl\/de\/wp-json\/wp\/v2\/comments?post=2869"}],"version-history":[{"count":84,"href":"https:\/\/debuffel.nl\/de\/wp-json\/wp\/v2\/pages\/2869\/revisions"}],"predecessor-version":[{"id":4329,"href":"https:\/\/debuffel.nl\/de\/wp-json\/wp\/v2\/pages\/2869\/revisions\/4329"}],"wp:attachment":[{"href":"https:\/\/debuffel.nl\/de\/wp-json\/wp\/v2\/media?parent=2869"}],"curies":[{"name":"wp","href":"https:\/\/api.w.org\/{rel}","templated":true}]}}