{"id":2871,"date":"2024-03-16T10:57:15","date_gmt":"2024-03-16T09:57:15","guid":{"rendered":"https:\/\/debuffel.nl\/eintrittspreise\/"},"modified":"2025-06-08T13:26:22","modified_gmt":"2025-06-08T11:26:22","slug":"eintrittspreise","status":"publish","type":"page","link":"https:\/\/debuffel.nl\/de\/eintrittspreise\/","title":{"rendered":"Eintrittspreise"},"content":{"rendered":"<p><a href=\"\/de\/\"><img decoding=\"async\" src=\"\/wp-content\/uploads\/2024\/03\/Logo-De-Buffel.svg\" alt=\"\"><\/a><br \/>\n<img decoding=\"async\" src=\"\/wp-content\/uploads\/2024\/03\/Top-image-01-1.jpg\" alt=\"\"><\/p>\n<h1>Eintrittspreise<\/h1>\n<div>\n<div>\n<p><span uk-icon=\"icon: warning; ratio: 1\"><\/span> Kaffeeecke (Backbereich unter Deck) nur mit Eintrittskarte zug\u00e4nglich.<\/p>\n<p><span uk-icon=\"icon: warning; ratio: 1\"><\/span> Deckterrasse (Oberdeck) von Mai bis September zur Bestellung und zum Verzehr von Erfrischungen frei zug\u00e4nglich.<\/p>\n<p><span uk-icon=\"icon: warning; ratio: 1\"><\/span>\u00a0Aufgrund anderer Aktivit\u00e4ten kann De Buffel w\u00e4hrend der \u00d6ffnungszeiten zeitweise geschlossen sein.<br \/>Um Entt\u00e4uschungen zu vermeiden, empfiehlt es sich daher, an den \u00d6ffnungstagen an der Kasse anzurufen <a href=\"tel:0031617436478\">06 1743 6478<\/a>.<\/p>\n<p><span uk-icon=\"icon: warning; ratio: 1\"><\/span>Reserve De Buffel: <a href=\"tel:0031630494685\">06-3049 4685<\/a>.<\/p>\n<\/div>\n<\/div>\n<table>\n<thead>\n<tr>\n<th><\/th>\n<th>Typ<\/th>\n<th>Kosten<\/th>\n<\/tr>\n<\/thead>\n<tbody>\n<tr>\n<td>\n        <img decoding=\"async\" src=\"\/wp-content\/uploads\/2024\/03\/Museumkaart-logo-1.png\" alt=\"\">\n    <\/td>\n<td>Museumskarte<\/td>\n<td>\n<p>Frei<\/p>\n<\/td>\n<\/tr>\n<tr>\n<td>\n    <\/td>\n<td>Erwachsene<\/td>\n<td>\n<p>\u20ac 9,00<\/p>\n<\/td>\n<\/tr>\n<tr>\n<td>\n    <\/td>\n<td>Kind bis 4 Jahre<\/td>\n<td>\n<p>Gratis<\/p>\n<\/td>\n<\/tr>\n<tr>\n<td>\n    <\/td>\n<td>Kind 4 bis 12 Jahre alt<\/td>\n<td>\n<p>\u20ac 4,50<\/p>\n<\/td>\n<\/tr>\n<tr>\n<td>\n    <\/td>\n<td>Familie 2 Erwachsene 2 Kinder<\/td>\n<td>\n<p>\u20ac 22,00<\/p>\n<\/td>\n<\/tr>\n<tr>\n<td>\n    <\/td>\n<td>Familie 2 Erwachsene 3 Kinder<\/td>\n<td>\n<p>\u20ac 26,00<\/p>\n<\/td>\n<\/tr>\n<tr>\n<td>\n    <\/td>\n<td>Familie 2 Erwachsene 4 bis 6 Kinder<\/td>\n<td>\n<p>\u20ac 29,50<\/p>\n<\/td>\n<\/tr>\n<tr>\n<td>\n        <img decoding=\"async\" src=\"\/wp-content\/uploads\/2024\/03\/65plus-logo.png\" alt=\"\">\n    <\/td>\n<td>65+ pro Person<br \/><span style=\"font-size: 16px; font-style: italic;\">Ausweis erforderlich<\/span><\/td>\n<td>\n<p>\u20ac 7,00<\/p>\n<\/td>\n<\/tr>\n<tr>\n<td>\n        <img decoding=\"async\" src=\"\/wp-content\/uploads\/2024\/03\/onbekende-helden-stickers_1-1.png\" alt=\"\">\n    <\/td>\n<td>Veteranen <br \/><span style=\"font-size: 16px; font-style: italic;\">Unbekannter Helden-Veteranenpass<\/span><\/td>\n<td>\n<p>Frei<\/p>\n<\/td>\n<\/tr>\n<\/tbody>\n<\/table>\n<p><img decoding=\"async\" src=\"\/wp-content\/uploads\/2024\/03\/Pinnen-Ja-Graag_Liggend.jpg\" alt=\"\"><\/p>\n<h1>F\u00fchrungen<\/h1>\n<table>\n<thead>\n<tr>\n<th>Typ<\/th>\n<th>Kosten<\/th>\n<\/tr>\n<\/thead>\n<tbody>\n<tr>\n<td>Gef\u00fchrte Reisegruppe max. 12 Personen<\/td>\n<td>\n<p>33,00 \u20ac zzgl. Eintritt<\/p>\n<\/td>\n<\/tr>\n<tr>\n<td>F\u00fchrung ab 12 Personen <br \/><span style=\"font-size: 16px; font-style: italic;\">M\u00f6glichkeiten bitte telefonisch oder an der Kasse erfragen<\/span><\/td>\n<td>\n<p>Auf Anfrage<\/p>\n<\/td>\n<\/tr>\n<tr>\n<td>Gruppen k\u00f6nnen auch f\u00fcr Tage reservieren, an denen der Buffel f\u00fcr Besucher geschlossen ist:<\/td>\n<td>\n<p>Auf Anfrage<\/p>\n<\/td>\n<\/tr>\n<\/tbody>\n<\/table>\n<h1>Arrangements<\/h1>\n<table>\n<thead>\n<tr>\n<th>Typ<\/th>\n<th>Kosten<\/th>\n<\/tr>\n<\/thead>\n<tbody>\n<tr>\n<td>Partylocation<\/td>\n<td>\n<p>Auf Anfrage<\/p>\n<\/td>\n<\/tr>\n<tr>\n<td>Hochzeitsort<\/td>\n<td>\n<p>Auf Anfrage<\/p>\n<\/td>\n<\/tr>\n<tr>\n<td>Hochzeitsfotos<\/td>\n<td>\n<p>Auf Anfrage<\/p>\n<\/td>\n<\/tr>\n<tr>\n<td>Workshop zum Bildschnitzen<\/td>\n<td>\n<p>Auf Anfrage<\/p>\n<\/td>\n<\/tr>\n<tr>\n<td>Kinderparty <br \/><span style=\"font-size: 16px; font-style: italic;\">Thema Piraten<\/span><\/td>\n<td>\n<p>Auf Anfrage<\/p>\n<\/td>\n<\/tr>\n<\/tbody>\n<\/table>\n<p><!--more--><br \/>\n<!-- {\"type\":\"layout\",\"children\":[{\"type\":\"section\",\"props\":{\"image_position\":\"center-center\",\"padding\":\"none\",\"padding_remove_bottom\":true,\"style\":\"default\",\"title_breakpoint\":\"xl\",\"title_position\":\"top-left\",\"title_rotation\":\"left\",\"vertical_align\":\"\",\"width\":\"expand\"},\"children\":[{\"type\":\"row\",\"props\":{\"column_gap\":\"collapse\",\"css\":\".uk-nav-primary> li > a {\\nbackground: linear-gradient(#ffffff 0 0) no-repeat;\\n  background-size: 0%;\\n  transition: .4s;\\npadding: 5px}\\n\\n.uk-nav-primary > li > a:hover {\\n  background-size: 100%;\\n  transition: .4s;}\\n\\n.uk-nav-sub > li > a {\\nbackground: linear-gradient(#ffffff 0 0) no-repeat;\\n  background-size: 0%;\\n  transition: .4s;\\npadding: 5px}\\n\\n.uk-nav-sub > li > a:hover {\\n  background-size: 100%;\\n  transition: .4s;}\\n\\n.uk-nav-sub li.uk-active > a {\\nbackground: linear-gradient(#ffffff 0 0) no-repeat;\\n  background-size: 100%;}\",\"layout\":\"large,expand\",\"margin\":\"remove-vertical\",\"parallax\":true,\"parallax_end\":\"100vh\",\"parallax_start\":\"100vh\",\"width\":\"expand\"},\"children\":[{\"type\":\"column\",\"props\":{\"css\":\".el-column { background: linear-gradient(260deg,#1A2980,#2684c4);}\\n\\n.el-element { padding-left: 40px;}\",\"image_position\":\"center-center\",\"position_sticky\":\"column\",\"position_sticky_breakpoint\":\"m\",\"width_medium\":\"medium\"},\"children\":[{\"type\":\"image\",\"props\":{\"image\":\"wp-content\\\/uploads\\\/2024\\\/03\\\/Logo-De-Buffel.svg\",\"image_svg_color\":\"emphasis\",\"image_width\":200,\"link\":\"de\\\/\",\"margin\":\"default\",\"position\":\"absolute\",\"position_left\":\"-15\",\"text_align\":\"center\",\"visibility\":\"l\"}},{\"type\":\"module_position\",\"props\":{\"animation\":\"none\",\"breakpoint\":\"m\",\"content\":\"sidebar\",\"layout\":\"stack\",\"position\":\"relative\",\"position_left\":\"-10\",\"position_top\":\"40vh\",\"visibility\":\"l\"}},{\"type\":\"module_position\",\"props\":{\"animation\":\"none\",\"breakpoint\":\"m\",\"class\":\"uk-sticky\",\"content\":\"builder-1\",\"css\":\".el-element a { font-size: 18px;}\",\"layout\":\"stack\",\"margin\":\"remove-vertical\",\"position\":\"absolute\",\"position_bottom\":\"-80vh\",\"position_left\":\"-10\",\"vertical_align\":false,\"visibility\":\"l\"}}]},{\"type\":\"column\",\"props\":{\"image_position\":\"center-center\",\"position_sticky_breakpoint\":\"m\",\"width_medium\":\"expand\"},\"children\":[{\"type\":\"fragment\",\"props\":{\"margin\":\"default\"},\"children\":[{\"type\":\"row\",\"props\":{\"class\":\"uk-visible@m\",\"column_gap\":\"collapse\",\"height\":\"viewport\",\"height_offset_top\":true,\"height_viewport\":60,\"margin\":\"remove-vertical\",\"parallax\":false,\"row_gap\":\"collapse\",\"width\":\"expand\"},\"children\":[{\"type\":\"column\",\"props\":{\"image\":\"wp-content\\\/uploads\\\/2024\\\/03\\\/Top-image-01-1.jpg\",\"image_effect\":\"parallax\",\"image_parallax_bgy\":\"500\",\"image_parallax_target\":\"![class*='uk-section-'] ~ [class*='uk-section-']\",\"image_position\":\"center-center\",\"padding\":\"none\",\"position_sticky_breakpoint\":\"m\",\"position_sticky_offset\":\"100px\"}}]},{\"type\":\"row\",\"props\":{\"class\":\"uk-hidden@m\",\"margin_remove_top\":true},\"children\":[{\"type\":\"column\",\"props\":{\"image_position\":\"center-center\",\"position_sticky_breakpoint\":\"m\"},\"children\":[{\"type\":\"image\",\"props\":{\"image\":\"wp-content\\\/uploads\\\/2024\\\/03\\\/Top-image-01-1.jpg\",\"image_svg_color\":\"emphasis\",\"margin\":\"default\"}}]}]},{\"type\":\"row\",\"props\":{\"column_gap\":\"collapse\",\"margin\":\"default\",\"row_gap\":\"collapse\",\"width\":\"default\"},\"children\":[{\"type\":\"column\",\"props\":{\"image_position\":\"center-center\",\"padding\":\"none\",\"position_sticky_breakpoint\":\"m\",\"position_sticky_offset\":\"50vh -50%\",\"style\":\"tile-default\"},\"children\":[{\"type\":\"headline\",\"props\":{\"content\":\"Eintrittspreise\",\"title_element\":\"h1\"}}]}]},{\"type\":\"row\",\"children\":[{\"type\":\"column\",\"props\":{\"image_position\":\"center-center\",\"position_sticky_breakpoint\":\"m\"},\"children\":[{\"type\":\"alert\",\"props\":{\"alert_size\":false,\"alert_style\":\"primary\",\"content\":\"\n\n<p><span uk-icon=\\\"icon: warning; ratio: 1\\\"><\\\/span> Kaffeeecke (Backbereich unter Deck) nur mit Eintrittskarte zug\\u00e4nglich.<\\\/p>\\n\n\n<p><span uk-icon=\\\"icon: warning; ratio: 1\\\"><\\\/span> Deckterrasse (Oberdeck) von Mai bis September zur Bestellung und zum Verzehr von Erfrischungen frei zug\\u00e4nglich.<\\\/p>\\n\n\n<p><span uk-icon=\\\"icon: warning; ratio: 1\\\"><\\\/span>\\u00a0Aufgrund anderer Aktivit\\u00e4ten kann De Buffel w\\u00e4hrend der \\u00d6ffnungszeiten zeitweise geschlossen sein.<br \\\/>Um Entt\\u00e4uschungen zu vermeiden, empfiehlt es sich daher, an den \\u00d6ffnungstagen an der Kasse anzurufen <a href=\\\"tel:0031617436478\\\">06 1743 6478<\\\/a>.<\\\/p>\\n\n\n<p><span uk-icon=\\\"icon: warning; ratio: 1\\\"><\\\/span>Reserve De Buffel: <a href=\\\"tel:0031630494685\\\">06-3049 4685<\\\/a>.<\\\/p>\",\"link\":\"#\",\"link_target\":false,\"text_align\":\"center\",\"title\":\"\",\"title_element\":\"h2\",\"title_inline\":true,\"title_style\":\"h3\"}}]}],\"props\":{\"width\":\"default\"}},{\"type\":\"row\",\"children\":[{\"type\":\"column\",\"props\":{\"image_position\":\"center-center\",\"position_sticky_breakpoint\":\"m\",\"style\":\"card-default\"},\"children\":[{\"type\":\"table\",\"props\":{\"content_style\":\"text-large\",\"image_height\":\"50\",\"image_svg_color\":\"emphasis\",\"link_style\":\"default\",\"link_text\":\"Read more\",\"meta_style\":\"text-large\",\"show_content\":true,\"show_image\":true,\"show_link\":true,\"show_meta\":false,\"show_title\":true,\"table_head_content\":\"Kosten\",\"table_head_meta\":\"Opmerking\",\"table_head_title\":\"Typ\",\"table_last_align\":\"right\",\"table_order\":\"2\",\"table_responsive\":\"overflow\",\"table_style\":\"striped\",\"table_width_meta\":\"\",\"table_width_title\":\"\",\"title_style\":\"text-large\"},\"children\":[{\"type\":\"table_item\",\"props\":{\"content\":\"\n\n<p>Frei<\\\/p>\",\"image\":\"wp-content\\\/uploads\\\/2024\\\/03\\\/Museumkaart-logo-1.png\",\"meta\":\"\",\"title\":\"Museumskarte\"}},{\"type\":\"table_item\",\"props\":{\"content\":\"\n\n<p>\\u20ac 9,00<\\\/p>\",\"meta\":\"\",\"title\":\"Erwachsene\"}},{\"type\":\"table_item\",\"props\":{\"content\":\"\n\n<p>Gratis<\\\/p>\",\"meta\":\"\",\"title\":\"Kind bis 4 Jahre\"}},{\"type\":\"table_item\",\"props\":{\"content\":\"\n\n<p>\\u20ac 4,50<\\\/p>\",\"meta\":\"\",\"title\":\"Kind 4 bis 12 Jahre alt\"}},{\"type\":\"table_item\",\"props\":{\"content\":\"\n\n<p>\\u20ac 22,00<\\\/p>\",\"meta\":\"\",\"title\":\"Familie 2 Erwachsene 2 Kinder\"}},{\"type\":\"table_item\",\"props\":{\"content\":\"\n\n<p>\\u20ac 26,00<\\\/p>\",\"meta\":\"\",\"title\":\"Familie 2 Erwachsene 3 Kinder\"}},{\"type\":\"table_item\",\"props\":{\"content\":\"\n\n<p>\\u20ac 29,50<\\\/p>\",\"meta\":\"\",\"title\":\"Familie 2 Erwachsene 4 bis 6 Kinder\"}},{\"type\":\"table_item\",\"props\":{\"content\":\"\n\n<p>\\u20ac 7,00<\\\/p>\",\"image\":\"wp-content\\\/uploads\\\/2024\\\/03\\\/65plus-logo.png\",\"meta\":\"\",\"title\":\"65+ pro Person<br \\\/><span style=\\\"font-size: 16px; font-style: italic;\\\">Ausweis erforderlich<\\\/span>\"}},{\"type\":\"table_item\",\"props\":{\"content\":\"\n\n<p>Frei<\\\/p>\",\"image\":\"wp-content\\\/uploads\\\/2024\\\/03\\\/onbekende-helden-stickers_1-1.png\",\"meta\":\"\",\"title\":\"Veteranen <br \\\/><span style=\\\"font-size: 16px; font-style: italic;\\\">Unbekannter Helden-Veteranenpass<\\\/span>\"}}]}]}],\"props\":{\"width\":\"default\"}},{\"type\":\"row\",\"props\":{\"layout\":\"2-3,1-3\",\"width\":\"default\"},\"children\":[{\"type\":\"column\",\"props\":{\"image_position\":\"center-center\",\"position_sticky_breakpoint\":\"m\",\"width_medium\":\"2-3\"}},{\"type\":\"column\",\"props\":{\"image_position\":\"center-center\",\"position_sticky_breakpoint\":\"m\",\"width_medium\":\"1-3\"},\"children\":[{\"type\":\"image\",\"props\":{\"image\":\"wp-content\\\/uploads\\\/2024\\\/03\\\/Pinnen-Ja-Graag_Liggend.jpg\",\"image_height\":120,\"image_svg_color\":\"emphasis\",\"margin\":\"default\",\"text_align\":\"right\"}}]}]},{\"type\":\"row\",\"children\":[{\"type\":\"column\",\"props\":{\"image_position\":\"center-center\",\"position_sticky_breakpoint\":\"m\",\"style\":\"card-default\"},\"children\":[{\"type\":\"headline\",\"props\":{\"content\":\"F\\u00fchrungen\",\"title_element\":\"h1\"}},{\"type\":\"table\",\"props\":{\"content_style\":\"text-large\",\"image_height\":\"50\",\"image_svg_color\":\"emphasis\",\"link_style\":\"default\",\"link_text\":\"Read more\",\"meta_style\":\"text-large\",\"show_content\":true,\"show_image\":true,\"show_link\":true,\"show_meta\":false,\"show_title\":true,\"table_head_content\":\"Kosten\",\"table_head_meta\":\"Opmerking\",\"table_head_title\":\"Typ\",\"table_last_align\":\"right\",\"table_order\":\"2\",\"table_responsive\":\"overflow\",\"table_style\":\"striped\",\"table_width_meta\":\"\",\"table_width_title\":\"\",\"title_style\":\"text-large\"},\"children\":[{\"type\":\"table_item\",\"props\":{\"content\":\"\n\n<p>33,00 \\u20ac zzgl. Eintritt<\\\/p>\",\"image\":\"\",\"meta\":\"\",\"title\":\"Gef\\u00fchrte Reisegruppe max. 12 Personen\"}},{\"type\":\"table_item\",\"props\":{\"content\":\"\n\n<p>Auf Anfrage<\\\/p>\",\"image\":\"\",\"meta\":\"\",\"title\":\"F\\u00fchrung ab 12 Personen <br \\\/><span style=\\\"font-size: 16px; font-style: italic;\\\">M\\u00f6glichkeiten bitte telefonisch oder an der Kasse erfragen<\\\/span>\"}},{\"type\":\"table_item\",\"props\":{\"content\":\"\n\n<p>Auf Anfrage<\\\/p>\",\"image\":\"\",\"meta\":\"\",\"title\":\"Gruppen k\\u00f6nnen auch f\\u00fcr Tage reservieren, an denen der Buffel f\\u00fcr Besucher geschlossen ist:\"}}]}]}],\"props\":{\"width\":\"default\"}},{\"type\":\"row\",\"children\":[{\"type\":\"column\",\"props\":{\"image_position\":\"center-center\",\"position_sticky_breakpoint\":\"m\",\"style\":\"card-default\"},\"children\":[{\"type\":\"headline\",\"props\":{\"content\":\"Arrangements\",\"title_element\":\"h1\"}},{\"type\":\"table\",\"props\":{\"content_style\":\"text-large\",\"image_height\":\"50\",\"image_svg_color\":\"emphasis\",\"link_style\":\"default\",\"link_text\":\"Read more\",\"meta_style\":\"text-large\",\"show_content\":true,\"show_image\":true,\"show_link\":true,\"show_meta\":false,\"show_title\":true,\"table_head_content\":\"Kosten\",\"table_head_meta\":\"Opmerking\",\"table_head_title\":\"Typ\",\"table_last_align\":\"right\",\"table_order\":\"2\",\"table_responsive\":\"overflow\",\"table_style\":\"striped\",\"table_width_meta\":\"\",\"table_width_title\":\"\",\"title_style\":\"text-large\"},\"children\":[{\"type\":\"table_item\",\"props\":{\"content\":\"\n\n<p>Auf Anfrage<\\\/p>\",\"image\":\"\",\"meta\":\"\",\"title\":\"Partylocation\"}},{\"type\":\"table_item\",\"props\":{\"content\":\"\n\n<p>Auf Anfrage<\\\/p>\",\"image\":\"\",\"meta\":\"\",\"title\":\"Hochzeitsort\"}},{\"type\":\"table_item\",\"props\":{\"content\":\"\n\n<p>Auf Anfrage<\\\/p>\",\"image\":\"\",\"meta\":\"\",\"title\":\"Hochzeitsfotos\"}},{\"type\":\"table_item\",\"props\":{\"content\":\"\n\n<p>Auf Anfrage<\\\/p>\",\"image\":\"\",\"meta\":\"\",\"title\":\"Workshop zum Bildschnitzen\"}},{\"type\":\"table_item\",\"props\":{\"content\":\"\n\n<p>Auf Anfrage<\\\/p>\",\"title\":\"Kinderparty <br \\\/><span style=\\\"font-size: 16px; font-style: italic;\\\">Thema Piraten<\\\/span>\"}}]}]}],\"props\":{\"width\":\"default\"}},{\"type\":\"row\",\"children\":[{\"type\":\"column\",\"props\":{\"image_position\":\"center-center\",\"position_sticky_breakpoint\":\"m\"},\"children\":[{\"type\":\"module_position\",\"props\":{\"breakpoint\":\"m\",\"content\":\"builder-3\",\"layout\":\"stack\"}}]}]}]}]}]}],\"name\":\"navigatie\"}],\"version\":\"4.5.19\"} --><\/p>\n","protected":false},"excerpt":{"rendered":"<p>Eintrittspreise Kaffeeecke (Backbereich unter Deck) nur mit Eintrittskarte zug\u00e4nglich. Deckterrasse (Oberdeck) von Mai bis September zur Bestellung und zum Verzehr von Erfrischungen frei zug\u00e4nglich. \u00a0Aufgrund anderer Aktivit\u00e4ten kann De Buffel w\u00e4hrend der \u00d6ffnungszeiten zeitweise geschlossen sein.Um Entt\u00e4uschungen zu vermeiden, empfiehlt es sich daher, an den \u00d6ffnungstagen an der Kasse anzurufen 06 1743 6478. Reserve De [&hellip;]<\/p>\n","protected":false},"author":1,"featured_media":0,"parent":0,"menu_order":0,"comment_status":"closed","ping_status":"closed","template":"","meta":{"_acf_changed":false,"footnotes":""},"class_list":["post-2871","page","type-page","status-publish","hentry"],"acf":[],"_links":{"self":[{"href":"https:\/\/debuffel.nl\/de\/wp-json\/wp\/v2\/pages\/2871","targetHints":{"allow":["GET"]}}],"collection":[{"href":"https:\/\/debuffel.nl\/de\/wp-json\/wp\/v2\/pages"}],"about":[{"href":"https:\/\/debuffel.nl\/de\/wp-json\/wp\/v2\/types\/page"}],"author":[{"embeddable":true,"href":"https:\/\/debuffel.nl\/de\/wp-json\/wp\/v2\/users\/1"}],"replies":[{"embeddable":true,"href":"https:\/\/debuffel.nl\/de\/wp-json\/wp\/v2\/comments?post=2871"}],"version-history":[{"count":12,"href":"https:\/\/debuffel.nl\/de\/wp-json\/wp\/v2\/pages\/2871\/revisions"}],"predecessor-version":[{"id":3813,"href":"https:\/\/debuffel.nl\/de\/wp-json\/wp\/v2\/pages\/2871\/revisions\/3813"}],"wp:attachment":[{"href":"https:\/\/debuffel.nl\/de\/wp-json\/wp\/v2\/media?parent=2871"}],"curies":[{"name":"wp","href":"https:\/\/api.w.org\/{rel}","templated":true}]}}