{"id":2889,"date":"2024-04-03T08:51:57","date_gmt":"2024-04-03T06:51:57","guid":{"rendered":"https:\/\/debuffel.nl\/unterstuetzen-sie-uns\/"},"modified":"2024-04-24T12:18:34","modified_gmt":"2024-04-24T10:18:34","slug":"unterstuetzen-sie-uns","status":"publish","type":"page","link":"https:\/\/debuffel.nl\/de\/unterstuetzen-sie-uns\/","title":{"rendered":"Unterst\u00fctzen Sie uns"},"content":{"rendered":"<p><a href=\"\/de\/\"><img decoding=\"async\" src=\"\/wp-content\/uploads\/2024\/03\/Logo-De-Buffel.svg\" alt=\"\"><\/a><br \/>\n<img decoding=\"async\" src=\"\/wp-content\/uploads\/2024\/04\/Top-image-Steun-ons.jpg\" alt=\"\"><\/p>\n<h1>Unterst\u00fctze uns<\/h1>\n<div>\n<div id=\"lipsum\">Durch Ihre Unterst\u00fctzung unserer Stiftung tragen Sie zum Erhalt des Museumsschiffes Buffel bei. Obwohl die Stiftung ausschlie\u00dflich aus Freiwilligen besteht, kostet der Unterhalt dieses sch\u00f6nen Schiffes auch Geld. Indem Sie uns finanziell unterst\u00fctzen, erm\u00f6glichen Sie es mehr als 7.000 Besuchern j\u00e4hrlich, unsere reiche maritime Vergangenheit kennenzulernen. Ein Sponsor wird automatisch \u201eFreund von Ramtorenschip Buffel\u201c. Und mit gen\u00fcgend Freunden k\u00f6nnen wir den Buffalo offen halten. Abh\u00e4ngig von der H\u00f6he des Sponsorings erhalten Sie einen Rang mit den damit verbundenen Privilegien, wie es sich f\u00fcr ein Marineschiff geh\u00f6rt. Lesen Sie unten, welche Optionen es gibt.<\/div>\n<\/div>\n<h1>Sponsoring durch UnternehmenSponsoring durch Unternehmen<\/h1>\n<div>\n<div id=\"lipsum\">\n<p>Steigern Sie als Sponsor Ihre Markenbekanntheit und nutzen Sie unsere einzigartige Tagungslocation kostenlos. Auch Ihr Sponsoringbetrag ist steuerlich absetzbar.<\/p>\n<p>Indem Sie \u201eFreund des Ram Tower Ship Buffel\u201c werden, unterst\u00fctzen Sie unsere Stiftung, erhalten aber auch eine Gegenleistung.<\/p>\n<p>Vom Admiral bis zum Lieutenant Commander k\u00f6nnen Ihre Firmenlogos auf einem Zeitungs-\/Videobildschirm an Bord der Buffel angezeigt werden. Dies erh\u00f6ht die Markenbekanntheit bei den mehr als 7.000 Besuchern, die wir j\u00e4hrlich empfangen (Dauer abh\u00e4ngig vom Rang).<br \/>Ihr Firmenname und Ihr Logo erscheinen auf der auf der Buffel-Website (debuffel.nl) ver\u00f6ffentlichten Liste.<br \/>Ihre Unternehmenswebsite finden Sie \u00fcber die Buffel-Website (www.debuffel.nl) und unsere Social-Media-Kan\u00e4le (Facebook, Instagram und LinkedIn).<br \/>Zweimal im Jahr erhalten \u201eFriends of Ram Tower Ship Buffel\u201c einen Newsletter \u00fcber die Besonderheiten des Schiffes und der Gr\u00fcndung, in dem auch Ihr Firmenname enthalten ist.<br \/>Jedes Jahr wird an Bord der Buffel ein \u201eFreundesabend\u201c organisiert. Eine gro\u00dfartige Gelegenheit zum Networking.<br \/>Der Buffel ist eine spektakul\u00e4re Kulisse f\u00fcr die Werbeaktivit\u00e4ten Ihres Unternehmens. Nach Absprache k\u00f6nnen Sie unsere sch\u00f6ne Location nutzen.<\/p>\n<p>Je nach Sponsorenrang k\u00f6nnen Sie unsere Location ein- oder mehrmals f\u00fcr Meetings, einen Empfang oder eine andere Veranstaltung nutzen. Sie k\u00f6nnen den Langraum (20 \u2013 35 Personen) und\/oder das Brunnendeck (100 Personen) nutzen. Die Verpflegung ist \u00fcber unsere ausgew\u00e4hlten Partner m\u00f6glich, die Kosten gehen selbstverst\u00e4ndlich zu Ihren Lasten. Gerne denken wir gemeinsam mit Ihnen \u00fcber die M\u00f6glichkeiten nach.<\/p>\n<p>Die Stiftung \u201eRamtorenschip Buffalo\u201c hat ANBI-Status. Sponsoringgelder sind von der Einkommens- und K\u00f6rperschaftssteuer abzugsf\u00e4hig, wenn sie an eine gemeinn\u00fctzige Einrichtung (ANBI) gezahlt werden. Weitere Informationen: www.taxdienst.nl\/rekenhulpen\/anbi.<\/p>\n<\/div>\n<\/div>\n<h1>Sponsoring durch Privatpersonen<\/h1>\n<div>\n<div id=\"lipsum\">\n<p>Nat\u00fcrlich k\u00f6nnen Sie auch als Privatperson ein Freund von De Buffel werden. Freunde des Ramtorenschip de Buffel sind in einer auf der Buffel-Website (www.debuffel.nl) ver\u00f6ffentlichten Liste aufgef\u00fchrt. (Das ist nat\u00fcrlich nicht notwendig, wenn Sie es w\u00fcnschen).<\/p>\n<p>Je nach gew\u00e4hltem Rang erhalten Sie eine oder mehrere Jahreskarten, mit denen Sie freien Zugang zum Ram Tower Ship Buffalo erhalten oder den Platz auf dem Schiff einmal oder mehrmals kostenlos nutzen k\u00f6nnen, beispielsweise f\u00fcr einen einzigartigen Geburtstag.<\/p>\n<p>Als zuk\u00fcnftiger \u201eFreund von Ramtorenschip Buffel\u201c k\u00f6nnen Sie einen Rang mit den damit verbundenen Privilegien w\u00e4hlen:<\/p>\n<\/div>\n<\/div>\n<table>\n<thead>\n<tr>\n<th><\/th>\n<th>Rang<\/th>\n<th>Bedrag<\/th>\n<th>Privilege<\/th>\n<\/tr>\n<\/thead>\n<tbody>\n<tr>\n<td>\n        <img decoding=\"async\" src=\"\/wp-content\/uploads\/2024\/04\/Admiraal.jpg\" alt=\"\">\n    <\/td>\n<td>Admiral<\/td>\n<td>\u20ac 1.250<\/td>\n<td>\n<p>Verwenden Sie Longroom zweimal im Jahr<br \/>2 Jahreskarten<br \/>30 Eintrittskarten<\/p>\n<\/td>\n<\/tr>\n<tr>\n<td>\n        <img decoding=\"async\" src=\"\/wp-content\/uploads\/2024\/04\/ViceAdmiraal.jpg\" alt=\"\">\n    <\/td>\n<td>Vizeadmiral<\/td>\n<td>\u20ac 1.000<\/td>\n<td>\n<p>Verwenden Sie Longroom einmal im Jahr<br \/>2 Jahreskarten<br \/>25 Eintrittskarten<\/p>\n<\/td>\n<\/tr>\n<tr>\n<td>\n        <img decoding=\"async\" src=\"\/wp-content\/uploads\/2024\/04\/Schoutbijnacht.jpg\" alt=\"\">\n    <\/td>\n<td>Konteradmiral<\/td>\n<td>\u20ac 750<\/td>\n<td>\n<p>Verwenden Sie Longroom einmal im Jahr<br \/>2 Jahreskarten<br \/>20 Eintrittskarten<\/p>\n<\/td>\n<\/tr>\n<tr>\n<td>\n        <img decoding=\"async\" src=\"\/wp-content\/uploads\/2024\/04\/Commandeur.jpg\" alt=\"\">\n    <\/td>\n<td>Kommandant<\/td>\n<td>\u20ac 650<\/td>\n<td>\n<p>Verwenden Sie Longroom einmal im Jahr<br \/>2 Jahreskarten<br \/>10 Eintrittskarten<\/p>\n<\/td>\n<\/tr>\n<tr>\n<td>\n        <img decoding=\"async\" src=\"\/wp-content\/uploads\/2024\/04\/Kapitein.jpg\" alt=\"\">\n    <\/td>\n<td>Kapit\u00e4n zur See<\/td>\n<td>\u20ac 500<\/td>\n<td>\n<p>Verwenden Sie Longroom einmal im Jahr<br \/>10 Eintrittskarten<\/p>\n<\/td>\n<\/tr>\n<tr>\n<td>\n        <img decoding=\"async\" src=\"\/wp-content\/uploads\/2024\/04\/Luitenant.jpg\" alt=\"\">\n    <\/td>\n<td>Marineleutnant<\/td>\n<td>\u20ac 375<\/td>\n<td>\n<p>Verwenden Sie Kuildek einmal im Jahr<br \/>20 Eintrittskarten<\/p>\n<\/td>\n<\/tr>\n<tr>\n<td>\n        <img decoding=\"async\" src=\"\/wp-content\/uploads\/2024\/04\/Sergeant.jpg\" alt=\"\">\n    <\/td>\n<td>Sergeant<\/td>\n<td>\u20ac 225<\/td>\n<td>\n<p>2 Jahreskarten<br \/>10 Eintrittskarten<\/p>\n<\/td>\n<\/tr>\n<tr>\n<td>\n        <img decoding=\"async\" src=\"\/wp-content\/uploads\/2024\/04\/Korporaal.jpg\" alt=\"\">\n    <\/td>\n<td>Korporal<\/td>\n<td>\u20ac 150<\/td>\n<td>\n<p>2 Jahreskarten<\/p>\n<\/td>\n<\/tr>\n<tr>\n<td>\n        <img decoding=\"async\" src=\"\/wp-content\/uploads\/2024\/04\/Matroos.jpg\" alt=\"\">\n    <\/td>\n<td>Matrose<\/td>\n<td>\u20ac 75<\/td>\n<td>\n<p>1 Jahreskarte<\/p>\n<\/td>\n<\/tr>\n<\/tbody>\n<\/table>\n<p><img decoding=\"async\" src=\"\/wp-content\/uploads\/2024\/04\/Top-image-Steun-ons1.jpg\" alt=\"\"><\/p>\n<p><!--more--><br \/>\n<!-- {\"type\":\"layout\",\"children\":[{\"type\":\"section\",\"props\":{\"image_position\":\"center-center\",\"padding\":\"none\",\"padding_remove_bottom\":true,\"style\":\"default\",\"title_breakpoint\":\"xl\",\"title_position\":\"top-left\",\"title_rotation\":\"left\",\"vertical_align\":\"middle\",\"width\":\"expand\"},\"children\":[{\"type\":\"row\",\"props\":{\"column_gap\":\"collapse\",\"css\":\".uk-nav-primary> li > a {\\nbackground: linear-gradient(#ffffff 0 0) no-repeat;\\n  background-size: 0%;\\n  transition: .4s;\\npadding: 5px}\\n\\n.uk-nav-primary > li > a:hover {\\n  background-size: 100%;\\n  transition: .4s;}\\n\\n.uk-nav-sub > li > a {\\nbackground: linear-gradient(#ffffff 0 0) no-repeat;\\n  background-size: 0%;\\n  transition: .4s;\\npadding: 5px}\\n\\n.uk-nav-sub > li > a:hover {\\n  background-size: 100%;\\n  transition: .4s;}\\n\\n.uk-nav-sub li.uk-active > a {\\nbackground: linear-gradient(#ffffff 0 0) no-repeat;\\n  background-size: 100%;}\",\"layout\":\"large,expand\",\"margin\":\"remove-vertical\",\"parallax\":true,\"parallax_end\":\"100vh\",\"parallax_start\":\"100vh\",\"width\":\"expand\"},\"children\":[{\"type\":\"column\",\"props\":{\"css\":\".el-column { background: linear-gradient(260deg,#1A2980,#2684c4);}\\n\\n.el-element { padding-left: 40px;}\",\"image_position\":\"center-center\",\"position_sticky\":\"column\",\"position_sticky_breakpoint\":\"m\",\"width_medium\":\"medium\"},\"children\":[{\"type\":\"image\",\"props\":{\"image\":\"wp-content\\\/uploads\\\/2024\\\/03\\\/Logo-De-Buffel.svg\",\"image_svg_color\":\"emphasis\",\"image_width\":200,\"link\":\"de\\\/\",\"margin\":\"default\",\"position\":\"absolute\",\"position_left\":\"-15\",\"text_align\":\"center\",\"visibility\":\"l\"}},{\"type\":\"module_position\",\"props\":{\"animation\":\"none\",\"breakpoint\":\"m\",\"content\":\"sidebar\",\"layout\":\"stack\",\"position\":\"relative\",\"position_left\":\"-10\",\"position_top\":\"40vh\",\"visibility\":\"l\"}},{\"type\":\"module_position\",\"props\":{\"animation\":\"none\",\"breakpoint\":\"m\",\"class\":\"uk-sticky\",\"content\":\"builder-1\",\"css\":\".el-element a { font-size: 18px;}\",\"layout\":\"stack\",\"margin\":\"remove-vertical\",\"position\":\"absolute\",\"position_bottom\":\"-80vh\",\"position_left\":\"-10\",\"vertical_align\":false,\"visibility\":\"l\"}}]},{\"type\":\"column\",\"props\":{\"image_position\":\"center-center\",\"position_sticky_breakpoint\":\"m\",\"width_medium\":\"expand\"},\"children\":[{\"type\":\"fragment\",\"props\":{\"margin\":\"default\"},\"children\":[{\"type\":\"row\",\"props\":{\"class\":\"uk-visible@m\",\"column_gap\":\"collapse\",\"height\":\"viewport\",\"height_offset_top\":true,\"height_viewport\":60,\"margin\":\"remove-vertical\",\"parallax\":false,\"row_gap\":\"collapse\",\"width\":\"expand\"},\"children\":[{\"type\":\"column\",\"props\":{\"image\":\"wp-content\\\/uploads\\\/2024\\\/04\\\/Top-image-Steun-ons.jpg\",\"image_effect\":\"parallax\",\"image_parallax_bgy\":\"500\",\"image_parallax_target\":\"![class*='uk-section-'] ~ [class*='uk-section-']\",\"image_position\":\"center-center\",\"padding\":\"none\",\"position_sticky_breakpoint\":\"m\",\"position_sticky_offset\":\"100px\"}}]},{\"type\":\"row\",\"props\":{\"class\":\"uk-hidden@m\",\"margin_remove_top\":true},\"children\":[{\"type\":\"column\",\"props\":{\"image_position\":\"center-center\",\"position_sticky_breakpoint\":\"m\"},\"children\":[{\"type\":\"image\",\"props\":{\"image\":\"wp-content\\\/uploads\\\/2024\\\/04\\\/Top-image-Steun-ons.jpg\",\"image_svg_color\":\"emphasis\",\"margin\":\"default\"}}]}]},{\"type\":\"row\",\"props\":{\"column_gap\":\"collapse\",\"css\":\".el-row {\\n  padding-left: 10px;\\n    padding-right: 10px;}\",\"margin\":\"default\",\"row_gap\":\"collapse\",\"width\":\"default\"},\"children\":[{\"type\":\"column\",\"props\":{\"image_position\":\"center-center\",\"padding\":\"none\",\"position_sticky_breakpoint\":\"m\",\"position_sticky_offset\":\"50vh -50%\",\"style\":\"tile-default\"},\"children\":[{\"type\":\"headline\",\"props\":{\"content\":\"Unterst\\u00fctze uns\",\"title_element\":\"h1\"}},{\"type\":\"text\",\"props\":{\"column_breakpoint\":\"m\",\"content\":\"\n\n<div id=\\\"lipsum\\\">Durch Ihre Unterst\\u00fctzung unserer Stiftung tragen Sie zum Erhalt des Museumsschiffes Buffel bei. Obwohl die Stiftung ausschlie\\u00dflich aus Freiwilligen besteht, kostet der Unterhalt dieses sch\\u00f6nen Schiffes auch Geld. Indem Sie uns finanziell unterst\\u00fctzen, erm\\u00f6glichen Sie es mehr als 7.000 Besuchern j\\u00e4hrlich, unsere reiche maritime Vergangenheit kennenzulernen. Ein Sponsor wird automatisch \\u201eFreund von Ramtorenschip Buffel\\u201c. Und mit gen\\u00fcgend Freunden k\\u00f6nnen wir den Buffalo offen halten. Abh\\u00e4ngig von der H\\u00f6he des Sponsorings erhalten Sie einen Rang mit den damit verbundenen Privilegien, wie es sich f\\u00fcr ein Marineschiff geh\\u00f6rt. Lesen Sie unten, welche Optionen es gibt.<\\\/div>\",\"margin\":\"default\"}}]}]},{\"type\":\"row\",\"props\":{\"column_gap\":\"collapse\",\"css\":\".el-row {\\n  padding-left: 10px;\\n    padding-right: 10px;}\",\"margin\":\"default\",\"row_gap\":\"collapse\",\"width\":\"default\"},\"children\":[{\"type\":\"column\",\"props\":{\"image_position\":\"center-center\",\"padding\":\"none\",\"position_sticky_breakpoint\":\"m\",\"position_sticky_offset\":\"50vh -50%\",\"style\":\"tile-default\"},\"children\":[{\"type\":\"headline\",\"props\":{\"content\":\"Sponsoring durch UnternehmenSponsoring durch Unternehmen\",\"title_element\":\"h1\",\"title_style\":\"h3\"}},{\"type\":\"text\",\"props\":{\"column_breakpoint\":\"m\",\"content\":\"\n\n<div id=\\\"lipsum\\\">\\n\n\n<p>Steigern Sie als Sponsor Ihre Markenbekanntheit und nutzen Sie unsere einzigartige Tagungslocation kostenlos. Auch Ihr Sponsoringbetrag ist steuerlich absetzbar.<\\\/p>\\n\n\n<p>Indem Sie \\u201eFreund des Ram Tower Ship Buffel\\u201c werden, unterst\\u00fctzen Sie unsere Stiftung, erhalten aber auch eine Gegenleistung.<\\\/p>\\n\n\n<p>Vom Admiral bis zum Lieutenant Commander k\\u00f6nnen Ihre Firmenlogos auf einem Zeitungs-\\\/Videobildschirm an Bord der Buffel angezeigt werden. Dies erh\\u00f6ht die Markenbekanntheit bei den mehr als 7.000 Besuchern, die wir j\\u00e4hrlich empfangen (Dauer abh\\u00e4ngig vom Rang).<br \\\/>Ihr Firmenname und Ihr Logo erscheinen auf der auf der Buffel-Website (debuffel.nl) ver\\u00f6ffentlichten Liste.<br \\\/>Ihre Unternehmenswebsite finden Sie \\u00fcber die Buffel-Website (www.debuffel.nl) und unsere Social-Media-Kan\\u00e4le (Facebook, Instagram und LinkedIn).<br \\\/>Zweimal im Jahr erhalten \\u201eFriends of Ram Tower Ship Buffel\\u201c einen Newsletter \\u00fcber die Besonderheiten des Schiffes und der Gr\\u00fcndung, in dem auch Ihr Firmenname enthalten ist.<br \\\/>Jedes Jahr wird an Bord der Buffel ein \\u201eFreundesabend\\u201c organisiert. Eine gro\\u00dfartige Gelegenheit zum Networking.<br \\\/>Der Buffel ist eine spektakul\\u00e4re Kulisse f\\u00fcr die Werbeaktivit\\u00e4ten Ihres Unternehmens. Nach Absprache k\\u00f6nnen Sie unsere sch\\u00f6ne Location nutzen.<\\\/p>\\n\n\n<p>Je nach Sponsorenrang k\\u00f6nnen Sie unsere Location ein- oder mehrmals f\\u00fcr Meetings, einen Empfang oder eine andere Veranstaltung nutzen. Sie k\\u00f6nnen den Langraum (20 \\u2013 35 Personen) und\\\/oder das Brunnendeck (100 Personen) nutzen. Die Verpflegung ist \\u00fcber unsere ausgew\\u00e4hlten Partner m\\u00f6glich, die Kosten gehen selbstverst\\u00e4ndlich zu Ihren Lasten. Gerne denken wir gemeinsam mit Ihnen \\u00fcber die M\\u00f6glichkeiten nach.<\\\/p>\\n\n\n<p>Die Stiftung \\u201eRamtorenschip Buffalo\\u201c hat ANBI-Status. Sponsoringgelder sind von der Einkommens- und K\\u00f6rperschaftssteuer abzugsf\\u00e4hig, wenn sie an eine gemeinn\\u00fctzige Einrichtung (ANBI) gezahlt werden. Weitere Informationen: www.taxdienst.nl\\\/rekenhulpen\\\/anbi.<\\\/p>\\n<\\\/div>\",\"margin\":\"default\"}}]}]},{\"type\":\"row\",\"props\":{\"column_gap\":\"collapse\",\"css\":\".el-row {\\n  padding-left: 10px;\\n    padding-right: 10px;}\",\"margin\":\"default\",\"row_gap\":\"collapse\",\"width\":\"default\"},\"children\":[{\"type\":\"column\",\"props\":{\"image_position\":\"center-center\",\"padding\":\"none\",\"position_sticky_breakpoint\":\"m\",\"position_sticky_offset\":\"50vh -50%\",\"style\":\"tile-default\"},\"children\":[{\"type\":\"headline\",\"props\":{\"content\":\"Sponsoring durch Privatpersonen\",\"title_element\":\"h1\",\"title_style\":\"h3\"}},{\"type\":\"text\",\"props\":{\"column_breakpoint\":\"m\",\"content\":\"\n\n<div id=\\\"lipsum\\\">\\n\n\n<p>Nat\\u00fcrlich k\\u00f6nnen Sie auch als Privatperson ein Freund von De Buffel werden. Freunde des Ramtorenschip de Buffel sind in einer auf der Buffel-Website (www.debuffel.nl) ver\\u00f6ffentlichten Liste aufgef\\u00fchrt. (Das ist nat\\u00fcrlich nicht notwendig, wenn Sie es w\\u00fcnschen).<\\\/p>\\n\n\n<p>Je nach gew\\u00e4hltem Rang erhalten Sie eine oder mehrere Jahreskarten, mit denen Sie freien Zugang zum Ram Tower Ship Buffalo erhalten oder den Platz auf dem Schiff einmal oder mehrmals kostenlos nutzen k\\u00f6nnen, beispielsweise f\\u00fcr einen einzigartigen Geburtstag.<\\\/p>\\n\n\n<p>Als zuk\\u00fcnftiger \\u201eFreund von Ramtorenschip Buffel\\u201c k\\u00f6nnen Sie einen Rang mit den damit verbundenen Privilegien w\\u00e4hlen:<\\\/p>\\n<\\\/div>\",\"margin\":\"default\"}}]}]},{\"type\":\"row\",\"props\":{\"column_gap\":\"collapse\",\"css\":\".el-row {\\n  padding-left: 10px;\\n    padding-right: 10px;}\",\"margin\":\"default\",\"row_gap\":\"collapse\",\"width\":\"default\"},\"children\":[{\"type\":\"column\",\"props\":{\"image_position\":\"center-center\",\"padding\":\"none\",\"position_sticky_breakpoint\":\"m\",\"position_sticky_offset\":\"50vh -50%\",\"style\":\"tile-default\"},\"children\":[{\"type\":\"table\",\"props\":{\"image_svg_color\":\"emphasis\",\"link_style\":\"default\",\"link_text\":\"Read more\",\"meta_style\":\"text-large\",\"show_content\":true,\"show_image\":true,\"show_link\":true,\"show_meta\":true,\"show_title\":true,\"table_head_content\":\"Privilege\",\"table_head_meta\":\"Bedrag\",\"table_head_title\":\"Rang\",\"table_last_align\":\"right\",\"table_order\":\"4\",\"table_responsive\":\"overflow\",\"table_size\":\"small\",\"table_style\":\"striped\",\"table_vertical_align\":true,\"table_width_meta\":\"\",\"table_width_title\":\"\"},\"children\":[{\"type\":\"table_item\",\"props\":{\"content\":\"\n\n<p>Verwenden Sie Longroom zweimal im Jahr<br \\\/>2 Jahreskarten<br \\\/>30 Eintrittskarten<\\\/p>\",\"image\":\"wp-content\\\/uploads\\\/2024\\\/04\\\/Admiraal.jpg\",\"meta\":\"\\u20ac 1.250\",\"title\":\"Admiral\"}},{\"type\":\"table_item\",\"props\":{\"content\":\"\n\n<p>Verwenden Sie Longroom einmal im Jahr<br \\\/>2 Jahreskarten<br \\\/>25 Eintrittskarten<\\\/p>\",\"image\":\"wp-content\\\/uploads\\\/2024\\\/04\\\/ViceAdmiraal.jpg\",\"meta\":\"\\u20ac 1.000\",\"title\":\"Vizeadmiral\"}},{\"type\":\"table_item\",\"props\":{\"content\":\"\n\n<p>Verwenden Sie Longroom einmal im Jahr<br \\\/>2 Jahreskarten<br \\\/>20 Eintrittskarten<\\\/p>\",\"image\":\"wp-content\\\/uploads\\\/2024\\\/04\\\/Schoutbijnacht.jpg\",\"meta\":\"\\u20ac 750\",\"title\":\"Konteradmiral\"}},{\"type\":\"table_item\",\"props\":{\"content\":\"\n\n<p>Verwenden Sie Longroom einmal im Jahr<br \\\/>2 Jahreskarten<br \\\/>10 Eintrittskarten<\\\/p>\",\"image\":\"wp-content\\\/uploads\\\/2024\\\/04\\\/Commandeur.jpg\",\"meta\":\"\\u20ac 650\",\"title\":\"Kommandant\"}},{\"type\":\"table_item\",\"props\":{\"content\":\"\n\n<p>Verwenden Sie Longroom einmal im Jahr<br \\\/>10 Eintrittskarten<\\\/p>\",\"image\":\"wp-content\\\/uploads\\\/2024\\\/04\\\/Kapitein.jpg\",\"meta\":\"\\u20ac 500\",\"title\":\"Kapit\\u00e4n zur See\"}},{\"type\":\"table_item\",\"props\":{\"content\":\"\n\n<p>Verwenden Sie Kuildek einmal im Jahr<br \\\/>20 Eintrittskarten<\\\/p>\",\"image\":\"wp-content\\\/uploads\\\/2024\\\/04\\\/Luitenant.jpg\",\"meta\":\"\\u20ac 375\",\"title\":\"Marineleutnant\"}},{\"type\":\"table_item\",\"props\":{\"content\":\"\n\n<p>2 Jahreskarten<br \\\/>10 Eintrittskarten<\\\/p>\",\"image\":\"wp-content\\\/uploads\\\/2024\\\/04\\\/Sergeant.jpg\",\"meta\":\"\\u20ac 225\",\"title\":\"Sergeant\"}},{\"type\":\"table_item\",\"props\":{\"content\":\"\n\n<p>2 Jahreskarten<\\\/p>\",\"image\":\"wp-content\\\/uploads\\\/2024\\\/04\\\/Korporaal.jpg\",\"meta\":\"\\u20ac 150\",\"title\":\"Korporal\"}},{\"type\":\"table_item\",\"props\":{\"content\":\"\n\n<p>1 Jahreskarte<\\\/p>\",\"image\":\"wp-content\\\/uploads\\\/2024\\\/04\\\/Matroos.jpg\",\"meta\":\"\\u20ac 75\",\"title\":\"Matrose\"}}]},{\"type\":\"image\",\"props\":{\"image\":\"wp-content\\\/uploads\\\/2024\\\/04\\\/Top-image-Steun-ons1.jpg\",\"image_svg_color\":\"emphasis\",\"margin\":\"default\"}}]}]},{\"type\":\"row\",\"children\":[{\"type\":\"column\",\"props\":{\"image_position\":\"center-center\",\"position_sticky_breakpoint\":\"m\"},\"children\":[{\"type\":\"module_position\",\"props\":{\"breakpoint\":\"m\",\"content\":\"builder-3\",\"layout\":\"stack\"}}]}]}]}]}]}],\"name\":\"navigatie\"}],\"version\":\"4.3.12\"} --><\/p>\n","protected":false},"excerpt":{"rendered":"<p>Unterst\u00fctze uns Durch Ihre Unterst\u00fctzung unserer Stiftung tragen Sie zum Erhalt des Museumsschiffes Buffel bei. Obwohl die Stiftung ausschlie\u00dflich aus Freiwilligen besteht, kostet der Unterhalt dieses sch\u00f6nen Schiffes auch Geld. Indem Sie uns finanziell unterst\u00fctzen, erm\u00f6glichen Sie es mehr als 7.000 Besuchern j\u00e4hrlich, unsere reiche maritime Vergangenheit kennenzulernen. Ein Sponsor wird automatisch \u201eFreund von Ramtorenschip [&hellip;]<\/p>\n","protected":false},"author":1,"featured_media":0,"parent":0,"menu_order":0,"comment_status":"closed","ping_status":"closed","template":"","meta":{"_acf_changed":false,"footnotes":""},"class_list":["post-2889","page","type-page","status-publish","hentry"],"acf":[],"_links":{"self":[{"href":"https:\/\/debuffel.nl\/de\/wp-json\/wp\/v2\/pages\/2889","targetHints":{"allow":["GET"]}}],"collection":[{"href":"https:\/\/debuffel.nl\/de\/wp-json\/wp\/v2\/pages"}],"about":[{"href":"https:\/\/debuffel.nl\/de\/wp-json\/wp\/v2\/types\/page"}],"author":[{"embeddable":true,"href":"https:\/\/debuffel.nl\/de\/wp-json\/wp\/v2\/users\/1"}],"replies":[{"embeddable":true,"href":"https:\/\/debuffel.nl\/de\/wp-json\/wp\/v2\/comments?post=2889"}],"version-history":[{"count":6,"href":"https:\/\/debuffel.nl\/de\/wp-json\/wp\/v2\/pages\/2889\/revisions"}],"predecessor-version":[{"id":2984,"href":"https:\/\/debuffel.nl\/de\/wp-json\/wp\/v2\/pages\/2889\/revisions\/2984"}],"wp:attachment":[{"href":"https:\/\/debuffel.nl\/de\/wp-json\/wp\/v2\/media?parent=2889"}],"curies":[{"name":"wp","href":"https:\/\/api.w.org\/{rel}","templated":true}]}}