{"id":2891,"date":"2024-04-02T18:20:55","date_gmt":"2024-04-02T16:20:55","guid":{"rendered":"https:\/\/debuffel.nl\/ehrenamtliche-arbeit-bei\/"},"modified":"2024-04-24T12:16:31","modified_gmt":"2024-04-24T10:16:31","slug":"ehrenamtliche-arbeit-bei","status":"publish","type":"page","link":"https:\/\/debuffel.nl\/de\/ehrenamtliche-arbeit-bei\/","title":{"rendered":"Ehrenamtliche Arbeit bei"},"content":{"rendered":"<p><a href=\"\/de\/\"><img decoding=\"async\" src=\"\/wp-content\/uploads\/2024\/03\/Logo-De-Buffel.svg\" alt=\"\"><\/a><br \/>\n<img decoding=\"async\" src=\"\/wp-content\/uploads\/2024\/04\/Top-image-Vacatures.jpg\" alt=\"\"><\/p>\n<h1>Freiwilligenarbeit im Marinemuseum De Buffel<\/h1>\n<h1>Wir suchen motivierte Freiwillige f\u00fcr verschiedene Aufgaben<\/h1>\n<div>\n<div id=\"lipsum\">\n<ul>\n<li>Gastgeber und Gastgeberin<\/li>\n<li>Reisef\u00fchrer<\/li>\n<li>Menschen mit zwei rechten H\u00e4nden<\/li>\n<li>Kassierer<\/li>\n<li>unterst\u00fctzen Catering-Aktivit\u00e4ten<\/li>\n<li>unterst\u00fctzen Museumsaktivit\u00e4ten<\/li>\n<\/ul>\n<\/div>\n<\/div>\n<h1>Interessiert?<br \/>Dann vereinbaren Sie einen Termin f\u00fcr weitere Informationen<br \/><a href=\"mailto:info@debuffel.nl\" tabindex=\"-1\">info@debuffel.nl<\/a> of 06 3049 4685<\/h1>\n<p><!--more--><br \/>\n<!-- {\"type\":\"layout\",\"children\":[{\"type\":\"section\",\"props\":{\"image_position\":\"center-center\",\"padding\":\"none\",\"padding_remove_bottom\":true,\"style\":\"default\",\"title_breakpoint\":\"xl\",\"title_position\":\"top-left\",\"title_rotation\":\"left\",\"vertical_align\":\"middle\",\"width\":\"expand\"},\"children\":[{\"type\":\"row\",\"props\":{\"column_gap\":\"collapse\",\"css\":\".uk-nav-primary> li > a {\\nbackground: linear-gradient(#ffffff 0 0) no-repeat;\\n  background-size: 0%;\\n  transition: .4s;\\npadding: 5px}\\n\\n.uk-nav-primary > li > a:hover {\\n  background-size: 100%;\\n  transition: .4s;}\\n\\n.uk-nav-sub > li > a {\\nbackground: linear-gradient(#ffffff 0 0) no-repeat;\\n  background-size: 0%;\\n  transition: .4s;\\npadding: 5px}\\n\\n.uk-nav-sub > li > a:hover {\\n  background-size: 100%;\\n  transition: .4s;}\\n\\n.uk-nav-sub li.uk-active > a {\\nbackground: linear-gradient(#ffffff 0 0) no-repeat;\\n  background-size: 100%;}\",\"layout\":\"large,expand\",\"margin\":\"remove-vertical\",\"parallax\":true,\"parallax_end\":\"100vh\",\"parallax_start\":\"100vh\",\"width\":\"expand\"},\"children\":[{\"type\":\"column\",\"props\":{\"css\":\".el-column { background: linear-gradient(260deg,#1A2980,#2684c4);}\\n\\n.el-element { padding-left: 40px;}\",\"image_position\":\"center-center\",\"position_sticky\":\"column\",\"position_sticky_breakpoint\":\"m\",\"width_medium\":\"medium\"},\"children\":[{\"type\":\"image\",\"props\":{\"image\":\"wp-content\\\/uploads\\\/2024\\\/03\\\/Logo-De-Buffel.svg\",\"image_svg_color\":\"emphasis\",\"image_width\":200,\"link\":\"de\\\/\",\"margin\":\"default\",\"position\":\"absolute\",\"position_left\":\"-15\",\"text_align\":\"center\",\"visibility\":\"l\"}},{\"type\":\"module_position\",\"props\":{\"animation\":\"none\",\"breakpoint\":\"m\",\"content\":\"sidebar\",\"layout\":\"stack\",\"position\":\"relative\",\"position_left\":\"-10\",\"position_top\":\"40vh\",\"visibility\":\"l\"}},{\"type\":\"module_position\",\"props\":{\"animation\":\"none\",\"breakpoint\":\"m\",\"class\":\"uk-sticky\",\"content\":\"builder-1\",\"css\":\".el-element a { font-size: 18px;}\",\"layout\":\"stack\",\"margin\":\"remove-vertical\",\"position\":\"absolute\",\"position_bottom\":\"-80vh\",\"position_left\":\"-10\",\"vertical_align\":false,\"visibility\":\"l\"}}]},{\"type\":\"column\",\"props\":{\"image_position\":\"center-center\",\"position_sticky_breakpoint\":\"m\",\"width_medium\":\"expand\"},\"children\":[{\"type\":\"fragment\",\"props\":{\"margin\":\"default\"},\"children\":[{\"type\":\"row\",\"props\":{\"class\":\"uk-visible@m\",\"column_gap\":\"collapse\",\"height\":\"viewport\",\"height_offset_top\":true,\"height_viewport\":60,\"margin\":\"remove-vertical\",\"parallax\":false,\"row_gap\":\"collapse\",\"width\":\"expand\"},\"children\":[{\"type\":\"column\",\"props\":{\"image\":\"wp-content\\\/uploads\\\/2024\\\/04\\\/Top-image-Vacatures.jpg\",\"image_effect\":\"parallax\",\"image_parallax_bgy\":\"80\",\"image_parallax_target\":\"![class*='uk-section-'] ~ [class*='uk-section-']\",\"image_position\":\"center-center\",\"padding\":\"none\",\"position_sticky_breakpoint\":\"m\",\"position_sticky_offset\":\"100px\"}}]},{\"type\":\"row\",\"props\":{\"class\":\"uk-hidden@m\",\"margin_remove_top\":true},\"children\":[{\"type\":\"column\",\"props\":{\"image_position\":\"center-center\",\"position_sticky_breakpoint\":\"m\"},\"children\":[{\"type\":\"image\",\"props\":{\"image\":\"wp-content\\\/uploads\\\/2024\\\/04\\\/Top-image-Vacatures.jpg\",\"image_svg_color\":\"emphasis\",\"margin\":\"default\"}}]}]},{\"type\":\"row\",\"props\":{\"column_gap\":\"collapse\",\"css\":\".el-row {\\n  padding-left: 10px;\\n    padding-right: 10px;}\",\"margin\":\"default\",\"row_gap\":\"collapse\",\"width\":\"default\"},\"children\":[{\"type\":\"column\",\"props\":{\"image_position\":\"center-center\",\"padding\":\"none\",\"position_sticky_breakpoint\":\"m\",\"position_sticky_offset\":\"50vh -50%\",\"style\":\"tile-default\"},\"children\":[{\"type\":\"headline\",\"props\":{\"content\":\"Freiwilligenarbeit im Marinemuseum De Buffel\",\"title_element\":\"h1\"}},{\"type\":\"headline\",\"props\":{\"content\":\"Wir suchen motivierte Freiwillige f\\u00fcr verschiedene Aufgaben\",\"title_element\":\"h1\",\"title_style\":\"h3\"}},{\"type\":\"text\",\"props\":{\"column_breakpoint\":\"m\",\"content\":\"\n\n<div id=\\\"lipsum\\\">\\n\n\n<ul>\\n\n\n<li>Gastgeber und Gastgeberin<\\\/li>\\n\n\n<li>Reisef\\u00fchrer<\\\/li>\\n\n\n<li>Menschen mit zwei rechten H\\u00e4nden<\\\/li>\\n\n\n<li>Kassierer<\\\/li>\\n\n\n<li>unterst\\u00fctzen Catering-Aktivit\\u00e4ten<\\\/li>\\n\n\n<li>unterst\\u00fctzen Museumsaktivit\\u00e4ten<\\\/li>\\n<\\\/ul>\\n<\\\/div>\",\"margin\":\"default\"}},{\"type\":\"headline\",\"props\":{\"content\":\"Interessiert?<br \\\/>Dann vereinbaren Sie einen Termin f\\u00fcr weitere Informationen<br \\\/><a href=\\\"mailto:info@debuffel.nl\\\" tabindex=\\\"-1\\\">info@debuffel.nl<\\\/a> of 06 3049 4685\",\"title_element\":\"h1\",\"title_style\":\"h3\"}}]}]},{\"type\":\"row\",\"children\":[{\"type\":\"column\",\"props\":{\"image_position\":\"center-center\",\"position_sticky_breakpoint\":\"m\"},\"children\":[{\"type\":\"module_position\",\"props\":{\"breakpoint\":\"m\",\"content\":\"builder-3\",\"layout\":\"stack\"}}]}]}]}]}]}],\"name\":\"navigatie\"}],\"version\":\"4.3.12\"} --><\/p>\n","protected":false},"excerpt":{"rendered":"<p>Freiwilligenarbeit im Marinemuseum De Buffel Wir suchen motivierte Freiwillige f\u00fcr verschiedene Aufgaben Gastgeber und Gastgeberin Reisef\u00fchrer Menschen mit zwei rechten H\u00e4nden Kassierer unterst\u00fctzen Catering-Aktivit\u00e4ten unterst\u00fctzen Museumsaktivit\u00e4ten Interessiert?Dann vereinbaren Sie einen Termin f\u00fcr weitere Informationeninfo@debuffel.nl of 06 3049 4685<\/p>\n","protected":false},"author":1,"featured_media":0,"parent":0,"menu_order":0,"comment_status":"closed","ping_status":"closed","template":"","meta":{"_acf_changed":false,"footnotes":""},"class_list":["post-2891","page","type-page","status-publish","hentry"],"acf":[],"_links":{"self":[{"href":"https:\/\/debuffel.nl\/de\/wp-json\/wp\/v2\/pages\/2891","targetHints":{"allow":["GET"]}}],"collection":[{"href":"https:\/\/debuffel.nl\/de\/wp-json\/wp\/v2\/pages"}],"about":[{"href":"https:\/\/debuffel.nl\/de\/wp-json\/wp\/v2\/types\/page"}],"author":[{"embeddable":true,"href":"https:\/\/debuffel.nl\/de\/wp-json\/wp\/v2\/users\/1"}],"replies":[{"embeddable":true,"href":"https:\/\/debuffel.nl\/de\/wp-json\/wp\/v2\/comments?post=2891"}],"version-history":[{"count":5,"href":"https:\/\/debuffel.nl\/de\/wp-json\/wp\/v2\/pages\/2891\/revisions"}],"predecessor-version":[{"id":2970,"href":"https:\/\/debuffel.nl\/de\/wp-json\/wp\/v2\/pages\/2891\/revisions\/2970"}],"wp:attachment":[{"href":"https:\/\/debuffel.nl\/de\/wp-json\/wp\/v2\/media?parent=2891"}],"curies":[{"name":"wp","href":"https:\/\/api.w.org\/{rel}","templated":true}]}}